{"id":27428,"date":"2025-04-19T18:46:27","date_gmt":"2025-04-19T16:46:27","guid":{"rendered":"https:\/\/italiansublimefood.com\/?post_type=product&#038;p=27428"},"modified":"2025-10-07T08:53:48","modified_gmt":"2025-10-07T06:53:48","slug":"funghi-di-muschio-180g-sommariva","status":"publish","type":"product","link":"https:\/\/italiansublimefood.com\/it\/prodotto\/funghi-di-muschio-180g-sommariva\/","title":{"rendered":"FUNGHI di Muschio 180g &#8211; Sommariva"},"content":{"rendered":"","protected":false},"excerpt":{"rendered":"<p><strong>Funghi\u00a0di Muschio\u00a0pronti sulla tua tavola!<br \/>\n<\/strong>I\u00a0<strong>Funghi di Muschio Sommariva<\/strong> sono ottenuti selezionando funghi di muschio e invasandoli manualmente. Viene aggiunto quindi il nostro\u00a0<strong>olio extravergine di oliva<\/strong> di qualit\u00e0 superiore, per esaltare ancor pi\u00f9 il gusto unico e naturale di questo prodotto. Il risultato \u00e8 un<span>\u00a0<\/span><strong>alimento buono e genuino<\/strong>, perfetto sia da gustare come spuntino, sia per accompagnare come contorno i secondi piatti pi\u00f9 tipici.<\/p>\n<p>I Funghi di Muschio Sommariva sono disponibili in pratico vasetto di vetro da 180 g.<\/p>\n<div class=\"specifiche_tit\">INGREDIENTI:\u00a0Funghi di muschio 74% (volvaria volvacea), olio extra vergine di oliva 24%, aceto di vino (contiene solfiti*), sale, piante aromatiche,\u00a0 spezie, acido citrico E330, acido ascorbico E300.<\/div>\n<div class=\"specifiche_tit\">ALLERGENI: Gli ingredienti, compresi i cereali che contengono glutine, possono provocare allergie o intolleranze.<\/p>\n<p>VALORI NUTRIZIONALI MEDI PER 100 G: Energia 910 kJ &#8211; 221 kcal. Grassi 22,0 g Di cui acidi grassi saturi 3,3 g Di cui acidi grassi monoinsaturi 0 g Di cui acidi grassi polinsaturi 0 g. Carboidrati 3,5 g Di cui zuccheri 1,3 g. Fibre 0 g. Proteine 1,9 g. Sale 0,7 g.<br \/>\nOGM: Il prodotto non contiene Organismi Geneticamente Modificati in conformit\u00e0 ai Reg.CE 1829\/2003 e 1830\/2003.<br \/>\nRINTRACCIABILIT\u00c0: Origine ingredienti: UE\/Non UE<\/p><\/div>\n","protected":false},"featured_media":27429,"template":"","meta":[],"product_brand":[],"product_cat":[177],"product_tag":[],"class_list":{"0":"post-27428","1":"product","2":"type-product","3":"status-publish","4":"has-post-thumbnail","6":"product_cat-conserve-e-sughi","8":"first","9":"instock","10":"taxable","11":"shipping-taxable","12":"purchasable","13":"product-type-simple"},"_links":{"self":[{"href":"https:\/\/italiansublimefood.com\/it\/wp-json\/wp\/v2\/product\/27428","targetHints":{"allow":["GET"]}}],"collection":[{"href":"https:\/\/italiansublimefood.com\/it\/wp-json\/wp\/v2\/product"}],"about":[{"href":"https:\/\/italiansublimefood.com\/it\/wp-json\/wp\/v2\/types\/product"}],"wp:featuredmedia":[{"embeddable":true,"href":"https:\/\/italiansublimefood.com\/it\/wp-json\/wp\/v2\/media\/27429"}],"wp:attachment":[{"href":"https:\/\/italiansublimefood.com\/it\/wp-json\/wp\/v2\/media?parent=27428"}],"wp:term":[{"taxonomy":"product_brand","embeddable":true,"href":"https:\/\/italiansublimefood.com\/it\/wp-json\/wp\/v2\/product_brand?post=27428"},{"taxonomy":"product_cat","embeddable":true,"href":"https:\/\/italiansublimefood.com\/it\/wp-json\/wp\/v2\/product_cat?post=27428"},{"taxonomy":"product_tag","embeddable":true,"href":"https:\/\/italiansublimefood.com\/it\/wp-json\/wp\/v2\/product_tag?post=27428"}],"curies":[{"name":"wp","href":"https:\/\/api.w.org\/{rel}","templated":true}]}}