{"id":27359,"date":"2025-04-19T17:04:17","date_gmt":"2025-04-19T15:04:17","guid":{"rendered":"https:\/\/italiansublimefood.com\/?post_type=product&#038;p=27359"},"modified":"2025-12-04T10:45:53","modified_gmt":"2025-12-04T09:45:53","slug":"pesto-genovese-con-basilico-100g-sommariva","status":"publish","type":"product","link":"https:\/\/italiansublimefood.com\/it\/prodotto\/pesto-genovese-con-basilico-100g-sommariva\/","title":{"rendered":"Pesto Genovese con Basilico &#8211; 100g &#8211; Sommariva"},"content":{"rendered":"","protected":false},"excerpt":{"rendered":"<p><strong>Il pi\u00f9 classico condimento Ligure.\u00a0<\/strong>Dalla tradizione agricola Sommariva, l\u2019eccellenza del prodotto tipico ligure.\u00a0Il<strong>\u00a0Pesto Genovese\u00a0\u00e8 preparato secondo la ricetta tradizionale genovese<\/strong> utilizzando solo ingredienti di altissima qualit\u00e0. Tutta la genuinit\u00e0 di un prodotto unico nel suo genere, cos\u00ec buono, gustoso e delicato da poter essere usato sia sui primi della cucina ligure, sia gustato direttamente su crostini o per dare un tocco di sapore in pi\u00f9 ad un polpo in insalata.<\/p>\n<p>Disponibile in vaso in vetro nella confezione da 100 g.<\/p>\n<div class=\"specifiche_tit\">INGREDIENTI:\u00a0Olio extra vergine di oliva, basilico 28%, anacardi*, Parmigiano Reggiano D.O.P.*, sale, pinoli, aglio.<\/p>\n<div class=\"specifiche_tit\">ALLERGENI: Gli ingredienti, compresi i cereali che contengono glutine, possono provocare allergie o intolleranze.<\/p>\n<p>VALORI NUTRIZIONALI MEDI PER 100 G: Energia 2146 kJ &#8211; 521 kcal. Grassi 54,1 g Di cui acidi grassi saturi 8,7 g Di cui acidi grassi monoinsaturi 0 g Di cui acidi grassi polinsaturi 0 g. Carboidrati 0,7 g Di cui zuccheri 0,5 g. Fibre 0 g. Proteine 6,9 g. Sale 3,8 g.<\/p>\n<div class=\"specifiche_tit\">OGM:\u00a0Il prodotto non contiene Organismi Geneticamente Modificati in conformit\u00e0 ai Reg.CE 1829\/2003 e 1830\/2003.<\/div>\n<div class=\"specifiche_tit\">RINTRACCIABILIT\u00c0:\u00a0Origine ingredienti: ITALIA<\/div>\n<\/div>\n<\/div>\n","protected":false},"featured_media":27360,"template":"","meta":[],"product_brand":[],"product_cat":[177],"product_tag":[],"class_list":{"0":"post-27359","1":"product","2":"type-product","3":"status-publish","4":"has-post-thumbnail","6":"product_cat-conserve-e-sughi","8":"first","9":"instock","10":"taxable","11":"shipping-taxable","12":"purchasable","13":"product-type-simple"},"_links":{"self":[{"href":"https:\/\/italiansublimefood.com\/it\/wp-json\/wp\/v2\/product\/27359","targetHints":{"allow":["GET"]}}],"collection":[{"href":"https:\/\/italiansublimefood.com\/it\/wp-json\/wp\/v2\/product"}],"about":[{"href":"https:\/\/italiansublimefood.com\/it\/wp-json\/wp\/v2\/types\/product"}],"wp:featuredmedia":[{"embeddable":true,"href":"https:\/\/italiansublimefood.com\/it\/wp-json\/wp\/v2\/media\/27360"}],"wp:attachment":[{"href":"https:\/\/italiansublimefood.com\/it\/wp-json\/wp\/v2\/media?parent=27359"}],"wp:term":[{"taxonomy":"product_brand","embeddable":true,"href":"https:\/\/italiansublimefood.com\/it\/wp-json\/wp\/v2\/product_brand?post=27359"},{"taxonomy":"product_cat","embeddable":true,"href":"https:\/\/italiansublimefood.com\/it\/wp-json\/wp\/v2\/product_cat?post=27359"},{"taxonomy":"product_tag","embeddable":true,"href":"https:\/\/italiansublimefood.com\/it\/wp-json\/wp\/v2\/product_tag?post=27359"}],"curies":[{"name":"wp","href":"https:\/\/api.w.org\/{rel}","templated":true}]}}