{"id":27341,"date":"2025-04-19T13:01:31","date_gmt":"2025-04-19T11:01:31","guid":{"rendered":"https:\/\/italiansublimefood.com\/?post_type=product&#038;p=27341"},"modified":"2025-12-04T10:45:56","modified_gmt":"2025-12-04T09:45:56","slug":"olive-nere-snocciolate-in-salamoia-sommariva","status":"publish","type":"product","link":"https:\/\/italiansublimefood.com\/it\/prodotto\/olive-nere-snocciolate-in-salamoia-sommariva\/","title":{"rendered":"OLIVE NERE Snocciolate in salamoia &#8211; Sommariva"},"content":{"rendered":"","protected":false},"excerpt":{"rendered":"<p><strong>&#8220;Le olive nere snocciolate in salamoia&#8221;&#8230; un classico della tradizione italiana!<\/strong><\/p>\n<p>Il gusto unico delle olive nere unito alla comodit\u00e0 di utilizzo del frutto snocciolato rende queste olive un alimento immancabile in ogni cucina.<br \/>\n<strong>Olive, sale, acqua<\/strong>\u00a0\u2013 ingredienti semplici che aggiungono ad ogni piatto il dettaglio saporito che lo render\u00e0 unico.<\/p>\n<p>Disponibili nel vaso i vetro da 120g, 460g e 1900g.<\/p>\n<div class=\"specifiche_tit\">INGREDIENTI:\u00a0Olive nere \u201cTaggiasche\u201d, acqua, sale.<br \/>\n<em><em>L&#8217;eventuale formazione di una pellicola bianca sulla salamoia \u00e8 normale ed \u00e8 indice di genuinit\u00e0 del prodotto. Risciacquare le olive in acqua corrente prima dell&#8217;uso.<br \/>\n<\/em><\/em><\/p>\n<div class=\"specifiche_tit\">\n<p>ALLERGENI: Gli ingredienti, compresi i cereali che contengono glutine, possono provocare allergie o intolleranze.<\/p>\n<p>VALORI NUTRIZIONALI MEDI PER 100 G: Energia 800 kJ &#8211; 194 kcal. Grassi 20,0 g Di cui acidi grassi saturi 3,0 g Di cui acidi grassi monoinsaturi 0 g Di cui acidi grassi polinsaturi 0 g. Carboidrati 3,2 g Di cui zuccheri 0 g. Fibre 0 g. Proteine 1,4 g. Sale 5,2 g.<\/p>\n<div class=\"specifiche_tit\">OGM:\u00a0Il prodotto non contiene Organismi Geneticamente Modificati in conformit\u00e0 ai Reg.CE 1829\/2003 e 1830\/2003.<\/div>\n<div class=\"specifiche_tit\">RINTRACCIABILIT\u00c0:\u00a0Origine delle olive: ITALIA<\/div>\n<\/div>\n<\/div>\n<p>&nbsp;<\/p>\n","protected":false},"featured_media":27342,"template":"","meta":[],"product_brand":[],"product_cat":[177],"product_tag":[],"class_list":{"0":"post-27341","1":"product","2":"type-product","3":"status-publish","4":"has-post-thumbnail","6":"product_cat-conserve-e-sughi","8":"first","9":"instock","10":"taxable","11":"shipping-taxable","12":"purchasable","13":"product-type-variable"},"_links":{"self":[{"href":"https:\/\/italiansublimefood.com\/it\/wp-json\/wp\/v2\/product\/27341","targetHints":{"allow":["GET"]}}],"collection":[{"href":"https:\/\/italiansublimefood.com\/it\/wp-json\/wp\/v2\/product"}],"about":[{"href":"https:\/\/italiansublimefood.com\/it\/wp-json\/wp\/v2\/types\/product"}],"wp:featuredmedia":[{"embeddable":true,"href":"https:\/\/italiansublimefood.com\/it\/wp-json\/wp\/v2\/media\/27342"}],"wp:attachment":[{"href":"https:\/\/italiansublimefood.com\/it\/wp-json\/wp\/v2\/media?parent=27341"}],"wp:term":[{"taxonomy":"product_brand","embeddable":true,"href":"https:\/\/italiansublimefood.com\/it\/wp-json\/wp\/v2\/product_brand?post=27341"},{"taxonomy":"product_cat","embeddable":true,"href":"https:\/\/italiansublimefood.com\/it\/wp-json\/wp\/v2\/product_cat?post=27341"},{"taxonomy":"product_tag","embeddable":true,"href":"https:\/\/italiansublimefood.com\/it\/wp-json\/wp\/v2\/product_tag?post=27341"}],"curies":[{"name":"wp","href":"https:\/\/api.w.org\/{rel}","templated":true}]}}