{"id":27312,"date":"2025-04-19T12:27:02","date_gmt":"2025-04-19T10:27:02","guid":{"rendered":"https:\/\/italiansublimefood.com\/?post_type=product&#038;p=27312"},"modified":"2025-12-04T10:46:06","modified_gmt":"2025-12-04T09:46:06","slug":"olive-taggiasche-liguri-in-salamoia-vaso-di-vetro-sommariva","status":"publish","type":"product","link":"https:\/\/italiansublimefood.com\/it\/prodotto\/olive-taggiasche-liguri-in-salamoia-vaso-di-vetro-sommariva\/","title":{"rendered":"OLIVE &#8220;Taggiasche Liguri&#8221; in salamoia &#8211; Vaso di vetro &#8211; Sommariva"},"content":{"rendered":"","protected":false},"excerpt":{"rendered":"<p><strong>Le olive nere \u201cTaggiasche\u201d in salamoia&#8230; classico della tradizione italiana! <\/strong>Il gusto della Oliva Taggiasca in vetro. Il gusto unico delle olive nere rende queste olive un alimento immancabile in ogni cucina e perfetto per un gustoso aperitivo.<\/p>\n<p><strong>Olive, sale, acqua<\/strong>\u00a0\u2013 ingredienti semplici che aggiungono ad ogni piatto il dettaglio saporito che lo render\u00e0 unico.<\/p>\n<p>Disponibili in vaso nel formato da 120g e 500g.<\/p>\n<div class=\"specifiche_tit\">INGREDIENTI:\u00a0Olive nere \u201cTaggiasche\u201d, acqua, sale.<br \/>\n<em>L&#8217;eventuale formazione di una pellicola bianca sulla salamoia \u00e8 normale ed \u00e8 indice di genuinit\u00e0 del prodotto. Risciacquare le olive in acqua corrente prima dell&#8217;uso.<\/em><\/div>\n<div class=\"specifiche_tit\">ALLERGENI: Gli ingredienti, compresi i cereali che contengono glutine, possono provocare allergie o intolleranze.<br \/>\nVALORI NUTRIZIONALI MEDI PER 100 G: Energia 800 kJ &#8211; 194 kcal. Grassi 20,0 g Di cui acidi grassi saturi 3,0 g Di cui acidi grassi monoinsaturi 0 g Di cui acidi grassi polinsaturi 0 g. Carboidrati 3,2 g Di cui zuccheri 0 g. Fibre 0 g. Proteine 1,4 g. Sale 5,2 g.<\/p>\n<div class=\"specifiche_tit\">OGM:\u00a0Il prodotto non contiene Organismi Geneticamente Modificati in conformit\u00e0 ai Reg.CE 1829\/2003 e 1830\/2003.<\/div>\n<div class=\"specifiche_tit\">RINTRACCIABILIT\u00c0:\u00a0Origine delle olive: ITALIA<\/div>\n<\/div>\n","protected":false},"featured_media":27313,"template":"","meta":[],"product_brand":[],"product_cat":[177],"product_tag":[],"class_list":{"0":"post-27312","1":"product","2":"type-product","3":"status-publish","4":"has-post-thumbnail","6":"product_cat-conserve-e-sughi","8":"first","9":"instock","10":"taxable","11":"shipping-taxable","12":"purchasable","13":"product-type-variable"},"_links":{"self":[{"href":"https:\/\/italiansublimefood.com\/it\/wp-json\/wp\/v2\/product\/27312","targetHints":{"allow":["GET"]}}],"collection":[{"href":"https:\/\/italiansublimefood.com\/it\/wp-json\/wp\/v2\/product"}],"about":[{"href":"https:\/\/italiansublimefood.com\/it\/wp-json\/wp\/v2\/types\/product"}],"wp:featuredmedia":[{"embeddable":true,"href":"https:\/\/italiansublimefood.com\/it\/wp-json\/wp\/v2\/media\/27313"}],"wp:attachment":[{"href":"https:\/\/italiansublimefood.com\/it\/wp-json\/wp\/v2\/media?parent=27312"}],"wp:term":[{"taxonomy":"product_brand","embeddable":true,"href":"https:\/\/italiansublimefood.com\/it\/wp-json\/wp\/v2\/product_brand?post=27312"},{"taxonomy":"product_cat","embeddable":true,"href":"https:\/\/italiansublimefood.com\/it\/wp-json\/wp\/v2\/product_cat?post=27312"},{"taxonomy":"product_tag","embeddable":true,"href":"https:\/\/italiansublimefood.com\/it\/wp-json\/wp\/v2\/product_tag?post=27312"}],"curies":[{"name":"wp","href":"https:\/\/api.w.org\/{rel}","templated":true}]}}