{"id":27263,"date":"2025-04-18T19:33:48","date_gmt":"2025-04-18T17:33:48","guid":{"rendered":"https:\/\/italiansublimefood.com\/?post_type=product&#038;p=27263"},"modified":"2025-12-03T11:27:33","modified_gmt":"2025-12-03T10:27:33","slug":"olio-extravergine-d-o-p-seena-sommariva","status":"publish","type":"product","link":"https:\/\/italiansublimefood.com\/it\/prodotto\/olio-extravergine-d-o-p-seena-sommariva\/","title":{"rendered":"Olio Extravergine D.O.P &#8211; SE\u00c9N\u00c0 &#8211; Sommariva"},"content":{"rendered":"","protected":false},"excerpt":{"rendered":"<p><strong>Olio extravergine D.O.P. della Riviere Ligure!\u00a0<\/strong><span>L\u2019Olio Se\u00e9n\u00e0 Dop \u00e8 un Olio extravergine di oliva Dop Riviera Ligure, menzione geografica: Riviera del Ponente Savonese Le Olive utilizzate sono Cultivar della nostra riviera e si parla di Taggiasca, Colombaia e Pignola; conseguentemente vengono denocciolate e da esse in tal modo ne viene estratto l\u2019Olio a freddo. <\/span>Un\u2019Olio esclusivo ideale da utilizzare a crudo, ma allo stesso modo ottimo anche per cucinare qualunque tipo di alimento.<br \/>\nSe\u00e9na \u00e8 disponibile nei formati da 500ml e 750ml con bottiglia antirabbocco.<\/p>\n<div class=\"specifiche_tit\">INGREDIENTI:\u00a0Olio extra vergine di oliva Riviera Ligure (Riviera del Ponente Savonese).<br \/>\nVALORI NUTRIZIONALI MEDI PER 100 G: Energia 3389kJ &#8211; 824kcal. Grassi 92 g Di cui acidi grassi saturi 14 g Di cui acidi grassi monoinsaturi 69 g Di cui acidi grassi polinsaturi 9 g. Carboidrati 0 g Di cui zuccheri 0 g. Fibre 0 g. Proteine 0 g. Sale 0 g.<\/p>\n<\/div>\n<div class=\"specifiche_tit\">OGM: Il prodotto non contiene Organismi Geneticamente Modificati in conformit\u00e0 ai Reg.CE 1829\/2003 e 1830\/2003.<\/div>\n<div class=\"specifiche_tit\">RINTRACCIABILIT\u00c0:\u00a0Origine delle olive: ITALIA<\/div>\n<p>&nbsp;<\/p>\n","protected":false},"featured_media":27264,"template":"","meta":[],"product_brand":[],"product_cat":[182],"product_tag":[],"class_list":{"0":"post-27263","1":"product","2":"type-product","3":"status-publish","4":"has-post-thumbnail","6":"product_cat-oli","8":"first","9":"instock","10":"taxable","11":"shipping-taxable","12":"purchasable","13":"product-type-variable"},"_links":{"self":[{"href":"https:\/\/italiansublimefood.com\/it\/wp-json\/wp\/v2\/product\/27263","targetHints":{"allow":["GET"]}}],"collection":[{"href":"https:\/\/italiansublimefood.com\/it\/wp-json\/wp\/v2\/product"}],"about":[{"href":"https:\/\/italiansublimefood.com\/it\/wp-json\/wp\/v2\/types\/product"}],"wp:featuredmedia":[{"embeddable":true,"href":"https:\/\/italiansublimefood.com\/it\/wp-json\/wp\/v2\/media\/27264"}],"wp:attachment":[{"href":"https:\/\/italiansublimefood.com\/it\/wp-json\/wp\/v2\/media?parent=27263"}],"wp:term":[{"taxonomy":"product_brand","embeddable":true,"href":"https:\/\/italiansublimefood.com\/it\/wp-json\/wp\/v2\/product_brand?post=27263"},{"taxonomy":"product_cat","embeddable":true,"href":"https:\/\/italiansublimefood.com\/it\/wp-json\/wp\/v2\/product_cat?post=27263"},{"taxonomy":"product_tag","embeddable":true,"href":"https:\/\/italiansublimefood.com\/it\/wp-json\/wp\/v2\/product_tag?post=27263"}],"curies":[{"name":"wp","href":"https:\/\/api.w.org\/{rel}","templated":true}]}}