{"id":27259,"date":"2025-04-17T20:53:41","date_gmt":"2025-04-17T18:53:41","guid":{"rendered":"https:\/\/italiansublimefood.com\/?post_type=product&#038;p=27259"},"modified":"2025-12-05T10:19:53","modified_gmt":"2025-12-05T09:19:53","slug":"crema-di-rucola-selvatica-bio-sommariva","status":"publish","type":"product","link":"https:\/\/italiansublimefood.com\/it\/prodotto\/crema-di-rucola-selvatica-bio-sommariva\/","title":{"rendered":"Crema di Rucola Selvatica BIO &#8211; Sommariva"},"content":{"rendered":"","protected":false},"excerpt":{"rendered":"<p>La Crema di Rucola Selvatica BIO Sommariva \u00e8 un prodotto dalle grandi qualit\u00e0 di sapore e salute. La genuinit\u00e0 della\u00a0<strong>coltivazione certificata BIO nella nostra azienda agricola<\/strong>\u00a0incontra il gusto di una ricetta ricca, che unisce le\u00a0<strong>migliori foglie di rucola selvatica alla pienezza del Parmigiano Reggiano.<\/strong> Formato in vetro da 100 g.<br \/>\n<strong>INGREDIENTI: <\/strong>Olio extra vergine di oliva, rucola selvatica 24%, anacardi*, sale, pinoli, Parmigiano Reggiano D.O.P.*, aglio. <strong>(Prodotto Biologico)<br \/>\n<\/strong><strong>ALLERGENI: <\/strong>*Gli ingredienti, compresi i cereali che contengono glutine, possono provocare allergie o intolleranze.<br \/>\n<strong>VALORI NUTRIZIONALI MEDI PER 100 g: <\/strong>Energia 2123 kJ &#8211; 515 kcal, Grassi 53,4 g (di cui acidi grassi saturi 8,1 g, di cui acidi grassi monoinsaturi, di cui acidi grassi polinsaturi), Carboidrati 1,5 g (di cui zuccheri 1,0 g), Fibre, Proteine 6,3 g, Sale 5,2 g.<br \/>\nOGM: Il prodotto non contiene Organismi Geneticamente Modificati in conformit\u00e0 ai Reg.CE 1829\/2003 e 1830\/2003.<br \/>\nRINTRACCIABILIT\u00c0: Origine ingredienti: ITALIA.<\/p>\n","protected":false},"featured_media":27260,"template":"","meta":[],"product_brand":[],"product_cat":[177,180],"product_tag":[],"class_list":{"0":"post-27259","1":"product","2":"type-product","3":"status-publish","4":"has-post-thumbnail","6":"product_cat-conserve-e-sughi","7":"product_cat-frutta-e-verdura","9":"first","10":"instock","11":"taxable","12":"shipping-taxable","13":"purchasable","14":"product-type-simple"},"_links":{"self":[{"href":"https:\/\/italiansublimefood.com\/it\/wp-json\/wp\/v2\/product\/27259","targetHints":{"allow":["GET"]}}],"collection":[{"href":"https:\/\/italiansublimefood.com\/it\/wp-json\/wp\/v2\/product"}],"about":[{"href":"https:\/\/italiansublimefood.com\/it\/wp-json\/wp\/v2\/types\/product"}],"wp:featuredmedia":[{"embeddable":true,"href":"https:\/\/italiansublimefood.com\/it\/wp-json\/wp\/v2\/media\/27260"}],"wp:attachment":[{"href":"https:\/\/italiansublimefood.com\/it\/wp-json\/wp\/v2\/media?parent=27259"}],"wp:term":[{"taxonomy":"product_brand","embeddable":true,"href":"https:\/\/italiansublimefood.com\/it\/wp-json\/wp\/v2\/product_brand?post=27259"},{"taxonomy":"product_cat","embeddable":true,"href":"https:\/\/italiansublimefood.com\/it\/wp-json\/wp\/v2\/product_cat?post=27259"},{"taxonomy":"product_tag","embeddable":true,"href":"https:\/\/italiansublimefood.com\/it\/wp-json\/wp\/v2\/product_tag?post=27259"}],"curies":[{"name":"wp","href":"https:\/\/api.w.org\/{rel}","templated":true}]}}