{"id":27170,"date":"2025-04-16T21:53:32","date_gmt":"2025-04-16T19:53:32","guid":{"rendered":"https:\/\/italiansublimefood.com\/?post_type=product&#038;p=27170"},"modified":"2025-12-03T11:27:34","modified_gmt":"2025-12-03T10:27:34","slug":"condimento-zafferano-sommariva-2","status":"publish","type":"product","link":"https:\/\/italiansublimefood.com\/it\/prodotto\/condimento-zafferano-sommariva-2\/","title":{"rendered":"Condimento Zafferano &#8211; Sommariva"},"content":{"rendered":"","protected":false},"excerpt":{"rendered":"<p>Il prezioso zafferano incontra il nostro Olio ligure di qualit\u00e0 superiore! Olio aromatizzato allo zafferano Sommariva \u00e8 il tocco di sapore che <strong>impreziosir\u00e0 ogni vostro piatto. <\/strong>Disponibile in comodo formato Bag in Box da 2 litri con rubinetto per il rabbocco facile.<br \/>\n<strong>INGREDIENTI: <\/strong>Olio extra vergine di oliva 96%, aroma 4%.<br \/>\n<strong>ALLERGENI: <\/strong>*Gli ingredienti, compresi i cereali che contengono glutine, possono provocare allergie o intolleranze.<br \/>\n<strong>VALORI NUTRIZIONALI MEDI PER 100 g: <\/strong>Energia 3389kJ &#8211; 824kcal, Grassi 92 g (di cui acidi grassi saturi 14 g, di cui acidi grassi monoinsaturi 69 g, di cui acidi grassi polinsaturi 9 g), Carboidrati 0 g (di cui zuccheri 0 g), Fibre, Proteine 0 g, Sale 0 g.<br \/>\nOGM: Il prodotto non contiene Organismi Geneticamente Modificati in conformit\u00e0 ai Reg.CE 1829\/2003 e 1830\/2003.<br \/>\nRINTRACCIABILIT\u00c0: Origine ingredienti: ITALIA<\/p>\n","protected":false},"featured_media":27171,"template":"","meta":[],"product_brand":[],"product_cat":[182],"product_tag":[],"class_list":{"0":"post-27170","1":"product","2":"type-product","3":"status-publish","4":"has-post-thumbnail","6":"product_cat-oli","8":"first","9":"instock","10":"taxable","11":"shipping-taxable","12":"purchasable","13":"product-type-simple"},"_links":{"self":[{"href":"https:\/\/italiansublimefood.com\/it\/wp-json\/wp\/v2\/product\/27170","targetHints":{"allow":["GET"]}}],"collection":[{"href":"https:\/\/italiansublimefood.com\/it\/wp-json\/wp\/v2\/product"}],"about":[{"href":"https:\/\/italiansublimefood.com\/it\/wp-json\/wp\/v2\/types\/product"}],"wp:featuredmedia":[{"embeddable":true,"href":"https:\/\/italiansublimefood.com\/it\/wp-json\/wp\/v2\/media\/27171"}],"wp:attachment":[{"href":"https:\/\/italiansublimefood.com\/it\/wp-json\/wp\/v2\/media?parent=27170"}],"wp:term":[{"taxonomy":"product_brand","embeddable":true,"href":"https:\/\/italiansublimefood.com\/it\/wp-json\/wp\/v2\/product_brand?post=27170"},{"taxonomy":"product_cat","embeddable":true,"href":"https:\/\/italiansublimefood.com\/it\/wp-json\/wp\/v2\/product_cat?post=27170"},{"taxonomy":"product_tag","embeddable":true,"href":"https:\/\/italiansublimefood.com\/it\/wp-json\/wp\/v2\/product_tag?post=27170"}],"curies":[{"name":"wp","href":"https:\/\/api.w.org\/{rel}","templated":true}]}}