{"id":27148,"date":"2025-04-16T21:18:59","date_gmt":"2025-04-16T19:18:59","guid":{"rendered":"https:\/\/italiansublimefood.com\/?post_type=product&#038;p=27148"},"modified":"2025-12-03T11:27:36","modified_gmt":"2025-12-03T10:27:36","slug":"condimento-allarancia-sommariva","status":"publish","type":"product","link":"https:\/\/italiansublimefood.com\/it\/prodotto\/condimento-allarancia-sommariva\/","title":{"rendered":"Condimento all\u2019Arancia &#8211; Sommariva"},"content":{"rendered":"","protected":false},"excerpt":{"rendered":"<p>Per chi di spezie e aromi non ne ha mai abbastanza! Le dolci arance incontrano il nostro\u00a0<strong>olio ligure di qualit\u00e0 superiore. <\/strong>Da questo mix di sapori ne nasce un abbraccio dal gusto profondo, fresco e fruttato.\u00a0<strong>L\u2019Olio aromatizzato all\u2019Arancia Sommariva<\/strong>\u00a0\u00e8 il tocco di gusto unico che porter\u00e0 i vostri piatti a un nuovo livello. Perfetto in particolare da aggiungere a insalate e crudit\u00e9, o anche con pietanze a base di pesce. Bottiglia 250ml.<\/p>\n","protected":false},"featured_media":27149,"template":"","meta":[],"product_brand":[],"product_cat":[182],"product_tag":[],"class_list":{"0":"post-27148","1":"product","2":"type-product","3":"status-publish","4":"has-post-thumbnail","6":"product_cat-oli","8":"first","9":"instock","10":"taxable","11":"shipping-taxable","12":"purchasable","13":"product-type-simple"},"_links":{"self":[{"href":"https:\/\/italiansublimefood.com\/it\/wp-json\/wp\/v2\/product\/27148","targetHints":{"allow":["GET"]}}],"collection":[{"href":"https:\/\/italiansublimefood.com\/it\/wp-json\/wp\/v2\/product"}],"about":[{"href":"https:\/\/italiansublimefood.com\/it\/wp-json\/wp\/v2\/types\/product"}],"wp:featuredmedia":[{"embeddable":true,"href":"https:\/\/italiansublimefood.com\/it\/wp-json\/wp\/v2\/media\/27149"}],"wp:attachment":[{"href":"https:\/\/italiansublimefood.com\/it\/wp-json\/wp\/v2\/media?parent=27148"}],"wp:term":[{"taxonomy":"product_brand","embeddable":true,"href":"https:\/\/italiansublimefood.com\/it\/wp-json\/wp\/v2\/product_brand?post=27148"},{"taxonomy":"product_cat","embeddable":true,"href":"https:\/\/italiansublimefood.com\/it\/wp-json\/wp\/v2\/product_cat?post=27148"},{"taxonomy":"product_tag","embeddable":true,"href":"https:\/\/italiansublimefood.com\/it\/wp-json\/wp\/v2\/product_tag?post=27148"}],"curies":[{"name":"wp","href":"https:\/\/api.w.org\/{rel}","templated":true}]}}