{"id":27144,"date":"2025-04-16T21:16:02","date_gmt":"2025-04-16T19:16:02","guid":{"rendered":"https:\/\/italiansublimefood.com\/?post_type=product&#038;p=27144"},"modified":"2025-12-03T11:27:37","modified_gmt":"2025-12-03T10:27:37","slug":"condimento-tartufo-sommariva","status":"publish","type":"product","link":"https:\/\/italiansublimefood.com\/it\/prodotto\/condimento-tartufo-sommariva\/","title":{"rendered":"Condimento Tartufo &#8211; Sommariva"},"content":{"rendered":"","protected":false},"excerpt":{"rendered":"<p>Il profumato tartufo incontra il nostro olio ligure di qualit\u00e0 superiore. Cos\u00ec che ne nasce un abbraccio di sapori profondo, aromatico, prezioso. L\u2019Olio aromatizzato al Tartufo Sommariva \u00e8 il tocco di gusto unico che porter\u00e0 i vostri piatti a un nuovo livello. Perfetto in particolare da aggiungere a insalate e crudit\u00e9, o anche con le zuppe pi\u00f9 rustiche. Bottiglia 250 ml.<\/p>\n","protected":false},"featured_media":27145,"template":"","meta":[],"product_brand":[],"product_cat":[182],"product_tag":[],"class_list":{"0":"post-27144","1":"product","2":"type-product","3":"status-publish","4":"has-post-thumbnail","6":"product_cat-oli","8":"first","9":"instock","10":"taxable","11":"shipping-taxable","12":"purchasable","13":"product-type-simple"},"_links":{"self":[{"href":"https:\/\/italiansublimefood.com\/it\/wp-json\/wp\/v2\/product\/27144","targetHints":{"allow":["GET"]}}],"collection":[{"href":"https:\/\/italiansublimefood.com\/it\/wp-json\/wp\/v2\/product"}],"about":[{"href":"https:\/\/italiansublimefood.com\/it\/wp-json\/wp\/v2\/types\/product"}],"wp:featuredmedia":[{"embeddable":true,"href":"https:\/\/italiansublimefood.com\/it\/wp-json\/wp\/v2\/media\/27145"}],"wp:attachment":[{"href":"https:\/\/italiansublimefood.com\/it\/wp-json\/wp\/v2\/media?parent=27144"}],"wp:term":[{"taxonomy":"product_brand","embeddable":true,"href":"https:\/\/italiansublimefood.com\/it\/wp-json\/wp\/v2\/product_brand?post=27144"},{"taxonomy":"product_cat","embeddable":true,"href":"https:\/\/italiansublimefood.com\/it\/wp-json\/wp\/v2\/product_cat?post=27144"},{"taxonomy":"product_tag","embeddable":true,"href":"https:\/\/italiansublimefood.com\/it\/wp-json\/wp\/v2\/product_tag?post=27144"}],"curies":[{"name":"wp","href":"https:\/\/api.w.org\/{rel}","templated":true}]}}