{"id":27120,"date":"2025-04-13T15:19:06","date_gmt":"2025-04-13T13:19:06","guid":{"rendered":"https:\/\/italiansublimefood.com\/?post_type=product&#038;p=27120"},"modified":"2025-12-04T10:37:49","modified_gmt":"2025-12-04T09:37:49","slug":"de-lena-aceto-di-vino-rosso-box-sommariva","status":"publish","type":"product","link":"https:\/\/italiansublimefood.com\/it\/prodotto\/de-lena-aceto-di-vino-rosso-box-sommariva\/","title":{"rendered":"D\u00e8 Lena &#8211; Aceto di Vino Rosso Box &#8211; Sommariva"},"content":{"rendered":"","protected":false},"excerpt":{"rendered":"<p>Per gli amanti dell\u2019aceto di vino rosso! <strong>Sommariva<\/strong> ha creato il D\u00e8 Lena in formato scorta da 2 litri Bag in Box. Facile da utilizzare e richiudere, questa confezione con rubinetto \u00e8 comoda per il rabbocco di bottiglie pi\u00f9 piccole. Da provare su insalate e per\u00a0<strong>aggiungere gusto alla vostra cucina.<br \/>\n<\/strong><strong>INGREDIENTI: <\/strong>Vino antiossidante (contiene solfiti*), anidride solforosa*.<br \/>\n<strong>ALLERGENI: <\/strong>*Gli ingredienti, compresi i cereali che contengono glutine, possono provocare allergie o intolleranze.<br \/>\nOGM: Il prodotto non contiene Organismi Geneticamente Modificati in conformit\u00e0 ai Reg.CE 1829\/2003 e 1830\/2003.<br \/>\nRINTRACCIABILIT\u00c0: Origine ingredienti: ITALIA.<\/p>\n","protected":false},"featured_media":27121,"template":"","meta":[],"product_brand":[],"product_cat":[186],"product_tag":[],"class_list":{"0":"post-27120","1":"product","2":"type-product","3":"status-publish","4":"has-post-thumbnail","6":"product_cat-vini-birre-e-aceti","8":"first","9":"instock","10":"taxable","11":"shipping-taxable","12":"purchasable","13":"product-type-simple"},"_links":{"self":[{"href":"https:\/\/italiansublimefood.com\/it\/wp-json\/wp\/v2\/product\/27120","targetHints":{"allow":["GET"]}}],"collection":[{"href":"https:\/\/italiansublimefood.com\/it\/wp-json\/wp\/v2\/product"}],"about":[{"href":"https:\/\/italiansublimefood.com\/it\/wp-json\/wp\/v2\/types\/product"}],"wp:featuredmedia":[{"embeddable":true,"href":"https:\/\/italiansublimefood.com\/it\/wp-json\/wp\/v2\/media\/27121"}],"wp:attachment":[{"href":"https:\/\/italiansublimefood.com\/it\/wp-json\/wp\/v2\/media?parent=27120"}],"wp:term":[{"taxonomy":"product_brand","embeddable":true,"href":"https:\/\/italiansublimefood.com\/it\/wp-json\/wp\/v2\/product_brand?post=27120"},{"taxonomy":"product_cat","embeddable":true,"href":"https:\/\/italiansublimefood.com\/it\/wp-json\/wp\/v2\/product_cat?post=27120"},{"taxonomy":"product_tag","embeddable":true,"href":"https:\/\/italiansublimefood.com\/it\/wp-json\/wp\/v2\/product_tag?post=27120"}],"curies":[{"name":"wp","href":"https:\/\/api.w.org\/{rel}","templated":true}]}}