{"id":27019,"date":"2025-04-12T17:09:51","date_gmt":"2025-04-12T15:09:51","guid":{"rendered":"https:\/\/italiansublimefood.com\/?post_type=product&#038;p=27019"},"modified":"2025-12-05T10:29:17","modified_gmt":"2025-12-05T09:29:17","slug":"sale-rosa-dellhimalaya-sommariva","status":"publish","type":"product","link":"https:\/\/italiansublimefood.com\/it\/prodotto\/sale-rosa-dellhimalaya-sommariva\/","title":{"rendered":"Sale Rosa dell\u2019Himalaya &#8211; Sommariva"},"content":{"rendered":"","protected":false},"excerpt":{"rendered":"<p>Il sale rosa dell\u2019Himalaya \u00e8 uno dei sali pi\u00f9 celebri! In tutto il mondo grazie alla sua purezza senza eguali e le sue qualit\u00e0 eccelse. Infatti \u00e8 naturalmente ricco di ben 84 sali minerali purissimi e di oligoelementi. Lo trovate in formato da tavola nei caratteristici grani grossi dalle sfumature rosa e arancio. Formato <strong>110g.<br \/>\n<\/strong><strong>INGREDIENTI: <\/strong>Sale da tavola di salgemma in grani.<br \/>\n<em>Eccelso sopratutto su piatti di carne e pesce alla brace<\/em>.<br \/>\nOGM: Il prodotto non contiene Organismi Geneticamente Modificati in conformit\u00e0 ai Reg.CE 1829\/2003 e 1830\/2003.<\/p>\n","protected":false},"featured_media":27020,"template":"","meta":[],"product_brand":[],"product_cat":[177,181],"product_tag":[],"class_list":{"0":"post-27019","1":"product","2":"type-product","3":"status-publish","4":"has-post-thumbnail","6":"product_cat-conserve-e-sughi","7":"product_cat-legumi-e-cereali","9":"first","10":"instock","11":"taxable","12":"shipping-taxable","13":"purchasable","14":"product-type-simple"},"_links":{"self":[{"href":"https:\/\/italiansublimefood.com\/it\/wp-json\/wp\/v2\/product\/27019","targetHints":{"allow":["GET"]}}],"collection":[{"href":"https:\/\/italiansublimefood.com\/it\/wp-json\/wp\/v2\/product"}],"about":[{"href":"https:\/\/italiansublimefood.com\/it\/wp-json\/wp\/v2\/types\/product"}],"wp:featuredmedia":[{"embeddable":true,"href":"https:\/\/italiansublimefood.com\/it\/wp-json\/wp\/v2\/media\/27020"}],"wp:attachment":[{"href":"https:\/\/italiansublimefood.com\/it\/wp-json\/wp\/v2\/media?parent=27019"}],"wp:term":[{"taxonomy":"product_brand","embeddable":true,"href":"https:\/\/italiansublimefood.com\/it\/wp-json\/wp\/v2\/product_brand?post=27019"},{"taxonomy":"product_cat","embeddable":true,"href":"https:\/\/italiansublimefood.com\/it\/wp-json\/wp\/v2\/product_cat?post=27019"},{"taxonomy":"product_tag","embeddable":true,"href":"https:\/\/italiansublimefood.com\/it\/wp-json\/wp\/v2\/product_tag?post=27019"}],"curies":[{"name":"wp","href":"https:\/\/api.w.org\/{rel}","templated":true}]}}