{"id":26999,"date":"2025-04-12T16:31:45","date_gmt":"2025-04-12T14:31:45","guid":{"rendered":"https:\/\/italiansublimefood.com\/?post_type=product&#038;p=26999"},"modified":"2026-02-21T12:45:15","modified_gmt":"2026-02-21T11:45:15","slug":"grappa-di-pigato-erba-ruta-sommariva","status":"publish","type":"product","link":"https:\/\/italiansublimefood.com\/it\/prodotto\/grappa-di-pigato-erba-ruta-sommariva\/","title":{"rendered":"Grappa di Pigato Erba Ruta &#8211; Sommariva"},"content":{"rendered":"","protected":false},"excerpt":{"rendered":"<p>Grappa di Pigato D.O.C. aromatizzata con erba ruta! Il gusto pieno della grappa di Pigato si sposa con l\u2019aromaticit\u00e0 della ruta in questo liquore di alta qualit\u00e0. La nostra Grappa di Pigato Riserva con Erba Ruta \u00e8 ottenuta dalle vinacce del\u00a0<strong>Pigato D.O.C. Riviera Ligure di Ponente<\/strong>\u00a0secondo ricetta tradizionale, poi raccolta in bottiglie di design da 500 ml.<br \/>\nOGM: Il prodotto non contiene Organismi Geneticamente Modificati in conformit\u00e0 ai Reg.CE 1829\/2003 e 1830\/2003.<br \/>\nRINTRACCIABILIT\u00c0: Origine prodotto: Italia<\/p>\n","protected":false},"featured_media":27000,"template":"","meta":[],"product_brand":[],"product_cat":[176],"product_tag":[],"class_list":{"0":"post-26999","1":"product","2":"type-product","3":"status-publish","4":"has-post-thumbnail","6":"product_cat-bevande-varie","8":"first","9":"instock","10":"taxable","11":"shipping-taxable","12":"purchasable","13":"product-type-simple"},"_links":{"self":[{"href":"https:\/\/italiansublimefood.com\/it\/wp-json\/wp\/v2\/product\/26999","targetHints":{"allow":["GET"]}}],"collection":[{"href":"https:\/\/italiansublimefood.com\/it\/wp-json\/wp\/v2\/product"}],"about":[{"href":"https:\/\/italiansublimefood.com\/it\/wp-json\/wp\/v2\/types\/product"}],"wp:featuredmedia":[{"embeddable":true,"href":"https:\/\/italiansublimefood.com\/it\/wp-json\/wp\/v2\/media\/27000"}],"wp:attachment":[{"href":"https:\/\/italiansublimefood.com\/it\/wp-json\/wp\/v2\/media?parent=26999"}],"wp:term":[{"taxonomy":"product_brand","embeddable":true,"href":"https:\/\/italiansublimefood.com\/it\/wp-json\/wp\/v2\/product_brand?post=26999"},{"taxonomy":"product_cat","embeddable":true,"href":"https:\/\/italiansublimefood.com\/it\/wp-json\/wp\/v2\/product_cat?post=26999"},{"taxonomy":"product_tag","embeddable":true,"href":"https:\/\/italiansublimefood.com\/it\/wp-json\/wp\/v2\/product_tag?post=26999"}],"curies":[{"name":"wp","href":"https:\/\/api.w.org\/{rel}","templated":true}]}}