{"id":26956,"date":"2025-04-12T15:29:42","date_gmt":"2025-04-12T13:29:42","guid":{"rendered":"https:\/\/italiansublimefood.com\/?post_type=product&#038;p=26956"},"modified":"2025-12-05T09:09:40","modified_gmt":"2025-12-05T08:09:40","slug":"confettura-al-sambuco-sommariva","status":"publish","type":"product","link":"https:\/\/italiansublimefood.com\/it\/prodotto\/confettura-al-sambuco-sommariva\/","title":{"rendered":"Confettura al Sambuco &#8211; Sommariva"},"content":{"rendered":"","protected":false},"excerpt":{"rendered":"<p>Il gusto caratteristico del sambuco in una confettura speciale! La\u00a0<strong>Confettura al Sambuco<\/strong> \u00e8 creata dal perfetto equilibrio di mele e sambuco. Il risultato \u00e8 un prodotto unico, originale, goloso, dal gusto caratteristico, che abbiamo scelto accuratamente proprio per voi. Provatelo sul nostro shop, lo trovate nel classico vasetto in vetro da 400 g.<br \/>\n<strong>INGREDIENTI: <\/strong>Mele 76%, zucchero, sambuco 31%. <em>Dopo l\u2019apertura conservare in frigorifero<br \/>\n<\/em><strong>ALLERGENI: <\/strong>In conformit\u00e0 alla Dir. 2007\/68\/CE che modifica l\u2019Allegato III bis della Dir. 2000\/13\/CE.<br \/>\n<strong>VALORI NUTRIZIONALI MEDI PER 100g: <\/strong>Energia 276,3 kcal &#8211; 1173,9 kJ, Grassi 0,3 g (di cui acidi grassi saturi&lt; 0,1 g, di cui acidi grassi monoinsaturi, di cui acidi grassi polinsaturi), Carboidrati 68 g (di cui zuccheri 68g), Fibre, Proteine 0,4 g, Sale 4,1 mg.<br \/>\n<strong>IGIENE E SICUREZZA: <\/strong>Lo stabilimento di produzione applica un sistema di autocontrollo secondo il metodo HACCP ed opera in conformit\u00e0 a quanto previsto dal Reg. CE 852\/2004 sull\u2019igiene dei prodotti alimentari.<br \/>\n<strong>OGM: <\/strong>Il prodotto non contiene Organismi Geneticamente Modificati in conformit\u00e0 ai Reg.CE 1829\/2003 e 1830\/2003.<br \/>\nRINTRACCIABILIT\u00c0: \u00c8 garantita la rintracciabilit\u00e0 delle materie prime utilizzate per ciascun lotto di produzione.<\/p>\n","protected":false},"featured_media":26957,"template":"","meta":[],"product_brand":[],"product_cat":[178],"product_tag":[],"class_list":{"0":"post-26956","1":"product","2":"type-product","3":"status-publish","4":"has-post-thumbnail","6":"product_cat-dolci-confetture-e-mieli","8":"first","9":"instock","10":"taxable","11":"shipping-taxable","12":"purchasable","13":"product-type-simple"},"_links":{"self":[{"href":"https:\/\/italiansublimefood.com\/it\/wp-json\/wp\/v2\/product\/26956","targetHints":{"allow":["GET"]}}],"collection":[{"href":"https:\/\/italiansublimefood.com\/it\/wp-json\/wp\/v2\/product"}],"about":[{"href":"https:\/\/italiansublimefood.com\/it\/wp-json\/wp\/v2\/types\/product"}],"wp:featuredmedia":[{"embeddable":true,"href":"https:\/\/italiansublimefood.com\/it\/wp-json\/wp\/v2\/media\/26957"}],"wp:attachment":[{"href":"https:\/\/italiansublimefood.com\/it\/wp-json\/wp\/v2\/media?parent=26956"}],"wp:term":[{"taxonomy":"product_brand","embeddable":true,"href":"https:\/\/italiansublimefood.com\/it\/wp-json\/wp\/v2\/product_brand?post=26956"},{"taxonomy":"product_cat","embeddable":true,"href":"https:\/\/italiansublimefood.com\/it\/wp-json\/wp\/v2\/product_cat?post=26956"},{"taxonomy":"product_tag","embeddable":true,"href":"https:\/\/italiansublimefood.com\/it\/wp-json\/wp\/v2\/product_tag?post=26956"}],"curies":[{"name":"wp","href":"https:\/\/api.w.org\/{rel}","templated":true}]}}