{"id":26948,"date":"2025-04-12T15:13:08","date_gmt":"2025-04-12T13:13:08","guid":{"rendered":"https:\/\/italiansublimefood.com\/?post_type=product&#038;p=26948"},"modified":"2025-12-05T09:09:45","modified_gmt":"2025-12-05T08:09:45","slug":"confettura-di-ribes-rosso-sommariva","status":"publish","type":"product","link":"https:\/\/italiansublimefood.com\/it\/prodotto\/confettura-di-ribes-rosso-sommariva\/","title":{"rendered":"Confettura di Ribes Rosso &#8211; Sommariva"},"content":{"rendered":"","protected":false},"excerpt":{"rendered":"<p>Confettura extra di ribes rosso in vasetto di vetro! Il gusto vivace del ribes rosso addolcito dalla trasformazione in confettura, ecco l\u2019esperienza che vi aspetta in questo c<strong>oncentrato di golosit\u00e0 in vasetto<\/strong> da 400 g. La\u00a0<strong>Confettura Extra di Ribes Rosso<\/strong> scelta per voi da Sommariva \u00e8 preparata con ribes rossi selezionati di prima qualit\u00e0 seguendo la ricetta tradizionale. Provatela sul pane o in stile nordico, come contorno.<br \/>\n<strong>INGREDIENTI: <\/strong>Ribes rosso, zucchero. <em>Dopo l\u2019apertura conservare in frigorifero<br \/>\n<\/em><strong>ALLERGENI: <\/strong>In conformit\u00e0 alla Dir. 2007\/68\/CE che modifica l\u2019Allegato III bis della Dir. 2000\/13\/CE<br \/>\n<strong>VALORI NUTRIZIONALI MEDI PER 100g: <\/strong>Energia 247,3 kcal &#8211; 1050,9 kJ, Grassi 0,1 g (di cui acidi grassi saturi&lt; 0,1 g, di cui acidi grassi monoinsaturi, di cui acidi grassi polinsaturi), Carboidrati 61 g (di cui zuccheri 61g), Fibre, Proteine 0,6 g, Sale 2,5 mg.<br \/>\n<strong>IGIENE E SICUREZZA: <\/strong>Lo stabilimento di produzione applica un sistema di autocontrollo secondo il metodo HACCP ed opera in conformit\u00e0 a quanto previsto dal Reg. CE 852\/2004 sull\u2019igiene dei prodotti alimentari.<br \/>\n<strong>OGM: <\/strong>Il prodotto non contiene Organismi Geneticamente Modificati in conformit\u00e0 ai Reg.CE 1829\/2003 e 1830\/2003.<br \/>\nRINTRACCIABILIT\u00c0: \u00c8 garantita la rintracciabilit\u00e0 delle materie prime utilizzate per ciascun lotto di produzione.<\/p>\n","protected":false},"featured_media":26949,"template":"","meta":[],"product_brand":[],"product_cat":[178],"product_tag":[],"class_list":{"0":"post-26948","1":"product","2":"type-product","3":"status-publish","4":"has-post-thumbnail","6":"product_cat-dolci-confetture-e-mieli","8":"first","9":"instock","10":"taxable","11":"shipping-taxable","12":"purchasable","13":"product-type-simple"},"_links":{"self":[{"href":"https:\/\/italiansublimefood.com\/it\/wp-json\/wp\/v2\/product\/26948","targetHints":{"allow":["GET"]}}],"collection":[{"href":"https:\/\/italiansublimefood.com\/it\/wp-json\/wp\/v2\/product"}],"about":[{"href":"https:\/\/italiansublimefood.com\/it\/wp-json\/wp\/v2\/types\/product"}],"wp:featuredmedia":[{"embeddable":true,"href":"https:\/\/italiansublimefood.com\/it\/wp-json\/wp\/v2\/media\/26949"}],"wp:attachment":[{"href":"https:\/\/italiansublimefood.com\/it\/wp-json\/wp\/v2\/media?parent=26948"}],"wp:term":[{"taxonomy":"product_brand","embeddable":true,"href":"https:\/\/italiansublimefood.com\/it\/wp-json\/wp\/v2\/product_brand?post=26948"},{"taxonomy":"product_cat","embeddable":true,"href":"https:\/\/italiansublimefood.com\/it\/wp-json\/wp\/v2\/product_cat?post=26948"},{"taxonomy":"product_tag","embeddable":true,"href":"https:\/\/italiansublimefood.com\/it\/wp-json\/wp\/v2\/product_tag?post=26948"}],"curies":[{"name":"wp","href":"https:\/\/api.w.org\/{rel}","templated":true}]}}