{"id":26900,"date":"2025-04-12T12:12:04","date_gmt":"2025-04-12T10:12:04","guid":{"rendered":"https:\/\/italiansublimefood.com\/?post_type=product&#038;p=26900"},"modified":"2025-12-05T09:09:57","modified_gmt":"2025-12-05T08:09:57","slug":"confettura-di-amarene-sommariva","status":"publish","type":"product","link":"https:\/\/italiansublimefood.com\/it\/prodotto\/confettura-di-amarene-sommariva\/","title":{"rendered":"Confettura di Amarene &#8211; Sommariva"},"content":{"rendered":"","protected":false},"excerpt":{"rendered":"<p>La golosit\u00e0 delle amarene in versione spalmabile. La <strong>Confettura di Amarene<\/strong> porta tutta la freschezza e il gusto delle amarene raccolte a mano dalle suore Trappiste sulla vostra tavola. Provatela spalmandola su una semplice fetta di pane o usandola per farcire torte e brioche, la golosit\u00e0 \u00e8 assicurata! La Confettura di Amarene scelta per voi da Sommariva \u00e8 disponibile in vasetto da 400 g.<br \/>\n<strong>INGREDIENTI: <\/strong>Amarene 84%, zucchero, mele 13%, succo di limone. <em>Dopo l\u2019apertura conservare in frigorifero.<br \/>\n<\/em><strong>ALLERGENI: <\/strong>In conformit\u00e0 alla Dir. 2007\/68\/CE che modifica l\u2019Allegato III bis della Dir. 2000\/13\/CE<br \/>\n<strong>VALORI NUTRIZIONALI MEDI PER 100g: <\/strong>Energia 231,2 kcal &#8211; 982,6 kJ, Grassi 0,1 g (di cui acidi grassi saturi&lt; 0,1 g, di cui acidi grassi monoinsaturi, di cui acidi grassi polinsaturi, Carboidrati 57 g (di cui zuccheri 57g), Fibre, Proteine 0,8 g, Sale 2,5 mg.<br \/>\n<strong>IGIENE E SICUREZZA: <\/strong>Lo stabilimento di produzione applica un sistema di autocontrollo secondo il metodo HACCP ed opera in conformit\u00e0 a quanto previsto dal Reg. CE 852\/2004 sull\u2019igiene dei prodotti alimentari.<br \/>\nOGM: Il prodotto non contiene Organismi Geneticamente Modificati in conformit\u00e0 ai Reg.CE 1829\/2003 e 1830\/2003.<br \/>\nRINTRACCIABILIT\u00c0: \u00c8 garantita la rintracciabilit\u00e0 delle materie prime utilizzate per ciascun lotto di produzione.<\/p>\n","protected":false},"featured_media":26906,"template":"","meta":[],"product_brand":[],"product_cat":[178],"product_tag":[],"class_list":{"0":"post-26900","1":"product","2":"type-product","3":"status-publish","4":"has-post-thumbnail","6":"product_cat-dolci-confetture-e-mieli","8":"first","9":"instock","10":"taxable","11":"shipping-taxable","12":"purchasable","13":"product-type-simple"},"_links":{"self":[{"href":"https:\/\/italiansublimefood.com\/it\/wp-json\/wp\/v2\/product\/26900","targetHints":{"allow":["GET"]}}],"collection":[{"href":"https:\/\/italiansublimefood.com\/it\/wp-json\/wp\/v2\/product"}],"about":[{"href":"https:\/\/italiansublimefood.com\/it\/wp-json\/wp\/v2\/types\/product"}],"wp:featuredmedia":[{"embeddable":true,"href":"https:\/\/italiansublimefood.com\/it\/wp-json\/wp\/v2\/media\/26906"}],"wp:attachment":[{"href":"https:\/\/italiansublimefood.com\/it\/wp-json\/wp\/v2\/media?parent=26900"}],"wp:term":[{"taxonomy":"product_brand","embeddable":true,"href":"https:\/\/italiansublimefood.com\/it\/wp-json\/wp\/v2\/product_brand?post=26900"},{"taxonomy":"product_cat","embeddable":true,"href":"https:\/\/italiansublimefood.com\/it\/wp-json\/wp\/v2\/product_cat?post=26900"},{"taxonomy":"product_tag","embeddable":true,"href":"https:\/\/italiansublimefood.com\/it\/wp-json\/wp\/v2\/product_tag?post=26900"}],"curies":[{"name":"wp","href":"https:\/\/api.w.org\/{rel}","templated":true}]}}