{"id":26887,"date":"2025-04-12T11:41:56","date_gmt":"2025-04-12T09:41:56","guid":{"rendered":"https:\/\/italiansublimefood.com\/?post_type=product&#038;p=26887"},"modified":"2025-12-05T09:10:06","modified_gmt":"2025-12-05T08:10:06","slug":"confettura-di-fragole-sommariva","status":"publish","type":"product","link":"https:\/\/italiansublimefood.com\/it\/prodotto\/confettura-di-fragole-sommariva\/","title":{"rendered":"Confettura di Fragole &#8211; Sommariva"},"content":{"rendered":"","protected":false},"excerpt":{"rendered":"<p>La confettura pi\u00f9 amata da grandi e piccini! <strong>Genuina, naturale e golosa<\/strong>: la Confettura Extra di Fragole scelta per voi da Sommariva \u00e8 un vero trionfo di gusto. Preparata secondo ricetta tradizionale dalle suore Trappiste utilizzando solo selezionatissime\u00a0<strong>fragole di prima qualit\u00e0. <\/strong>Da provare sul pane a colazione, per uno spuntino pomeridiano pieno di gusto, o per cucinare dolci golosi. La trovate in confezione da 400 g.<br \/>\n<strong>INGREDIENTI: <\/strong>Fragole, zucchero, succo di limone.<br \/>\n<strong>ALLERGENI: <\/strong>In conformit\u00e0 alla Dir. 2007\/68\/CE che modifica l\u2019Allegato III bis della Dir. 2000\/13\/CE<br \/>\n<strong>VALORI NUTRIZIONALI MEDI PER 100g:\u00a0 <\/strong>Energia 237,5 kcal &#8211; 1009 kJ, Grassi 0,3 g( di cui acidi grassi saturi&lt; 0,1 g, di cui acidi grassi monoinsaturi, di cui acidi grassi polinsaturi), Carboidrati 58 g (di cui zuccheri 58g), Fibre, Proteine 0,7 g, Sale 2,2 mg.<br \/>\n<strong>IGIENE E SICUREZZA: <\/strong>Lo stabilimento di produzione applica un sistema di autocontrollo secondo il metodo HACCP ed opera in conformit\u00e0 a quanto previsto dal Reg. CE 852\/2004 sull\u2019igiene dei prodotti alimentari.<br \/>\nOGM: Il prodotto non contiene Organismi Geneticamente Modificati in conformit\u00e0 ai Reg.CE 1829\/2003 e 1830\/2003.<br \/>\nRINTRACCIABILIT\u00c0: \u00c8 garantita la rintracciabilit\u00e0 delle materie prime utilizzate per ciascun lotto di produzione.<\/p>\n","protected":false},"featured_media":26888,"template":"","meta":[],"product_brand":[],"product_cat":[178],"product_tag":[],"class_list":{"0":"post-26887","1":"product","2":"type-product","3":"status-publish","4":"has-post-thumbnail","6":"product_cat-dolci-confetture-e-mieli","8":"first","9":"instock","10":"taxable","11":"shipping-taxable","12":"purchasable","13":"product-type-simple"},"_links":{"self":[{"href":"https:\/\/italiansublimefood.com\/it\/wp-json\/wp\/v2\/product\/26887","targetHints":{"allow":["GET"]}}],"collection":[{"href":"https:\/\/italiansublimefood.com\/it\/wp-json\/wp\/v2\/product"}],"about":[{"href":"https:\/\/italiansublimefood.com\/it\/wp-json\/wp\/v2\/types\/product"}],"wp:featuredmedia":[{"embeddable":true,"href":"https:\/\/italiansublimefood.com\/it\/wp-json\/wp\/v2\/media\/26888"}],"wp:attachment":[{"href":"https:\/\/italiansublimefood.com\/it\/wp-json\/wp\/v2\/media?parent=26887"}],"wp:term":[{"taxonomy":"product_brand","embeddable":true,"href":"https:\/\/italiansublimefood.com\/it\/wp-json\/wp\/v2\/product_brand?post=26887"},{"taxonomy":"product_cat","embeddable":true,"href":"https:\/\/italiansublimefood.com\/it\/wp-json\/wp\/v2\/product_cat?post=26887"},{"taxonomy":"product_tag","embeddable":true,"href":"https:\/\/italiansublimefood.com\/it\/wp-json\/wp\/v2\/product_tag?post=26887"}],"curies":[{"name":"wp","href":"https:\/\/api.w.org\/{rel}","templated":true}]}}