{"id":26879,"date":"2025-04-12T11:28:50","date_gmt":"2025-04-12T09:28:50","guid":{"rendered":"https:\/\/italiansublimefood.com\/?post_type=product&#038;p=26879"},"modified":"2025-12-05T09:10:09","modified_gmt":"2025-12-05T08:10:09","slug":"confettura-di-ciliegie-sommariva","status":"publish","type":"product","link":"https:\/\/italiansublimefood.com\/it\/prodotto\/confettura-di-ciliegie-sommariva\/","title":{"rendered":"Confettura di Ciliegie &#8211; Sommariva"},"content":{"rendered":"","protected":false},"excerpt":{"rendered":"<p>Il gusto delle ciliegie a portata di mano per tutto l\u2019anno La\u00a0<strong>Confettura di Ciliegie<\/strong> selezionata da Sommariva porta il gusto dolce, intenso e vivace delle ciliegie nella vostra cucina per tutto l\u2019anno. Preparata secondo ricetta tradizionale utilizzando solo<strong>\u00a0ciliegie scelte a mano,<\/strong> questa confettura far\u00e0 la felicit\u00e0 di grandi e piccini. Provatela sul pane o per infornare torte, crostate o deliziose brioche ripiene. La trovate in confezione da 400 g.<br \/>\n<strong>INGREDIENTI: <\/strong>Ciliegie, zucchero, succo di limone. <em>Dopo l\u2019apertura conservare in frigorifero<br \/>\n<\/em><strong>ALLERGENI: <\/strong>In conformit\u00e0 alla Dir. 2007\/68\/CE che modifica l\u2019Allegato III bis della Dir. 2000\/13\/CE<br \/>\n<strong>VALORI NUTRIZIONALI MEDI PER 100g: <\/strong>Energia 244,6 kcal &#8211; 1039,3 kJ, Grassi 0,2 g (di cui acidi grassi saturi&lt; 0,1 g, di cui acidi grassi monoinsaturi, di cui acidi grassi polinsaturi), Carboidrati 60 g (di cui zuccheri 60g), Fibre, Proteine 0,7 g, Sale 3,3 mg.<br \/>\n<strong>IGIENE E SICUREZZA: <\/strong>Lo stabilimento di produzione applica un sistema di autocontrollo secondo il metodo HACCP ed opera in conformit\u00e0 a quanto previsto dal Reg. CE 852\/2004 sull\u2019igiene dei prodotti alimentari.<br \/>\nOGM<strong>: <\/strong>Il prodotto non contiene Organismi Geneticamente Modificati in conformit\u00e0 ai Reg.CE 1829\/2003 e 1830\/2003.<br \/>\nRINTRACCIABILIT\u00c0:\u00c8 garantita la rintracciabilit\u00e0 delle materie prime utilizzate per ciascun lotto di produzione.<\/p>\n<p>&nbsp;<\/p>\n","protected":false},"featured_media":26880,"template":"","meta":[],"product_brand":[],"product_cat":[178],"product_tag":[],"class_list":{"0":"post-26879","1":"product","2":"type-product","3":"status-publish","4":"has-post-thumbnail","6":"product_cat-dolci-confetture-e-mieli","8":"first","9":"instock","10":"taxable","11":"shipping-taxable","12":"purchasable","13":"product-type-simple"},"_links":{"self":[{"href":"https:\/\/italiansublimefood.com\/it\/wp-json\/wp\/v2\/product\/26879","targetHints":{"allow":["GET"]}}],"collection":[{"href":"https:\/\/italiansublimefood.com\/it\/wp-json\/wp\/v2\/product"}],"about":[{"href":"https:\/\/italiansublimefood.com\/it\/wp-json\/wp\/v2\/types\/product"}],"wp:featuredmedia":[{"embeddable":true,"href":"https:\/\/italiansublimefood.com\/it\/wp-json\/wp\/v2\/media\/26880"}],"wp:attachment":[{"href":"https:\/\/italiansublimefood.com\/it\/wp-json\/wp\/v2\/media?parent=26879"}],"wp:term":[{"taxonomy":"product_brand","embeddable":true,"href":"https:\/\/italiansublimefood.com\/it\/wp-json\/wp\/v2\/product_brand?post=26879"},{"taxonomy":"product_cat","embeddable":true,"href":"https:\/\/italiansublimefood.com\/it\/wp-json\/wp\/v2\/product_cat?post=26879"},{"taxonomy":"product_tag","embeddable":true,"href":"https:\/\/italiansublimefood.com\/it\/wp-json\/wp\/v2\/product_tag?post=26879"}],"curies":[{"name":"wp","href":"https:\/\/api.w.org\/{rel}","templated":true}]}}