{"id":26871,"date":"2025-04-12T11:12:10","date_gmt":"2025-04-12T09:12:10","guid":{"rendered":"https:\/\/italiansublimefood.com\/?post_type=product&#038;p=26871"},"modified":"2025-12-05T09:10:15","modified_gmt":"2025-12-05T08:10:15","slug":"confettura-di-prugne-sommariva","status":"publish","type":"product","link":"https:\/\/italiansublimefood.com\/it\/prodotto\/confettura-di-prugne-sommariva\/","title":{"rendered":"Confettura di Prugne &#8211; Sommariva"},"content":{"rendered":"","protected":false},"excerpt":{"rendered":"<p>Il gusto zuccherino delle prugne in una confettura che amerete. La\u00a0<strong>Confettura di Prugne<\/strong> che abbiamo scelto per voi \u00e8 una delizia spalmabile, ottima da consumare sul pane fresco e casereccio. Provatela a colazione o per uno spuntino pomeridiano e assaporate tutto\u00a0<strong>il gusto della frutta genuina. <\/strong>La trovate in confezione da 400g.<br \/>\n<strong>INGREDIENTI: <\/strong>Prugne, zucchero, succo di limone. <em>Dopo l\u2019apertura conservare in frigorifero.<br \/>\n<\/em><strong>ALLERGENI: <\/strong>In conformit\u00e0 alla Dir. 2007\/68\/CE che modifica l\u2019Allegato III bis della Dir. 2000\/13\/CE<br \/>\n<strong>VALORI NUTRIZIONALI MEDI PER 100g: <\/strong>Energia 238,5 kcal &#8211; 1013,5 kJ, Grassi 0,1 g (di cui acidi grassi saturi&lt; 0,1 g di cui acidi grassi monoinsaturi, di cui acidi grassi polinsaturi), Carboidrati 59 g (di cui zuccheri 59 g),\u00a0 Fibre, Proteine 0,4 g, Sale 2,2 mg.<br \/>\n<strong>IGIENE E SICUREZZA: <\/strong>Lo stabilimento di produzione applica un sistema di autocontrollo secondo il metodo HACCP ed opera in conformit\u00e0 a quanto previsto dal Reg. CE 852\/2004 sull\u2019igiene dei prodotti alimentari.<br \/>\n<strong>OGM: <\/strong>Il prodotto non contiene Organismi Geneticamente Modificati in conformit\u00e0 ai Reg.CE 1829\/2003 e 1830\/2003.<br \/>\nRINTRACCIABILIT\u00c0:\u00c8 garantita la rintracciabilit\u00e0 delle materie prime utilizzate per ciascun lotto di produzione.<\/p>\n","protected":false},"featured_media":26872,"template":"","meta":[],"product_brand":[],"product_cat":[178],"product_tag":[],"class_list":{"0":"post-26871","1":"product","2":"type-product","3":"status-publish","4":"has-post-thumbnail","6":"product_cat-dolci-confetture-e-mieli","8":"first","9":"instock","10":"taxable","11":"shipping-taxable","12":"purchasable","13":"product-type-simple"},"_links":{"self":[{"href":"https:\/\/italiansublimefood.com\/it\/wp-json\/wp\/v2\/product\/26871","targetHints":{"allow":["GET"]}}],"collection":[{"href":"https:\/\/italiansublimefood.com\/it\/wp-json\/wp\/v2\/product"}],"about":[{"href":"https:\/\/italiansublimefood.com\/it\/wp-json\/wp\/v2\/types\/product"}],"wp:featuredmedia":[{"embeddable":true,"href":"https:\/\/italiansublimefood.com\/it\/wp-json\/wp\/v2\/media\/26872"}],"wp:attachment":[{"href":"https:\/\/italiansublimefood.com\/it\/wp-json\/wp\/v2\/media?parent=26871"}],"wp:term":[{"taxonomy":"product_brand","embeddable":true,"href":"https:\/\/italiansublimefood.com\/it\/wp-json\/wp\/v2\/product_brand?post=26871"},{"taxonomy":"product_cat","embeddable":true,"href":"https:\/\/italiansublimefood.com\/it\/wp-json\/wp\/v2\/product_cat?post=26871"},{"taxonomy":"product_tag","embeddable":true,"href":"https:\/\/italiansublimefood.com\/it\/wp-json\/wp\/v2\/product_tag?post=26871"}],"curies":[{"name":"wp","href":"https:\/\/api.w.org\/{rel}","templated":true}]}}