{"id":26866,"date":"2025-04-12T11:03:38","date_gmt":"2025-04-12T09:03:38","guid":{"rendered":"https:\/\/italiansublimefood.com\/?post_type=product&#038;p=26866"},"modified":"2025-12-05T09:10:17","modified_gmt":"2025-12-05T08:10:17","slug":"cofettura-di-pomodori-verdi-sommariva","status":"publish","type":"product","link":"https:\/\/italiansublimefood.com\/it\/prodotto\/cofettura-di-pomodori-verdi-sommariva\/","title":{"rendered":"Cofettura di Pomodori verdi &#8211; Sommariva"},"content":{"rendered":"","protected":false},"excerpt":{"rendered":"<p>Una confettura davvero unica nel suo genere! La<strong>\u00a0Confettura Extra di Pomodori Verdi<\/strong> \u00e8 un prodotto meno conosciuto della tradizione culinaria italiana, ma non per questo meno amato. Gustosa e originale, \u00e8 la confettura giusta per stupire i vostri ospiti o per una colazione speciale. La trovate in confezione da 400 g.<br \/>\n<strong>INGREDIENTI <\/strong>Pomodori verdi, zucchero, succo di limone. <em>Dopo l\u2019apertura conservare in frigorifero<br \/>\n<\/em><strong>ALLERGENI <\/strong>In conformit\u00e0 alla Dir. 2007\/68\/CE che modifica l\u2019Allegato III bis della Dir. 2000\/13\/CE<br \/>\n<strong>VALORI NUTRIZIONALI MEDI PER 100g: <\/strong>Energia 253,8 kcal &#8211; 1078,4 kJ, Grassi 0,2 g (di cui acidi grassi saturi&lt; 0,1 g, di cui acidi grassi monoinsaturi, di cui acidi grassi polinsaturi), Carboidrati62 g (di cui zuccheri 62 g), Fibre, Proteine1,0 g, Sale3,0 mg.<br \/>\n<strong>IGIENE E SICUREZZA: <\/strong>Lo stabilimento di produzione applica un sistema di autocontrollo secondo il metodo HACCP ed opera in conformit\u00e0 a quanto previsto dal Reg. CE 852\/2004 sull\u2019igiene dei prodotti alimentari.<br \/>\n<strong>OGM: <\/strong>Il prodotto non contiene Organismi Geneticamente Modificati in conformit\u00e0 ai Reg.CE 1829\/2003 e 1830\/2003.<br \/>\nRINTRACCIABILIT\u00c0:\u00c8 garantita la rintracciabilit\u00e0 delle materie prime utilizzate per ciascun lotto di produzione.<\/p>\n","protected":false},"featured_media":26868,"template":"","meta":[],"product_brand":[],"product_cat":[178],"product_tag":[],"class_list":{"0":"post-26866","1":"product","2":"type-product","3":"status-publish","4":"has-post-thumbnail","6":"product_cat-dolci-confetture-e-mieli","8":"first","9":"instock","10":"taxable","11":"shipping-taxable","12":"purchasable","13":"product-type-simple"},"_links":{"self":[{"href":"https:\/\/italiansublimefood.com\/it\/wp-json\/wp\/v2\/product\/26866","targetHints":{"allow":["GET"]}}],"collection":[{"href":"https:\/\/italiansublimefood.com\/it\/wp-json\/wp\/v2\/product"}],"about":[{"href":"https:\/\/italiansublimefood.com\/it\/wp-json\/wp\/v2\/types\/product"}],"wp:featuredmedia":[{"embeddable":true,"href":"https:\/\/italiansublimefood.com\/it\/wp-json\/wp\/v2\/media\/26868"}],"wp:attachment":[{"href":"https:\/\/italiansublimefood.com\/it\/wp-json\/wp\/v2\/media?parent=26866"}],"wp:term":[{"taxonomy":"product_brand","embeddable":true,"href":"https:\/\/italiansublimefood.com\/it\/wp-json\/wp\/v2\/product_brand?post=26866"},{"taxonomy":"product_cat","embeddable":true,"href":"https:\/\/italiansublimefood.com\/it\/wp-json\/wp\/v2\/product_cat?post=26866"},{"taxonomy":"product_tag","embeddable":true,"href":"https:\/\/italiansublimefood.com\/it\/wp-json\/wp\/v2\/product_tag?post=26866"}],"curies":[{"name":"wp","href":"https:\/\/api.w.org\/{rel}","templated":true}]}}