{"id":26853,"date":"2025-04-12T10:38:26","date_gmt":"2025-04-12T08:38:26","guid":{"rendered":"https:\/\/italiansublimefood.com\/?post_type=product&#038;p=26853"},"modified":"2025-12-05T09:10:26","modified_gmt":"2025-12-05T08:10:26","slug":"confettura-di-cotogne-sommariva","status":"publish","type":"product","link":"https:\/\/italiansublimefood.com\/it\/prodotto\/confettura-di-cotogne-sommariva\/","title":{"rendered":"Confettura di Cotogne &#8211; Sommariva"},"content":{"rendered":"","protected":false},"excerpt":{"rendered":"<p>Tutto il gusto della mela cotogna in vasetto di vetro. La bont\u00e0 e le incredibili propriet\u00e0 della mela cotogna racchiuse in una marmellata tradizionale, preparata in modo classico. La\u00a0<strong>Marmellata di Cotogne<\/strong>\u00a0selezionata da\u00a0<strong>Sommariva<\/strong> \u00e8 realizzata in modo naturale scegliendo solo i frutti migliori. Provatela sul pane a colazione o come dolce spuntino goloso per merenda, anche i pi\u00f9 piccini la adoreranno! In confezione in vetro da 400 g.<br \/>\n<strong>INGREDIENTI: <\/strong>Cotogne, zucchero, succo di limone. <em>Dopo l\u2019apertura conservare in frigorifero.<br \/>\n<\/em><strong>ALLERGENI: <\/strong>In conformit\u00e0 alla Dir. 2007\/68\/CE che modifica l\u2019Allegato III bis della Dir. 2000\/13\/CE.<br \/>\n<strong>VALORI NUTRIZIONALI MEDI PER 100g:\u00a0 <\/strong>Energia 245,7 kcal &#8211; 1044 kJ, Grassi0,1 g (di cui acidi grassi saturi&lt; 0,1 g, di cui acidi grassi monoinsaturi, di cui acidi grassi polinsaturi), Carboidrati61 g (di cui zuccheri61 g),<br \/>\nFibre, Proteine 0,2 g, Sale 0,6 mg.<br \/>\n<strong>IGIENE E SICUREZZA: <\/strong>Lo stabilimento di produzione applica un sistema di autocontrollo secondo il metodo HACCP ed opera in conformit\u00e0 a quanto previsto dal Reg. CE 852\/2004 sull\u2019igiene dei prodotti alimentari.<br \/>\n<strong>OGM: <\/strong>Il prodotto non contiene Organismi Geneticamente Modificati in conformit\u00e0 ai Reg.CE 1829\/2003 e 1830\/2003.<br \/>\nRINTRACCIABILIT\u00c0: \u00c8 garantita la rintracciabilit\u00e0 delle materie prime utilizzate per ciascun lotto di produzione.<\/p>\n","protected":false},"featured_media":26854,"template":"","meta":[],"product_brand":[],"product_cat":[178],"product_tag":[],"class_list":{"0":"post-26853","1":"product","2":"type-product","3":"status-publish","4":"has-post-thumbnail","6":"product_cat-dolci-confetture-e-mieli","8":"first","9":"instock","10":"taxable","11":"shipping-taxable","12":"purchasable","13":"product-type-simple"},"_links":{"self":[{"href":"https:\/\/italiansublimefood.com\/it\/wp-json\/wp\/v2\/product\/26853","targetHints":{"allow":["GET"]}}],"collection":[{"href":"https:\/\/italiansublimefood.com\/it\/wp-json\/wp\/v2\/product"}],"about":[{"href":"https:\/\/italiansublimefood.com\/it\/wp-json\/wp\/v2\/types\/product"}],"wp:featuredmedia":[{"embeddable":true,"href":"https:\/\/italiansublimefood.com\/it\/wp-json\/wp\/v2\/media\/26854"}],"wp:attachment":[{"href":"https:\/\/italiansublimefood.com\/it\/wp-json\/wp\/v2\/media?parent=26853"}],"wp:term":[{"taxonomy":"product_brand","embeddable":true,"href":"https:\/\/italiansublimefood.com\/it\/wp-json\/wp\/v2\/product_brand?post=26853"},{"taxonomy":"product_cat","embeddable":true,"href":"https:\/\/italiansublimefood.com\/it\/wp-json\/wp\/v2\/product_cat?post=26853"},{"taxonomy":"product_tag","embeddable":true,"href":"https:\/\/italiansublimefood.com\/it\/wp-json\/wp\/v2\/product_tag?post=26853"}],"curies":[{"name":"wp","href":"https:\/\/api.w.org\/{rel}","templated":true}]}}