{"id":26846,"date":"2025-04-12T10:11:02","date_gmt":"2025-04-12T08:11:02","guid":{"rendered":"https:\/\/italiansublimefood.com\/?post_type=product&#038;p=26846"},"modified":"2025-12-05T09:10:28","modified_gmt":"2025-12-05T08:10:28","slug":"nutolea-fondente-spalmabile-sommariva","status":"publish","type":"product","link":"https:\/\/italiansublimefood.com\/it\/prodotto\/nutolea-fondente-spalmabile-sommariva\/","title":{"rendered":"Nutolea Fondente spalmabile &#8211; Sommariva"},"content":{"rendered":"","protected":false},"excerpt":{"rendered":"<p>Lo Spalmabile Fondente Nutolea Sommariva \u00e8 una crema al cioccolato golosa e delicata. \u00c8 resa avvolgente dall\u2019aggiunta del nostro ottimo Olio Extravergine di Oliva. Perfetta da spalmare sul pane, questo dolce capriccio racchiude tutto il gusto genuino del cacao e piacer\u00e0 a grandi e piccini. Disponibile in vasetto da 100 g.<br \/>\n<strong>INGREDIENTI<\/strong>: Pasta di nocciola* (100%), pralinato (nocciole*, zucchero, emulsionante lecitina di soia*), copertura fondente monorigine Per\u00f9 70% (caco del Per\u00f9 64%, zucchero, burro di caco, emulsionante lecitina di soia*, estratto di vaniglia), olio extra vergine di oliva 12%, cacao in polvere.<br \/>\n<strong>ALLERGENI: <\/strong><strong>*Gli ingredienti, compresi i cereali che contengono glutine, possono provocare allergie o intolleranze.<br \/>\n<\/strong><strong>VALORI NUTRIZIONALI MEDI PER 100g: <\/strong>Energia 2650kJ &#8211; 638 kcal, Grassi 50,3 g (di cui acidi grassi saturi 9,8 g, di cui acidi grassi monoinsaturi, di cui acidi grassi polinsaturi), Carboidrati 36,9 g (di cui zuccheri 29,9 g),\u00a0 Fibre, Proteine 9,5 g, Sale 0,0 g,<br \/>\n<strong>IGIENE E SICUREZZA: <\/strong>Lo stabilimento di produzione applica un sistema di autocontrollo secondo il metodo HACCP ed opera in conformit\u00e0 a quanto previsto dal Reg. CE 852\/2004 sull\u2019igiene dei prodotti alimentari.<br \/>\n<strong>OGM: <\/strong>Il prodotto non contiene Organismi Geneticamente Modificati in conformit\u00e0 ai Reg.CE 1829\/2003 e 1830\/2003.<br \/>\nRINTRACCIABILIT\u00c0:\u00c8 garantita la rintracciabilit\u00e0 delle materie prime utilizzate per ciascun lotto di produzione.<\/p>\n","protected":false},"featured_media":26848,"template":"","meta":[],"product_brand":[],"product_cat":[178],"product_tag":[],"class_list":{"0":"post-26846","1":"product","2":"type-product","3":"status-publish","4":"has-post-thumbnail","6":"product_cat-dolci-confetture-e-mieli","8":"first","9":"instock","10":"taxable","11":"shipping-taxable","12":"purchasable","13":"product-type-simple"},"_links":{"self":[{"href":"https:\/\/italiansublimefood.com\/it\/wp-json\/wp\/v2\/product\/26846","targetHints":{"allow":["GET"]}}],"collection":[{"href":"https:\/\/italiansublimefood.com\/it\/wp-json\/wp\/v2\/product"}],"about":[{"href":"https:\/\/italiansublimefood.com\/it\/wp-json\/wp\/v2\/types\/product"}],"wp:featuredmedia":[{"embeddable":true,"href":"https:\/\/italiansublimefood.com\/it\/wp-json\/wp\/v2\/media\/26848"}],"wp:attachment":[{"href":"https:\/\/italiansublimefood.com\/it\/wp-json\/wp\/v2\/media?parent=26846"}],"wp:term":[{"taxonomy":"product_brand","embeddable":true,"href":"https:\/\/italiansublimefood.com\/it\/wp-json\/wp\/v2\/product_brand?post=26846"},{"taxonomy":"product_cat","embeddable":true,"href":"https:\/\/italiansublimefood.com\/it\/wp-json\/wp\/v2\/product_cat?post=26846"},{"taxonomy":"product_tag","embeddable":true,"href":"https:\/\/italiansublimefood.com\/it\/wp-json\/wp\/v2\/product_tag?post=26846"}],"curies":[{"name":"wp","href":"https:\/\/api.w.org\/{rel}","templated":true}]}}