{"id":26842,"date":"2025-04-12T10:02:54","date_gmt":"2025-04-12T08:02:54","guid":{"rendered":"https:\/\/italiansublimefood.com\/?post_type=product&#038;p=26842"},"modified":"2025-12-05T09:10:29","modified_gmt":"2025-12-05T08:10:29","slug":"marmellata-di-arancia-sommariva","status":"publish","type":"product","link":"https:\/\/italiansublimefood.com\/it\/prodotto\/marmellata-di-arancia-sommariva\/","title":{"rendered":"Marmellata di Arancia &#8211; Sommariva"},"content":{"rendered":"","protected":false},"excerpt":{"rendered":"<p>La\u00a0<strong>Marmellata d\u2019Arancia selezionata da Sommariva<\/strong> racchiude tutto il gusto di uno degli agrumi pi\u00f9 amati al mondo. Questi gli conferiscono un sapore morbido, dolce e avvolgente grazie anche alla sapiente aggiunta di zuccheri. Preparata con ricetta tradizionale, questa marmellata \u00e8\u00a0<strong>perfetta da consumare a colazione<\/strong>, per iniziare la giornata nel migliore dei modi. La trovate in confezione da 400 g.<br \/>\n<strong>INGREDIENTI: <\/strong>Arance, zucchero. <em>Dopo l\u2019apertura conservare in frigorifero.<br \/>\n<\/em><strong>ALLERGENI: <\/strong>In conformit\u00e0 alla Dir. 2007\/68\/CE che modifica l\u2019Allegato III bis della Dir. 2000\/13\/CE<br \/>\n<strong>VALORI NUTRIZIONALI MEDI PER 100g:\u00a0<\/strong>Energia 250,5 kcal 1064,5 kJ, Grassi 0,1 g (di cui acidi grassi saturi&lt; 0,1 g, di cui acidi grassi monoinsaturi, di cui acidi grassi polinsaturi), Carboidrati 62 g, (di cui zuccheri62 g), Fibre, Proteine 0,4 g, Sale 2,2 mg.<br \/>\n<strong>IGIENE E SICUREZZA: <\/strong>Lo stabilimento di produzione applica un sistema di autocontrollo secondo il metodo HACCP ed opera in conformit\u00e0 a quanto previsto dal Reg. CE 852\/2004 sull\u2019igiene dei prodotti alimentari.<br \/>\n<strong>OGM: <\/strong>Il prodotto non contiene Organismi Geneticamente Modificati in conformit\u00e0 ai Reg.CE 1829\/2003 e 1830\/2003.<br \/>\nRINTRACCIABILIT\u00c0: \u00c8 garantita la rintracciabilit\u00e0 delle materie prime utilizzate per ciascun lotto di produzione.<\/p>\n","protected":false},"featured_media":26843,"template":"","meta":[],"product_brand":[],"product_cat":[178],"product_tag":[],"class_list":{"0":"post-26842","1":"product","2":"type-product","3":"status-publish","4":"has-post-thumbnail","6":"product_cat-dolci-confetture-e-mieli","8":"first","9":"instock","10":"taxable","11":"shipping-taxable","12":"purchasable","13":"product-type-simple"},"_links":{"self":[{"href":"https:\/\/italiansublimefood.com\/it\/wp-json\/wp\/v2\/product\/26842","targetHints":{"allow":["GET"]}}],"collection":[{"href":"https:\/\/italiansublimefood.com\/it\/wp-json\/wp\/v2\/product"}],"about":[{"href":"https:\/\/italiansublimefood.com\/it\/wp-json\/wp\/v2\/types\/product"}],"wp:featuredmedia":[{"embeddable":true,"href":"https:\/\/italiansublimefood.com\/it\/wp-json\/wp\/v2\/media\/26843"}],"wp:attachment":[{"href":"https:\/\/italiansublimefood.com\/it\/wp-json\/wp\/v2\/media?parent=26842"}],"wp:term":[{"taxonomy":"product_brand","embeddable":true,"href":"https:\/\/italiansublimefood.com\/it\/wp-json\/wp\/v2\/product_brand?post=26842"},{"taxonomy":"product_cat","embeddable":true,"href":"https:\/\/italiansublimefood.com\/it\/wp-json\/wp\/v2\/product_cat?post=26842"},{"taxonomy":"product_tag","embeddable":true,"href":"https:\/\/italiansublimefood.com\/it\/wp-json\/wp\/v2\/product_tag?post=26842"}],"curies":[{"name":"wp","href":"https:\/\/api.w.org\/{rel}","templated":true}]}}