{"id":26834,"date":"2025-04-12T09:49:50","date_gmt":"2025-04-12T07:49:50","guid":{"rendered":"https:\/\/italiansublimefood.com\/?post_type=product&#038;p=26834"},"modified":"2025-12-05T09:10:31","modified_gmt":"2025-12-05T08:10:31","slug":"marmellata-di-mandarino-sommariva","status":"publish","type":"product","link":"https:\/\/italiansublimefood.com\/it\/prodotto\/marmellata-di-mandarino-sommariva\/","title":{"rendered":"Marmellata di Mandarino &#8211; Sommariva"},"content":{"rendered":"","protected":false},"excerpt":{"rendered":"<p>Il gusto dolce e vivace del mandarino si sposa con lo zucchero in questa ricetta tradizionale. Il risultato \u00e8 la\u00a0<strong>Marmellata di Mandarino<\/strong> che Sommariva ha selezionato per voi, una vera e propria celebrazione del frutto invernale che permetter\u00e0 di portarlo in tavola tutto l\u2019anno. Provatela sul pane per un\u2019esperienza di gusto unica, la trovate in vasetto da 400 g.<br \/>\n<strong>INGREDIENTI:<\/strong> Mandarini, zucchero. <em>Dopo l\u2019apertura conservare in frigorifero<br \/>\n<\/em><strong>ALLERGENI<\/strong>: In conformit\u00e0 alla Dir. 2007\/68\/CE che modifica l\u2019Allegato III bis della Dir. 2000\/13\/CE<br \/>\n<strong>VALORI NUTRIZIONALI MEDI PER 100g:<\/strong> Energia 228,6 kcal &#8211; 971,3 kJ, Grassi 0,2 g,(di cui acidi grassi saturi&lt; 0,1 g, di cui acidi grassi monoinsaturi 0, di cui acidi grassi polinsaturi 0 ), Carboidrati 56 g, di cui zuccheri 56g, Fibre 0, Proteine 0,7 g, Sale 1,3 mg.<br \/>\n<strong>IGIENE E SICUREZZA:<\/strong> Lo stabilimento di produzione applica un sistema di autocontrollo secondo il metodo HACCP ed opera in conformit\u00e0 a quanto previsto dal Reg. CE 852\/2004 sull\u2019igiene dei prodotti alimentari.<br \/>\n<strong>OGM:<\/strong> Il prodotto non contiene Organismi Geneticamente Modificati in conformit\u00e0 ai Reg.CE 1829\/2003 e 1830\/2003.<br \/>\nRINTRACCIABILIT\u00c0:\u00c8 garantita la rintracciabilit\u00e0 delle materie prime utilizzate per ciascun lotto di produzione.<\/p>\n","protected":false},"featured_media":26835,"template":"","meta":[],"product_brand":[],"product_cat":[178],"product_tag":[],"class_list":{"0":"post-26834","1":"product","2":"type-product","3":"status-publish","4":"has-post-thumbnail","6":"product_cat-dolci-confetture-e-mieli","8":"first","9":"instock","10":"taxable","11":"shipping-taxable","12":"purchasable","13":"product-type-simple"},"_links":{"self":[{"href":"https:\/\/italiansublimefood.com\/it\/wp-json\/wp\/v2\/product\/26834","targetHints":{"allow":["GET"]}}],"collection":[{"href":"https:\/\/italiansublimefood.com\/it\/wp-json\/wp\/v2\/product"}],"about":[{"href":"https:\/\/italiansublimefood.com\/it\/wp-json\/wp\/v2\/types\/product"}],"wp:featuredmedia":[{"embeddable":true,"href":"https:\/\/italiansublimefood.com\/it\/wp-json\/wp\/v2\/media\/26835"}],"wp:attachment":[{"href":"https:\/\/italiansublimefood.com\/it\/wp-json\/wp\/v2\/media?parent=26834"}],"wp:term":[{"taxonomy":"product_brand","embeddable":true,"href":"https:\/\/italiansublimefood.com\/it\/wp-json\/wp\/v2\/product_brand?post=26834"},{"taxonomy":"product_cat","embeddable":true,"href":"https:\/\/italiansublimefood.com\/it\/wp-json\/wp\/v2\/product_cat?post=26834"},{"taxonomy":"product_tag","embeddable":true,"href":"https:\/\/italiansublimefood.com\/it\/wp-json\/wp\/v2\/product_tag?post=26834"}],"curies":[{"name":"wp","href":"https:\/\/api.w.org\/{rel}","templated":true}]}}