{"id":26826,"date":"2025-04-12T09:35:31","date_gmt":"2025-04-12T07:35:31","guid":{"rendered":"https:\/\/italiansublimefood.com\/?post_type=product&#038;p=26826"},"modified":"2025-10-07T08:55:40","modified_gmt":"2025-10-07T06:55:40","slug":"miele-di-millefiori-bio-sommariva","status":"publish","type":"product","link":"https:\/\/italiansublimefood.com\/it\/prodotto\/miele-di-millefiori-bio-sommariva\/","title":{"rendered":"Miele di Millefiori BIO &#8211; Sommariva"},"content":{"rendered":"","protected":false},"excerpt":{"rendered":"<p><span style=\"vertical-align: inherit;\">Tutta l\u2019energia del classico miele italiano! <\/span><span style=\"vertical-align: inherit;\">Il Miele Millefiori, ottenuto da diversi fiori dei quali racchiude la variet\u00e0 di propriet\u00e0 positive, \u00e8\u00a0uno dei mieli italiani pi\u00f9 famosi; \u00e8 particolarmente indicato per chi ha bisogno di depurarsi ed energizzarsi data l\u2019alta presenza di minerali e antiossidanti. <\/span><span style=\"vertical-align: inherit;\">Inoltre, grazie al gusto delicato, \u00e8\u00a0amato anche dai pi\u00f9 piccini. \u00a0Lo trovate in vasetto<strong> in vetro da 250 g.<br \/>\n<\/strong><\/span>OGM: Il prodotto non contiene Organismi Geneticamente Modificati in conformit\u00e0 ai Reg. CE 1829\/2003 e 1830\/2003. RINTRACCIABILIT\u00c0: Paese di origine materia prima: ITALIA<\/p>\n","protected":false},"featured_media":26827,"template":"","meta":[],"product_brand":[],"product_cat":[177],"product_tag":[],"class_list":{"0":"post-26826","1":"product","2":"type-product","3":"status-publish","4":"has-post-thumbnail","6":"product_cat-conserve-e-sughi","8":"first","9":"instock","10":"taxable","11":"shipping-taxable","12":"purchasable","13":"product-type-simple"},"_links":{"self":[{"href":"https:\/\/italiansublimefood.com\/it\/wp-json\/wp\/v2\/product\/26826","targetHints":{"allow":["GET"]}}],"collection":[{"href":"https:\/\/italiansublimefood.com\/it\/wp-json\/wp\/v2\/product"}],"about":[{"href":"https:\/\/italiansublimefood.com\/it\/wp-json\/wp\/v2\/types\/product"}],"wp:featuredmedia":[{"embeddable":true,"href":"https:\/\/italiansublimefood.com\/it\/wp-json\/wp\/v2\/media\/26827"}],"wp:attachment":[{"href":"https:\/\/italiansublimefood.com\/it\/wp-json\/wp\/v2\/media?parent=26826"}],"wp:term":[{"taxonomy":"product_brand","embeddable":true,"href":"https:\/\/italiansublimefood.com\/it\/wp-json\/wp\/v2\/product_brand?post=26826"},{"taxonomy":"product_cat","embeddable":true,"href":"https:\/\/italiansublimefood.com\/it\/wp-json\/wp\/v2\/product_cat?post=26826"},{"taxonomy":"product_tag","embeddable":true,"href":"https:\/\/italiansublimefood.com\/it\/wp-json\/wp\/v2\/product_tag?post=26826"}],"curies":[{"name":"wp","href":"https:\/\/api.w.org\/{rel}","templated":true}]}}