{"id":26817,"date":"2025-04-12T09:27:18","date_gmt":"2025-04-12T07:27:18","guid":{"rendered":"https:\/\/italiansublimefood.com\/?post_type=product&#038;p=26817"},"modified":"2025-12-05T09:10:33","modified_gmt":"2025-12-05T08:10:33","slug":"miele-millefiori-alta-montagna-bio-sommariva","status":"publish","type":"product","link":"https:\/\/italiansublimefood.com\/it\/prodotto\/miele-millefiori-alta-montagna-bio-sommariva\/","title":{"rendered":"Miele Millefiori Alta Montagna BIO &#8211; Sommariva"},"content":{"rendered":"","protected":false},"excerpt":{"rendered":"<p><span style=\"vertical-align: inherit;\">Il miele millefiori prodotto con nettare bottinato a pi\u00f9 di 1200 metri. I<\/span>l <strong>Miele Millefiori di Alta Montagna<\/strong> \u00e8 un alimento unico nel suo genere. Racchiude le propriet\u00e0 di una grande variet\u00e0 di fiori, tra cui rododendro, trifoglio, lampone e timo. Dal gusto aromatico e delicato, \u00e8 un grande classico da gustare sul pane casereccio. \u00a0Lo trovate in <strong>vasetto in vetro da 250 g.<\/strong><br \/>\nOGM: Il prodotto non contiene Organismi Geneticamente Modificati in conformit\u00e0 ai Reg. CE 1829\/2003 e 1830\/2003. RINTRACCIABILIT\u00c0: Paese di origine materia prima: ITALIA<\/p>\n","protected":false},"featured_media":26818,"template":"","meta":[],"product_brand":[],"product_cat":[178],"product_tag":[],"class_list":{"0":"post-26817","1":"product","2":"type-product","3":"status-publish","4":"has-post-thumbnail","6":"product_cat-dolci-confetture-e-mieli","8":"first","9":"instock","10":"taxable","11":"shipping-taxable","12":"purchasable","13":"product-type-simple"},"_links":{"self":[{"href":"https:\/\/italiansublimefood.com\/it\/wp-json\/wp\/v2\/product\/26817","targetHints":{"allow":["GET"]}}],"collection":[{"href":"https:\/\/italiansublimefood.com\/it\/wp-json\/wp\/v2\/product"}],"about":[{"href":"https:\/\/italiansublimefood.com\/it\/wp-json\/wp\/v2\/types\/product"}],"wp:featuredmedia":[{"embeddable":true,"href":"https:\/\/italiansublimefood.com\/it\/wp-json\/wp\/v2\/media\/26818"}],"wp:attachment":[{"href":"https:\/\/italiansublimefood.com\/it\/wp-json\/wp\/v2\/media?parent=26817"}],"wp:term":[{"taxonomy":"product_brand","embeddable":true,"href":"https:\/\/italiansublimefood.com\/it\/wp-json\/wp\/v2\/product_brand?post=26817"},{"taxonomy":"product_cat","embeddable":true,"href":"https:\/\/italiansublimefood.com\/it\/wp-json\/wp\/v2\/product_cat?post=26817"},{"taxonomy":"product_tag","embeddable":true,"href":"https:\/\/italiansublimefood.com\/it\/wp-json\/wp\/v2\/product_tag?post=26817"}],"curies":[{"name":"wp","href":"https:\/\/api.w.org\/{rel}","templated":true}]}}