{"id":26745,"date":"2025-04-11T16:32:07","date_gmt":"2025-04-11T14:32:07","guid":{"rendered":"https:\/\/italiansublimefood.com\/?post_type=product&#038;p=26745"},"modified":"2025-12-05T11:10:39","modified_gmt":"2025-12-05T10:10:39","slug":"pesce-spada-affumicato-a-trancio-in-busta-sottovuoto-adelfio","status":"publish","type":"product","link":"https:\/\/italiansublimefood.com\/it\/prodotto\/pesce-spada-affumicato-a-trancio-in-busta-sottovuoto-adelfio\/","title":{"rendered":"Pesce spada affumicato a trancio in busta sottovuoto &#8211; Adelfio"},"content":{"rendered":"","protected":false},"excerpt":{"rendered":"<p>Un prodotto ittico tra i pi\u00f9 pregiati, dalla fragranza e dal profumo assolutamente unici, \u00e8 il Pesce Spada affumicato. Viene proposto in tranci o gi\u00e0 affettato. Ideale per gustosi e delicati antipasti, tagliato a fette sottilissime e condito con olio d\u2019oliva e succo di limone, naturalmente da utilizzare anche per i primi piatti.<br \/>\n<strong>Valori nutrizionali medie per 100 g. di prodotto: <\/strong>valore energetico KJ 653; Valore energetico Kcal 157; Sostanze grassi totali 6,8; Grassi saturi 1,3; Carboidrati totali 0; Zuccheri 0; Proteine 23,8; Fibra 0; sale 8,7.<br \/>\n<strong>Ingredienti<\/strong>: Pesce spada, sale marino, fumo di aromi naturali.<br \/>\n<strong>Conservazione<\/strong>: 4 mesi dalla data di produzione; tenere esclusivamente in frigo e dopo l&#8217;apertura; consumare entro 3 giorni.<br \/>\n<strong>Formato:<\/strong> 250g<br \/>\n<strong>Stabilimento di produzione<\/strong>: Adelfio Francesco \u2013 Via marzamemi 7 &#8211; 96018 &#8211; Marzamemi (SR) IT 915 CE.<\/p>\n","protected":false},"featured_media":26746,"template":"","meta":[],"product_brand":[],"product_cat":[184],"product_tag":[],"class_list":{"0":"post-26745","1":"product","2":"type-product","3":"status-publish","4":"has-post-thumbnail","6":"product_cat-prodotti-ittici","8":"first","9":"instock","10":"taxable","11":"shipping-taxable","12":"purchasable","13":"product-type-simple"},"_links":{"self":[{"href":"https:\/\/italiansublimefood.com\/it\/wp-json\/wp\/v2\/product\/26745","targetHints":{"allow":["GET"]}}],"collection":[{"href":"https:\/\/italiansublimefood.com\/it\/wp-json\/wp\/v2\/product"}],"about":[{"href":"https:\/\/italiansublimefood.com\/it\/wp-json\/wp\/v2\/types\/product"}],"wp:featuredmedia":[{"embeddable":true,"href":"https:\/\/italiansublimefood.com\/it\/wp-json\/wp\/v2\/media\/26746"}],"wp:attachment":[{"href":"https:\/\/italiansublimefood.com\/it\/wp-json\/wp\/v2\/media?parent=26745"}],"wp:term":[{"taxonomy":"product_brand","embeddable":true,"href":"https:\/\/italiansublimefood.com\/it\/wp-json\/wp\/v2\/product_brand?post=26745"},{"taxonomy":"product_cat","embeddable":true,"href":"https:\/\/italiansublimefood.com\/it\/wp-json\/wp\/v2\/product_cat?post=26745"},{"taxonomy":"product_tag","embeddable":true,"href":"https:\/\/italiansublimefood.com\/it\/wp-json\/wp\/v2\/product_tag?post=26745"}],"curies":[{"name":"wp","href":"https:\/\/api.w.org\/{rel}","templated":true}]}}