{"id":26729,"date":"2025-04-11T16:10:36","date_gmt":"2025-04-11T14:10:36","guid":{"rendered":"https:\/\/italiansublimefood.com\/?post_type=product&#038;p=26729"},"modified":"2025-12-05T11:10:41","modified_gmt":"2025-12-05T10:10:41","slug":"filetti-di-pesce-spada-in-olio-doliva-in-vaso-adelfio","status":"publish","type":"product","link":"https:\/\/italiansublimefood.com\/it\/prodotto\/filetti-di-pesce-spada-in-olio-doliva-in-vaso-adelfio\/","title":{"rendered":"Filetti di pesce spada in olio d&#8217;oliva in vaso &#8211; Adelfio"},"content":{"rendered":"","protected":false},"excerpt":{"rendered":"<p>I filetti di pesce spada in olio d&#8217;oliva in vaso Adelfio sono una conserva ittica dal gusto delicato e apprezzato dal palato realizzato con pesce selezionato della zona FAO 37. Perfetto da servire come antipasto o secondo piatto con un filo di olio extravergine d&#8217;oliva, racconta i sapori e i profumi del Mediterraneo con la massima freschezza e semplicit\u00e0. I Filetti di Pesce Spada all&#8217;olio d&#8217;oliva in vaso Adelfio sono un&#8217;ottima espressione della cucina siciliana, che unisce la freschezza e la delicatezza del pesce spada con la qualit\u00e0 superiore dell&#8217;olio d&#8217;oliva. Il pesce spada, noto per la sua carne succosa e saporita, viene trattato con cura e preservato in olio d&#8217;oliva di alta qualit\u00e0, che dona un tocco fruttato e unisce perfettamente la delicatezza del pesce con l&#8217;intensit\u00e0 dell&#8217;olio. Il risultato \u00e8 un prodotto semplice ma ricco di sapore, perfetto per essere gustato da solo come antipasto o per arricchire insalate, bruschette, piatti di pasta o altre preparazioni culinarie. L&#8217;olio d&#8217;oliva, utilizzato con maestria, non solo preserva la freschezza e la consistenza del pesce, ma ne arricchisce anche il gusto, creando un equilibrio perfetto. Adelfio, da sempre sinonimo di qualit\u00e0, offre con questo prodotto una specialit\u00e0 gastronomica che porta in tavola il meglio della tradizione siciliana.<br \/>\n<strong>Valori nutrizionali medie per 100 g. di prodotto: <\/strong>valore energetico KJ 948; Valore energetico Kcal 228; Sostanze grassi totali 15,1; Grassi saturi 2,6; Carboidrati totali 0; Zuccheri 0; Proteine 22,9; Fibra 0; sale 1,7.<br \/>\n<strong>Denominazione<\/strong>:\u00a0<em>XIPHIAS GLADIUS. <\/em><strong>ZONA FAO<\/strong>: 37.2.2. <strong>Ingredienti<\/strong>: Pesce spada 60%, olio d&#8217;oliva\/ , sale marino. <strong>Peso netto<\/strong>: 200 g &#8211; sgocc. 130 g. <strong>Conservazione<\/strong>: 4 anni dalla data di produzione; dopo l&#8217;apertura conservare in frigo e consumare entro 3 giorni.<br \/>\n<strong>Stabilimento di produzione<\/strong>: Franco Adelfio di Adelfio Gaetano \u2013 via Marzamemi 7 &#8211; 96018 &#8211; Marzamemi (SR) IT 915 CE<\/p>\n","protected":false},"featured_media":26730,"template":"","meta":[],"product_brand":[],"product_cat":[177,184],"product_tag":[],"class_list":{"0":"post-26729","1":"product","2":"type-product","3":"status-publish","4":"has-post-thumbnail","6":"product_cat-conserve-e-sughi","7":"product_cat-prodotti-ittici","9":"first","10":"instock","11":"taxable","12":"shipping-taxable","13":"purchasable","14":"product-type-simple"},"_links":{"self":[{"href":"https:\/\/italiansublimefood.com\/it\/wp-json\/wp\/v2\/product\/26729","targetHints":{"allow":["GET"]}}],"collection":[{"href":"https:\/\/italiansublimefood.com\/it\/wp-json\/wp\/v2\/product"}],"about":[{"href":"https:\/\/italiansublimefood.com\/it\/wp-json\/wp\/v2\/types\/product"}],"wp:featuredmedia":[{"embeddable":true,"href":"https:\/\/italiansublimefood.com\/it\/wp-json\/wp\/v2\/media\/26730"}],"wp:attachment":[{"href":"https:\/\/italiansublimefood.com\/it\/wp-json\/wp\/v2\/media?parent=26729"}],"wp:term":[{"taxonomy":"product_brand","embeddable":true,"href":"https:\/\/italiansublimefood.com\/it\/wp-json\/wp\/v2\/product_brand?post=26729"},{"taxonomy":"product_cat","embeddable":true,"href":"https:\/\/italiansublimefood.com\/it\/wp-json\/wp\/v2\/product_cat?post=26729"},{"taxonomy":"product_tag","embeddable":true,"href":"https:\/\/italiansublimefood.com\/it\/wp-json\/wp\/v2\/product_tag?post=26729"}],"curies":[{"name":"wp","href":"https:\/\/api.w.org\/{rel}","templated":true}]}}