{"id":26717,"date":"2025-04-11T15:50:45","date_gmt":"2025-04-11T13:50:45","guid":{"rendered":"https:\/\/italiansublimefood.com\/?post_type=product&#038;p=26717"},"modified":"2025-10-07T09:56:45","modified_gmt":"2025-10-07T07:56:45","slug":"salsa-di-pomodoro-ciliegino-siciliano-adelfio","status":"publish","type":"product","link":"https:\/\/italiansublimefood.com\/it\/prodotto\/salsa-di-pomodoro-ciliegino-siciliano-adelfio\/","title":{"rendered":"Salsa di pomodoro ciliegino siciliano &#8211; Adelfio"},"content":{"rendered":"","protected":false},"excerpt":{"rendered":"<div id=\"product-description-short-71\" class=\"product-short-description\">\n<p>La salsa di pomodoro ciliegino siciliano Adelfio \u00e8 una passata ricca e dal sapore autentico, preparata con pomodori ciliegini siciliani, coltivati nel cuore della Sicilia. I pomodori vengono raccolti a piena maturazione, per garantire un sapore dolce e intenso, che si riflette nella salsa. La consistenza \u00e8 vellutata, e il profumo fresco e fragrante richiama i tipici aromi mediterranei. Questa salsa \u00e8 perfetta per condire pasta, bruschette o come base per sughi pi\u00f9 elaborati, offrendo un&#8217;esperienza gustativa genuina e ricca di tradizione. Un prodotto che porta in tavola la qualit\u00e0 e il sapore della Sicilia. Per dare continuit\u00e0 alla tradizione locale, mantenendo e ricercando i sapori e profumi ormai scomparsi, Adelfio propone una linea di prodotti proveniente dalla terra. I metodi tradizionali fanno s\u00ec che il prodotto mantenga la familiarit\u00e0 della &#8220;nonna&#8221;:\u00a0<strong>la salsa come quella di una volta.\u00a0<\/strong>Oltre che per i primi piatti, la proponiamo anche servita come aperitivo insieme agli antipasti Adelfio, lasciando una sensazione di freschezza e genuinit\u00e0 del prodotto oltre a smorzare il salato delle pietanze.<br \/>\n<strong>Valori nutrizionali medie per 100 g. di prodotto: <\/strong>valore energetico KJ 213; Valore energetico Kcal 51; Sostanze grassi totali 1,8; Grassi saturi 0,3; Carboidrati totali 7,0; Zuccheri 6,5; Proteine 1,2; Fibra 0,9; sale 0,6.<br \/>\n<strong>Ingredienti<\/strong>: Pomodoro ciliegino 98%, cipolla, olio d&#8217;oliva, basilico, carota, aglio, sale.<br \/>\n<strong>Peso netto<\/strong>: 300 g &#8211; sgocc. 190 g. <strong>Conservazione<\/strong>: 2 anni dalla data di produzione; dopo l&#8217;apertura conservare in frigo e consumare entro 3 giorni.<br \/>\n<strong>Stabilimento di produzione:<\/strong>\u00a0Adelfio Francesco \u2013 Via marzamemi 7 &#8211; 96018 &#8211; Marzamemi (SR)<\/p>\n<\/div>\n<div class=\"product-information\">\n<div class=\"product-actions js-product-actions\">\n<form id=\"add-to-cart-or-refresh\" action=\"https:\/\/www.adelfionline.com\/carrello\" method=\"post\">\n<div class=\"product-variants js-product-variants\"><\/div>\n<div class=\"product-discounts js-product-discounts\"><\/div>\n<div class=\"product-add-to-cart js-product-add-to-cart\">\n<div class=\"product-quantity\"><\/div>\n<div id=\"ps_checkout-payment-method-logo-block-container\"><\/div>\n<\/div>\n<\/form>\n<\/div>\n<\/div>\n","protected":false},"featured_media":26718,"template":"","meta":[],"product_brand":[],"product_cat":[177],"product_tag":[],"class_list":{"0":"post-26717","1":"product","2":"type-product","3":"status-publish","4":"has-post-thumbnail","6":"product_cat-conserve-e-sughi","8":"first","9":"instock","10":"taxable","11":"shipping-taxable","12":"purchasable","13":"product-type-simple"},"_links":{"self":[{"href":"https:\/\/italiansublimefood.com\/it\/wp-json\/wp\/v2\/product\/26717","targetHints":{"allow":["GET"]}}],"collection":[{"href":"https:\/\/italiansublimefood.com\/it\/wp-json\/wp\/v2\/product"}],"about":[{"href":"https:\/\/italiansublimefood.com\/it\/wp-json\/wp\/v2\/types\/product"}],"wp:featuredmedia":[{"embeddable":true,"href":"https:\/\/italiansublimefood.com\/it\/wp-json\/wp\/v2\/media\/26718"}],"wp:attachment":[{"href":"https:\/\/italiansublimefood.com\/it\/wp-json\/wp\/v2\/media?parent=26717"}],"wp:term":[{"taxonomy":"product_brand","embeddable":true,"href":"https:\/\/italiansublimefood.com\/it\/wp-json\/wp\/v2\/product_brand?post=26717"},{"taxonomy":"product_cat","embeddable":true,"href":"https:\/\/italiansublimefood.com\/it\/wp-json\/wp\/v2\/product_cat?post=26717"},{"taxonomy":"product_tag","embeddable":true,"href":"https:\/\/italiansublimefood.com\/it\/wp-json\/wp\/v2\/product_tag?post=26717"}],"curies":[{"name":"wp","href":"https:\/\/api.w.org\/{rel}","templated":true}]}}