{"id":26713,"date":"2025-04-11T15:33:02","date_gmt":"2025-04-11T13:33:02","guid":{"rendered":"https:\/\/italiansublimefood.com\/?post_type=product&#038;p=26713"},"modified":"2025-12-05T10:19:54","modified_gmt":"2025-12-05T09:19:54","slug":"pomodoro-ciliegino-secco-in-busta-adelfio","status":"publish","type":"product","link":"https:\/\/italiansublimefood.com\/it\/prodotto\/pomodoro-ciliegino-secco-in-busta-adelfio\/","title":{"rendered":"Pomodoro ciliegino secco in busta &#8211; Adelfio"},"content":{"rendered":"","protected":false},"excerpt":{"rendered":"<p>Il Pomodoro Ciliegino Secco in busta Adelfio \u00e8 realizzato con pomodoro coltivato ed essiccato naturalmente su zona Pachino, dal sapore intenso e concentrato. Perfetto per condire pasta, insalate, focacce o per arricchire salse, \u00e8 un ingrediente versatile che porta sulla tua tavola il gusto autentico del Mediterraneo. Si serve o come antipasto condito con ottimo olio d\u2019oliva, aglio, basilico fresco ed un pizzico di origano. Tritato con gli stessi ingredienti in un \u201cmixer\u201d, si ottiene il pat\u00e8 da spalmare sulle tartine. Sempre tritato, si pu\u00f2 aggiungere al condimento alla carrettiera per una gustosa spaghettata. Il Pomodoro Ciliegino Secco in busta Adelfio \u00e8 un prodotto autentico e gustoso, che cattura il sapore intenso del pomodoro ciliegino appena raccolto, essiccato naturalmente per preservarne tutte le propriet\u00e0 e il gusto. Questo pomodoro secco, dal colore rosso vivace, \u00e8 ideale per aggiungere un tocco di sapore ricco e concentrato a ogni piatto. Perfetto per condire pasta, insalate, focacce o per arricchire salse, il Pomodoro Ciliegino Secco Adelfio si presta anche come ingrediente per preparare conserve, piatti al forno o come condimento per antipasti e pizze. La sua versatilit\u00e0 lo rende ideale per esaltare il sapore di numerosi piatti tipici della cucina mediterranea, donando una nota di dolcezza e intensit\u00e0. <strong>La confezione da 250 g<\/strong> \u00e8 pratica e ideale per chi desidera un prodotto naturale e genuino sempre a disposizione, pronto per essere utilizzato in ogni preparazione.<br \/>\n<strong>Valori nutrizionali medie per 100 g. di prodotto: <\/strong>valore energetico KJ 422; Valore energetico Kcal 102; Sostanze grassi totali 6,8; Grassi saturi 1,0; Carboidrati totali 6,3; Zuccheri 1,8; Proteine 2,5; Fibra 2,6; sale 0,7.<br \/>\n<strong>Ingredienti<\/strong>: Pomodoro ciliegino, sale. <strong>Peso netto<\/strong>: 250 g. <strong>Conservazione<\/strong>: 18 mesi dalla data di produzione; dopo l&#8217;apertura consigliamo di conservare in frigo.<br \/>\n<strong>Stabilimento di produzione<\/strong>: Adelfio Francesco \u2013 Via marzamemi 7 &#8211; 96018 &#8211; Marzamemi (SR)<\/p>\n","protected":false},"featured_media":26714,"template":"","meta":[],"product_brand":[],"product_cat":[177,180],"product_tag":[],"class_list":{"0":"post-26713","1":"product","2":"type-product","3":"status-publish","4":"has-post-thumbnail","6":"product_cat-conserve-e-sughi","7":"product_cat-frutta-e-verdura","9":"first","10":"instock","11":"taxable","12":"shipping-taxable","13":"purchasable","14":"product-type-simple"},"_links":{"self":[{"href":"https:\/\/italiansublimefood.com\/it\/wp-json\/wp\/v2\/product\/26713","targetHints":{"allow":["GET"]}}],"collection":[{"href":"https:\/\/italiansublimefood.com\/it\/wp-json\/wp\/v2\/product"}],"about":[{"href":"https:\/\/italiansublimefood.com\/it\/wp-json\/wp\/v2\/types\/product"}],"wp:featuredmedia":[{"embeddable":true,"href":"https:\/\/italiansublimefood.com\/it\/wp-json\/wp\/v2\/media\/26714"}],"wp:attachment":[{"href":"https:\/\/italiansublimefood.com\/it\/wp-json\/wp\/v2\/media?parent=26713"}],"wp:term":[{"taxonomy":"product_brand","embeddable":true,"href":"https:\/\/italiansublimefood.com\/it\/wp-json\/wp\/v2\/product_brand?post=26713"},{"taxonomy":"product_cat","embeddable":true,"href":"https:\/\/italiansublimefood.com\/it\/wp-json\/wp\/v2\/product_cat?post=26713"},{"taxonomy":"product_tag","embeddable":true,"href":"https:\/\/italiansublimefood.com\/it\/wp-json\/wp\/v2\/product_tag?post=26713"}],"curies":[{"name":"wp","href":"https:\/\/api.w.org\/{rel}","templated":true}]}}