{"id":26674,"date":"2025-04-11T13:21:32","date_gmt":"2025-04-11T11:21:32","guid":{"rendered":"https:\/\/italiansublimefood.com\/?post_type=product&#038;p=26674"},"modified":"2025-12-05T11:10:49","modified_gmt":"2025-12-05T10:10:49","slug":"buzzonaglia-di-tonno-in-olio-di-semi-in-vaso-adelfio","status":"publish","type":"product","link":"https:\/\/italiansublimefood.com\/it\/prodotto\/buzzonaglia-di-tonno-in-olio-di-semi-in-vaso-adelfio\/","title":{"rendered":"Buzzonaglia di tonno in olio di semi in vaso &#8211; Adelfio"},"content":{"rendered":"","protected":false},"excerpt":{"rendered":"<p>La Buzzonaglia di tonno in olio di semi Adelfio \u00e8 un prodotto tradizionale, dal carattere rustico e autentico. Realizzata con la parte pi\u00f9 scura e saporita del tonno, situata vicino alla pancia e al sottocollo, questa specialit\u00e0 conserva il gusto intenso del mare, reso ancora pi\u00f9 avvolgente dall&#8217;olio di semi che ne esalta la morbidezza. Perfetta per preparazioni semplici ma ricche di sapore, come insalate mediterranee, bruschette o piatti a base di verdure. Ogni vasetto da 300 gr racchiude tutta la tradizione della tonnara di Marzamemi e la qualit\u00e0 artigianale Adelfio.<\/p>\n<p><strong>Denominazione<\/strong>:\u00a0<em>Euthynnus Alletteratus <\/em><strong>ZONA FAO<\/strong>: 37.2.2 <strong>Ingredienti<\/strong>: Tonno 64%, olio di semi di girasole, sale marino.\u00a0 <strong>Peso netto<\/strong>: 300 g &#8211; sgocc. 190 g <strong>Conservazione<\/strong>: 4 anni dalla data di produzione; dopo l&#8217;apertura conservare in frigo e consumare entro 3 giorni. <strong>Stabilimento di produzione<\/strong>: Franco Adelfio di Adelfio Gaetano \u2013 Via marzamemi 7 &#8211; 96018 &#8211; Marzamemi (SR) IT 915 CE.<\/p>\n<p><em><strong>Valori nutrizionali medie per 100 g. di prodotto:\u00a0<\/strong><\/em>valore energetico KJ 1443\/Kcal 347. Sostanze grassi totali 25,8. Grassi saturi 4,9. Carboidrati totali 0. Zuccheri 0. Proteine 28,7. Fibra 0. sale 1,1.<\/p>\n","protected":false},"featured_media":26675,"template":"","meta":[],"product_brand":[],"product_cat":[177,184],"product_tag":[],"class_list":{"0":"post-26674","1":"product","2":"type-product","3":"status-publish","4":"has-post-thumbnail","6":"product_cat-conserve-e-sughi","7":"product_cat-prodotti-ittici","9":"first","10":"instock","11":"taxable","12":"shipping-taxable","13":"purchasable","14":"product-type-simple"},"_links":{"self":[{"href":"https:\/\/italiansublimefood.com\/it\/wp-json\/wp\/v2\/product\/26674","targetHints":{"allow":["GET"]}}],"collection":[{"href":"https:\/\/italiansublimefood.com\/it\/wp-json\/wp\/v2\/product"}],"about":[{"href":"https:\/\/italiansublimefood.com\/it\/wp-json\/wp\/v2\/types\/product"}],"wp:featuredmedia":[{"embeddable":true,"href":"https:\/\/italiansublimefood.com\/it\/wp-json\/wp\/v2\/media\/26675"}],"wp:attachment":[{"href":"https:\/\/italiansublimefood.com\/it\/wp-json\/wp\/v2\/media?parent=26674"}],"wp:term":[{"taxonomy":"product_brand","embeddable":true,"href":"https:\/\/italiansublimefood.com\/it\/wp-json\/wp\/v2\/product_brand?post=26674"},{"taxonomy":"product_cat","embeddable":true,"href":"https:\/\/italiansublimefood.com\/it\/wp-json\/wp\/v2\/product_cat?post=26674"},{"taxonomy":"product_tag","embeddable":true,"href":"https:\/\/italiansublimefood.com\/it\/wp-json\/wp\/v2\/product_tag?post=26674"}],"curies":[{"name":"wp","href":"https:\/\/api.w.org\/{rel}","templated":true}]}}