{"id":26638,"date":"2025-04-11T12:33:19","date_gmt":"2025-04-11T10:33:19","guid":{"rendered":"https:\/\/italiansublimefood.com\/?post_type=product&#038;p=26638"},"modified":"2025-12-05T11:10:56","modified_gmt":"2025-12-05T10:10:56","slug":"tonno-tombarello-in-vaso-adelfio","status":"publish","type":"product","link":"https:\/\/italiansublimefood.com\/it\/prodotto\/tonno-tombarello-in-vaso-adelfio\/","title":{"rendered":"Tonno tombarello in vaso &#8211; Adelfio"},"content":{"rendered":"","protected":false},"excerpt":{"rendered":"<p>Il Tonno Tombarello in vaso Adelfio \u00e8 una prelibatezza tipica della tradizione siciliana, preparata con cura artigianale per esaltare tutto il sapore autentico del mare. Questo tonno, pescato nella zona FAO 37, viene lavorato seguendo i metodi tradizionali della tonnara di Marzamemi e conservato in olio d&#8217;oliva di alta qualit\u00e0. Il risultato \u00e8 un prodotto dal gusto ricco e deciso, perfetto per essere gustato come antipasto su crostini, per arricchire insalate fresche o per realizzare piatti di pasta dal sapore mediterraneo. Il tonno artigianale tombarello Adelfio \u00e8 ideale per chi cerca autenticit\u00e0 e genuinit\u00e0 a tavola, portando in ogni ricetta tutto il carattere della Sicilia. Confezionato in vaso per una migliore conservazione nel formato da 200 gr.<\/p>\n<p><strong>Denominazione<\/strong>:\u00a0<em>Auxis Rochel <\/em><strong>Ingredienti<\/strong>: Tonno, olio d&#8217;oliva, sale marino.\u00a0 <strong>ZONA FAO<\/strong>: 37.2.2 <strong>Peso netto<\/strong>: 200 g &#8211; sgocc. 130 g <strong>Conservazione<\/strong>: 4 anni dalla data di produzione: dopo l&#8217;apertura conservare in frigo e consumare entro 3 giorni. <strong>Stabilimento di produzione<\/strong>: Adelfio Francesco \u2013 Via marzamemi 7 &#8211; 96018 &#8211; Marzamemi (SR) IT 915 CE.<\/p>\n<p><strong><em>Valori nutrizionali medie per 100 g. di prodotto:\u00a0<\/em><\/strong>valore energetico KJ 1232\/Kcal 296. Sostanze grassi totali 19,6. Grassi saturi 3,4. Carboidrati totali 0. Zuccheri 0. Proteine 29,8. Fibra 0. sale 0,9.<\/p>\n","protected":false},"featured_media":26639,"template":"","meta":[],"product_brand":[],"product_cat":[177,184],"product_tag":[],"class_list":{"0":"post-26638","1":"product","2":"type-product","3":"status-publish","4":"has-post-thumbnail","6":"product_cat-conserve-e-sughi","7":"product_cat-prodotti-ittici","9":"first","10":"instock","11":"taxable","12":"shipping-taxable","13":"purchasable","14":"product-type-simple"},"_links":{"self":[{"href":"https:\/\/italiansublimefood.com\/it\/wp-json\/wp\/v2\/product\/26638","targetHints":{"allow":["GET"]}}],"collection":[{"href":"https:\/\/italiansublimefood.com\/it\/wp-json\/wp\/v2\/product"}],"about":[{"href":"https:\/\/italiansublimefood.com\/it\/wp-json\/wp\/v2\/types\/product"}],"wp:featuredmedia":[{"embeddable":true,"href":"https:\/\/italiansublimefood.com\/it\/wp-json\/wp\/v2\/media\/26639"}],"wp:attachment":[{"href":"https:\/\/italiansublimefood.com\/it\/wp-json\/wp\/v2\/media?parent=26638"}],"wp:term":[{"taxonomy":"product_brand","embeddable":true,"href":"https:\/\/italiansublimefood.com\/it\/wp-json\/wp\/v2\/product_brand?post=26638"},{"taxonomy":"product_cat","embeddable":true,"href":"https:\/\/italiansublimefood.com\/it\/wp-json\/wp\/v2\/product_cat?post=26638"},{"taxonomy":"product_tag","embeddable":true,"href":"https:\/\/italiansublimefood.com\/it\/wp-json\/wp\/v2\/product_tag?post=26638"}],"curies":[{"name":"wp","href":"https:\/\/api.w.org\/{rel}","templated":true}]}}