{"id":26569,"date":"2025-04-10T14:57:30","date_gmt":"2025-04-10T12:57:30","guid":{"rendered":"https:\/\/italiansublimefood.com\/?post_type=product&#038;p=26569"},"modified":"2025-12-04T10:52:58","modified_gmt":"2025-12-04T09:52:58","slug":"ragu-di-tonno-adelfio","status":"publish","type":"product","link":"https:\/\/italiansublimefood.com\/it\/prodotto\/ragu-di-tonno-adelfio\/","title":{"rendered":"Rag\u00f9 di tonno &#8211; Adelfio"},"content":{"rendered":"","protected":false},"excerpt":{"rendered":"<p>Il Rag\u00f9 di Tonno Adelfio \u00e8 un condimento dal gusto ricco e genuino, preparato con tonno fresco, pomodori e aromi mediterranei. Questo sugo pronto \u00e8 ideale per pasta, crostini e piatti di pesce; basta semplicemente riscaldarlo e versarlo, magari con l&#8217;aggiunta di pangrattato abbrustolito, per un\u2019esperienza di gusto autentica. Il Rag\u00f9 di Tonno Adelfio \u00e8 un\u2019esplosione di sapori mediterranei, perfetto per chi ama portare in tavola la qualit\u00e0 autentica della tradizione siciliana. Realizzato con tonno fresco, pescato nelle limpide acque del Mediterraneo, questo rag\u00f9 si distingue per il suo gusto intenso e corposo, frutto di una lavorazione artigianale che rispetta le antiche ricette tramandate nella tonnara di Marzamemi. Il tonno viene sfilettato e unito ad ingredienti semplici e genuini, come pomodori maturi, cipolle, capperi, olive e una selezione di spezie ed erbe aromatiche che esaltano il gusto del pesce e donano al rag\u00f9 una nota fresca e profumata. Il tutto \u00e8 poi cotto lentamente, cos\u00ec da permettere agli aromi di fondersi insieme e dare vita a un condimento ricco e versatile. Perfetto per condire la pasta, in particolare formati come busiate o linguine, il Rag\u00f9 di Tonno Adelfio \u00e8 ideale anche per arricchire crostini e bruschette durante un aperitivo, o come base per piatti unici a base di pesce. La qualit\u00e0 del tonno e la cura nella lavorazione assicurano un prodotto autentico, senza conservanti n\u00e9 additivi, capace di regalare un&#8217;esperienza gastronomica genuina e intensa. Con il Rag\u00f9 di Tonno Adelfio, ogni pasto si trasforma in un viaggio nei sapori autentici del Mediterraneo, portando in tavola il meglio della tradizione siciliana.<br \/>\n<strong>Gli ingredienti evidenziati sono allergeni.<br \/>\n<\/strong><strong>Ingredienti<\/strong>: Tonno 27%, salsa di pomodoro 48%, cipolla, olio d&#8217;oliva, uva sultanina,\u00a0<strong>pinoli<\/strong>, sale, mentuccia, pepe nero. <strong>Peso netto<\/strong>: 300 g. <strong>Conservazione<\/strong>: 4 anni dalla data di produzione; dopo l&#8217;apertura conservare in frigo e consumare entro 3 giorni.<br \/>\n<strong>Stabilimento di produzione<\/strong>: Franco Adelfio di Adelfio Gaetano \u2013 Via marzamemi 7 &#8211; 96018 &#8211; Marzamemi (SR).<br \/>\n<strong>Valori nutrizionali medie per 100 g. di prodotto: <\/strong>valore energetico KJ 422; Valore energetico Kcal 102; Sostanze grassi totali 6,8; Grassi saturi 1,0; Carboidrati totali 6,3; Zuccheri 1,8; Proteine 2,5; Fibra 2,6;sale 0,7.<\/p>\n","protected":false},"featured_media":26570,"template":"","meta":[],"product_brand":[],"product_cat":[177],"product_tag":[],"class_list":{"0":"post-26569","1":"product","2":"type-product","3":"status-publish","4":"has-post-thumbnail","6":"product_cat-conserve-e-sughi","8":"first","9":"instock","10":"taxable","11":"shipping-taxable","12":"purchasable","13":"product-type-simple"},"_links":{"self":[{"href":"https:\/\/italiansublimefood.com\/it\/wp-json\/wp\/v2\/product\/26569","targetHints":{"allow":["GET"]}}],"collection":[{"href":"https:\/\/italiansublimefood.com\/it\/wp-json\/wp\/v2\/product"}],"about":[{"href":"https:\/\/italiansublimefood.com\/it\/wp-json\/wp\/v2\/types\/product"}],"wp:featuredmedia":[{"embeddable":true,"href":"https:\/\/italiansublimefood.com\/it\/wp-json\/wp\/v2\/media\/26570"}],"wp:attachment":[{"href":"https:\/\/italiansublimefood.com\/it\/wp-json\/wp\/v2\/media?parent=26569"}],"wp:term":[{"taxonomy":"product_brand","embeddable":true,"href":"https:\/\/italiansublimefood.com\/it\/wp-json\/wp\/v2\/product_brand?post=26569"},{"taxonomy":"product_cat","embeddable":true,"href":"https:\/\/italiansublimefood.com\/it\/wp-json\/wp\/v2\/product_cat?post=26569"},{"taxonomy":"product_tag","embeddable":true,"href":"https:\/\/italiansublimefood.com\/it\/wp-json\/wp\/v2\/product_tag?post=26569"}],"curies":[{"name":"wp","href":"https:\/\/api.w.org\/{rel}","templated":true}]}}