{"id":26565,"date":"2025-04-10T14:52:21","date_gmt":"2025-04-10T12:52:21","guid":{"rendered":"https:\/\/italiansublimefood.com\/?post_type=product&#038;p=26565"},"modified":"2025-12-04T10:52:59","modified_gmt":"2025-12-04T09:52:59","slug":"sugo-di-ricciola-adelfio","status":"publish","type":"product","link":"https:\/\/italiansublimefood.com\/it\/prodotto\/sugo-di-ricciola-adelfio\/","title":{"rendered":"Sugo di ricciola &#8211; Adelfio"},"content":{"rendered":"","protected":false},"excerpt":{"rendered":"<p>Il Sugo di Ricciola Adelfio \u00e8 un condimento saporito a base di ricciola, pesce pregiato del Mediterraneo, cucinato con pomodoro, olio d&#8217;oliva e aromi naturali. Un sugo ideale per piatti di pasta o riso. Il sugo di Ricciola Adelfio unisce la delicatezza del pesce ricciola fresca con il pomodoro succoso. Arricchito con olio d&#8217;oliva, cipolla, aglio e un tocco di vino bianco, questo sugo pronto \u00e8 perfetto per condire piatti di pasta lunga come spaghetti o linguine. Va semplicemente riscaldato cos\u00ec com&#8217;\u00e8 e versato sopra la la pasta precedentemente scolata, magari con del pangrattato abbrustolito che doni una nota croccante di contrasto. La sua versatilit\u00e0 lo rende ideale anche per risotti o come condimento per piatti a base di pesce. Confezionato in vasetto da 300 gr.<br \/>\n<strong>Ingredienti<\/strong>: salsa di pomodoro 44%, Ricciola (<em>Seriola quinque<\/em>) 35%, olive, pinoli, uva sultanina, capperi, olio d&#8217;oliva, mentuccia, carota,\u00a0<strong>sedano<\/strong>, aglio, pepe nero, sale. <strong>Peso netto<\/strong>: 300 g. <strong>Conservazione<\/strong>: 4 anni dalla data di produzione; dopo l&#8217;apertura conservare in frigo e consumare entro 3 giorni.<br \/>\n<strong>Stabilimento di produzione<\/strong>: Franco Adelfio di Adelfio Gaetano \u2013 Via marzamemi 7 &#8211; 96018 &#8211; Marzamemi (SR).<br \/>\n<strong>Valori nutrizionali medie per 100 g. di prodotto: <\/strong>valore energetico KJ 422; Valore energetico Kcal 102; Sostanze grassi totali 6,8; Grassi saturi 1,0; Carboidrati totali 6,3; Zuccheri 1,8; Proteine 2,5; Fibra 2,6; sale 0,7.<\/p>\n","protected":false},"featured_media":26566,"template":"","meta":[],"product_brand":[],"product_cat":[177],"product_tag":[],"class_list":{"0":"post-26565","1":"product","2":"type-product","3":"status-publish","4":"has-post-thumbnail","6":"product_cat-conserve-e-sughi","8":"first","9":"instock","10":"taxable","11":"shipping-taxable","12":"purchasable","13":"product-type-simple"},"_links":{"self":[{"href":"https:\/\/italiansublimefood.com\/it\/wp-json\/wp\/v2\/product\/26565","targetHints":{"allow":["GET"]}}],"collection":[{"href":"https:\/\/italiansublimefood.com\/it\/wp-json\/wp\/v2\/product"}],"about":[{"href":"https:\/\/italiansublimefood.com\/it\/wp-json\/wp\/v2\/types\/product"}],"wp:featuredmedia":[{"embeddable":true,"href":"https:\/\/italiansublimefood.com\/it\/wp-json\/wp\/v2\/media\/26566"}],"wp:attachment":[{"href":"https:\/\/italiansublimefood.com\/it\/wp-json\/wp\/v2\/media?parent=26565"}],"wp:term":[{"taxonomy":"product_brand","embeddable":true,"href":"https:\/\/italiansublimefood.com\/it\/wp-json\/wp\/v2\/product_brand?post=26565"},{"taxonomy":"product_cat","embeddable":true,"href":"https:\/\/italiansublimefood.com\/it\/wp-json\/wp\/v2\/product_cat?post=26565"},{"taxonomy":"product_tag","embeddable":true,"href":"https:\/\/italiansublimefood.com\/it\/wp-json\/wp\/v2\/product_tag?post=26565"}],"curies":[{"name":"wp","href":"https:\/\/api.w.org\/{rel}","templated":true}]}}