{"id":26522,"date":"2025-04-09T20:29:19","date_gmt":"2025-04-09T18:29:19","guid":{"rendered":"https:\/\/italiansublimefood.com\/?post_type=product&#038;p=26522"},"modified":"2025-12-05T11:11:06","modified_gmt":"2025-12-05T10:11:06","slug":"pate-di-ricciola-in-vaso-adelfio","status":"publish","type":"product","link":"https:\/\/italiansublimefood.com\/it\/prodotto\/pate-di-ricciola-in-vaso-adelfio\/","title":{"rendered":"Pat\u00e8 di ricciola in vaso &#8211; Adelfio"},"content":{"rendered":"","protected":false},"excerpt":{"rendered":"<p>Il Pat\u00e9 di Ricciola in vaso Adelfio \u00e8 una delicata crema a base di ricciola, olio d&#8217;oliva e sale marino. Perfetto per antipasti o come condimento per piatti di pesce, \u00e8 un\u2019autentica prelibatezza siciliana dal sapore ricco, avvolgente e genuino. Questo pat\u00e9, dalla consistenza cremosa e vellutata, cattura l\u2019essenza del pesce azzurro del Mediterraneo, offrendo un gusto ricco e avvolgente che richiama la tradizione della cucina siciliana. Perfetto come antipasto o per arricchire piatti a base di pesce, il Pat\u00e9 di Ricciola Adelfio pu\u00f2 essere spalmato su crostini di pane, accompagnato da verdure grigliate, o utilizzato per farcire piadine e panini. La sua versatilit\u00e0 lo rende ideale per ogni occasione, portando un pezzo di Sicilia sulla tua tavola.<br \/>\n<strong>Denominazione<\/strong>:\u00a0<em>SERIOLA DUMERILI. <\/em><strong>ZONA FAO<\/strong>: 061. <strong>Ingredienti<\/strong>: Ricciola, olio d&#8217;oliva, sale marino.\u00a0 <strong>Peso netto<\/strong>: 200 g. <strong>Conservazione<\/strong>: 4 anni dalla data di produzione; dopo l&#8217;apertura conservare in frigo e consumare entro 3 giorni. <strong>Stabilimento di produzione<\/strong>: Adelfio Francesco \u2013 Via Marzamemi 7 &#8211; 96018 &#8211; Marzamemi (SR) IT 915 CE.<br \/>\n<strong>Valori nutrizionali medie per 100 g. <\/strong>di prodotto<strong>: <\/strong>Valore energetico KJ 91; Valore energetico Kcal 238; Sostanze grassi totali 15,8; Grassi saturi 2,6; Carboidrati totali 0; Zuccheri 0; Proteine 23,9; Fibra 0; sale 1,7.<\/p>\n<p>&nbsp;<\/p>\n<p>&nbsp;<\/p>\n","protected":false},"featured_media":26523,"template":"","meta":[],"product_brand":[],"product_cat":[177,184],"product_tag":[],"class_list":{"0":"post-26522","1":"product","2":"type-product","3":"status-publish","4":"has-post-thumbnail","6":"product_cat-conserve-e-sughi","7":"product_cat-prodotti-ittici","9":"first","10":"instock","11":"taxable","12":"shipping-taxable","13":"purchasable","14":"product-type-simple"},"_links":{"self":[{"href":"https:\/\/italiansublimefood.com\/it\/wp-json\/wp\/v2\/product\/26522","targetHints":{"allow":["GET"]}}],"collection":[{"href":"https:\/\/italiansublimefood.com\/it\/wp-json\/wp\/v2\/product"}],"about":[{"href":"https:\/\/italiansublimefood.com\/it\/wp-json\/wp\/v2\/types\/product"}],"wp:featuredmedia":[{"embeddable":true,"href":"https:\/\/italiansublimefood.com\/it\/wp-json\/wp\/v2\/media\/26523"}],"wp:attachment":[{"href":"https:\/\/italiansublimefood.com\/it\/wp-json\/wp\/v2\/media?parent=26522"}],"wp:term":[{"taxonomy":"product_brand","embeddable":true,"href":"https:\/\/italiansublimefood.com\/it\/wp-json\/wp\/v2\/product_brand?post=26522"},{"taxonomy":"product_cat","embeddable":true,"href":"https:\/\/italiansublimefood.com\/it\/wp-json\/wp\/v2\/product_cat?post=26522"},{"taxonomy":"product_tag","embeddable":true,"href":"https:\/\/italiansublimefood.com\/it\/wp-json\/wp\/v2\/product_tag?post=26522"}],"curies":[{"name":"wp","href":"https:\/\/api.w.org\/{rel}","templated":true}]}}