{"id":26204,"date":"2025-04-04T19:24:24","date_gmt":"2025-04-04T17:24:24","guid":{"rendered":"https:\/\/italiansublimefood.com\/?post_type=product&#038;p=26204"},"modified":"2025-12-05T09:10:40","modified_gmt":"2025-12-05T08:10:40","slug":"nocciolini-allarancia-marchetti-lab","status":"publish","type":"product","link":"https:\/\/italiansublimefood.com\/it\/prodotto\/nocciolini-allarancia-marchetti-lab\/","title":{"rendered":"Nocciolini all\u2019arancia &#8211; Marchetti Lab"},"content":{"rendered":"<p><img fetchpriority=\"high\" decoding=\"async\" class=\"alignnone size-large wp-image-26211\" src=\"https:\/\/italiansublimefood.com\/wp-content\/uploads\/2025\/04\/Nocciolini-arancia_marchetti-1024x1024.jpg\" alt=\"\" width=\"751\" height=\"751\" srcset=\"https:\/\/italiansublimefood.com\/wp-content\/uploads\/2025\/04\/Nocciolini-arancia_marchetti-1024x1024.jpg 1024w, https:\/\/italiansublimefood.com\/wp-content\/uploads\/2025\/04\/Nocciolini-arancia_marchetti-300x300.jpg 300w, https:\/\/italiansublimefood.com\/wp-content\/uploads\/2025\/04\/Nocciolini-arancia_marchetti-150x150.jpg 150w, https:\/\/italiansublimefood.com\/wp-content\/uploads\/2025\/04\/Nocciolini-arancia_marchetti-768x768.jpg 768w, https:\/\/italiansublimefood.com\/wp-content\/uploads\/2025\/04\/Nocciolini-arancia_marchetti-70x70.jpg 70w, https:\/\/italiansublimefood.com\/wp-content\/uploads\/2025\/04\/Nocciolini-arancia_marchetti-90x90.jpg 90w, https:\/\/italiansublimefood.com\/wp-content\/uploads\/2025\/04\/Nocciolini-arancia_marchetti-580x580.jpg 580w, https:\/\/italiansublimefood.com\/wp-content\/uploads\/2025\/04\/Nocciolini-arancia_marchetti-312x312.jpg 312w, https:\/\/italiansublimefood.com\/wp-content\/uploads\/2025\/04\/Nocciolini-arancia_marchetti-1320x1320.jpg 1320w, https:\/\/italiansublimefood.com\/wp-content\/uploads\/2025\/04\/Nocciolini-arancia_marchetti-600x600.jpg 600w, https:\/\/italiansublimefood.com\/wp-content\/uploads\/2025\/04\/Nocciolini-arancia_marchetti-100x100.jpg 100w, https:\/\/italiansublimefood.com\/wp-content\/uploads\/2025\/04\/Nocciolini-arancia_marchetti-460x460.jpg 460w, https:\/\/italiansublimefood.com\/wp-content\/uploads\/2025\/04\/Nocciolini-arancia_marchetti.jpg 1500w\" sizes=\"(max-width: 751px) 100vw, 751px\" \/><\/p>\n","protected":false},"excerpt":{"rendered":"<p>L\u2019animo rustico e dolcissimo \u00e8 lo stesso, ma ho voluto renderlo pi\u00f9 rock and roll con un tono agrumato. Sono il rimedio perfetto per le giornate in salita. I nocciolini sono una specialit\u00e0 della tradizione chivassese: tondi e croccanti, sono gentili e preziosi come la Nocciola Piemonte IGP, che interpretano magistralmente da quasi due secoli.<\/p>\n","protected":false},"featured_media":26208,"template":"","meta":[],"product_brand":[],"product_cat":[178],"product_tag":[],"class_list":{"0":"post-26204","1":"product","2":"type-product","3":"status-publish","4":"has-post-thumbnail","6":"product_cat-dolci-confetture-e-mieli","8":"first","9":"instock","10":"taxable","11":"shipping-taxable","12":"purchasable","13":"product-type-simple"},"_links":{"self":[{"href":"https:\/\/italiansublimefood.com\/it\/wp-json\/wp\/v2\/product\/26204","targetHints":{"allow":["GET"]}}],"collection":[{"href":"https:\/\/italiansublimefood.com\/it\/wp-json\/wp\/v2\/product"}],"about":[{"href":"https:\/\/italiansublimefood.com\/it\/wp-json\/wp\/v2\/types\/product"}],"wp:featuredmedia":[{"embeddable":true,"href":"https:\/\/italiansublimefood.com\/it\/wp-json\/wp\/v2\/media\/26208"}],"wp:attachment":[{"href":"https:\/\/italiansublimefood.com\/it\/wp-json\/wp\/v2\/media?parent=26204"}],"wp:term":[{"taxonomy":"product_brand","embeddable":true,"href":"https:\/\/italiansublimefood.com\/it\/wp-json\/wp\/v2\/product_brand?post=26204"},{"taxonomy":"product_cat","embeddable":true,"href":"https:\/\/italiansublimefood.com\/it\/wp-json\/wp\/v2\/product_cat?post=26204"},{"taxonomy":"product_tag","embeddable":true,"href":"https:\/\/italiansublimefood.com\/it\/wp-json\/wp\/v2\/product_tag?post=26204"}],"curies":[{"name":"wp","href":"https:\/\/api.w.org\/{rel}","templated":true}]}}