{"id":26193,"date":"2025-04-04T19:05:25","date_gmt":"2025-04-04T17:05:25","guid":{"rendered":"https:\/\/italiansublimefood.com\/?post_type=product&#038;p=26193"},"modified":"2025-12-05T09:10:41","modified_gmt":"2025-12-05T08:10:41","slug":"crema-la-spalmabile-marchetti-lab","status":"publish","type":"product","link":"https:\/\/italiansublimefood.com\/it\/prodotto\/crema-la-spalmabile-marchetti-lab\/","title":{"rendered":"Crem\u00e0, la spalmabile &#8211; Marchetti Lab"},"content":{"rendered":"<p><img fetchpriority=\"high\" decoding=\"async\" class=\"alignnone size-large wp-image-26197\" src=\"https:\/\/italiansublimefood.com\/wp-content\/uploads\/2025\/04\/crema_ingredienti-1024x1024.png\" alt=\"\" width=\"751\" height=\"751\" srcset=\"https:\/\/italiansublimefood.com\/wp-content\/uploads\/2025\/04\/crema_ingredienti-1024x1024.png 1024w, https:\/\/italiansublimefood.com\/wp-content\/uploads\/2025\/04\/crema_ingredienti-300x300.png 300w, https:\/\/italiansublimefood.com\/wp-content\/uploads\/2025\/04\/crema_ingredienti-150x150.png 150w, https:\/\/italiansublimefood.com\/wp-content\/uploads\/2025\/04\/crema_ingredienti-768x768.png 768w, https:\/\/italiansublimefood.com\/wp-content\/uploads\/2025\/04\/crema_ingredienti-70x70.png 70w, https:\/\/italiansublimefood.com\/wp-content\/uploads\/2025\/04\/crema_ingredienti-90x90.png 90w, https:\/\/italiansublimefood.com\/wp-content\/uploads\/2025\/04\/crema_ingredienti-580x580.png 580w, https:\/\/italiansublimefood.com\/wp-content\/uploads\/2025\/04\/crema_ingredienti-312x312.png 312w, https:\/\/italiansublimefood.com\/wp-content\/uploads\/2025\/04\/crema_ingredienti-1320x1320.png 1320w, https:\/\/italiansublimefood.com\/wp-content\/uploads\/2025\/04\/crema_ingredienti-600x600.png 600w, https:\/\/italiansublimefood.com\/wp-content\/uploads\/2025\/04\/crema_ingredienti-100x100.png 100w, https:\/\/italiansublimefood.com\/wp-content\/uploads\/2025\/04\/crema_ingredienti-460x460.png 460w, https:\/\/italiansublimefood.com\/wp-content\/uploads\/2025\/04\/crema_ingredienti.png 1500w\" sizes=\"(max-width: 751px) 100vw, 751px\" \/><\/p>\n","protected":false},"excerpt":{"rendered":"<p>Alberto Marchetti sceglie per Crem\u00e0 i migliori ingredienti, come fa ogni giorno per il suo gelato. La nocciola \u00e8 Piemonte IGP, autentica come le Langhe.Il cacao profuma di tutte le sfumature di terre lontane e lo zucchero \u00e8 Nostrano, l\u2019unico zucchero grezzo di barbabietola italiano.<\/p>\n","protected":false},"featured_media":26194,"template":"","meta":[],"product_brand":[],"product_cat":[178],"product_tag":[],"class_list":{"0":"post-26193","1":"product","2":"type-product","3":"status-publish","4":"has-post-thumbnail","6":"product_cat-dolci-confetture-e-mieli","8":"first","9":"instock","10":"taxable","11":"shipping-taxable","12":"purchasable","13":"product-type-simple"},"_links":{"self":[{"href":"https:\/\/italiansublimefood.com\/it\/wp-json\/wp\/v2\/product\/26193","targetHints":{"allow":["GET"]}}],"collection":[{"href":"https:\/\/italiansublimefood.com\/it\/wp-json\/wp\/v2\/product"}],"about":[{"href":"https:\/\/italiansublimefood.com\/it\/wp-json\/wp\/v2\/types\/product"}],"wp:featuredmedia":[{"embeddable":true,"href":"https:\/\/italiansublimefood.com\/it\/wp-json\/wp\/v2\/media\/26194"}],"wp:attachment":[{"href":"https:\/\/italiansublimefood.com\/it\/wp-json\/wp\/v2\/media?parent=26193"}],"wp:term":[{"taxonomy":"product_brand","embeddable":true,"href":"https:\/\/italiansublimefood.com\/it\/wp-json\/wp\/v2\/product_brand?post=26193"},{"taxonomy":"product_cat","embeddable":true,"href":"https:\/\/italiansublimefood.com\/it\/wp-json\/wp\/v2\/product_cat?post=26193"},{"taxonomy":"product_tag","embeddable":true,"href":"https:\/\/italiansublimefood.com\/it\/wp-json\/wp\/v2\/product_tag?post=26193"}],"curies":[{"name":"wp","href":"https:\/\/api.w.org\/{rel}","templated":true}]}}