{"id":26179,"date":"2025-04-04T18:39:27","date_gmt":"2025-04-04T16:39:27","guid":{"rendered":"https:\/\/italiansublimefood.com\/?post_type=product&#038;p=26179"},"modified":"2025-12-04T10:59:43","modified_gmt":"2025-12-04T09:59:43","slug":"zaba-break-con-biscotti-al-burro-marchetti-lab","status":"publish","type":"product","link":"https:\/\/italiansublimefood.com\/it\/prodotto\/zaba-break-con-biscotti-al-burro-marchetti-lab\/","title":{"rendered":"Zab\u00e0 Break con Biscotti al burro &#8211; Marchetti Lab"},"content":{"rendered":"<p><img fetchpriority=\"high\" decoding=\"async\" class=\"alignnone size-full wp-image-26180\" src=\"https:\/\/italiansublimefood.com\/wp-content\/uploads\/2025\/04\/Schermata-2024-11-07-alle-18.20.48.png\" alt=\"\" width=\"624\" height=\"368\" srcset=\"https:\/\/italiansublimefood.com\/wp-content\/uploads\/2025\/04\/Schermata-2024-11-07-alle-18.20.48.png 624w, https:\/\/italiansublimefood.com\/wp-content\/uploads\/2025\/04\/Schermata-2024-11-07-alle-18.20.48-300x177.png 300w, https:\/\/italiansublimefood.com\/wp-content\/uploads\/2025\/04\/Schermata-2024-11-07-alle-18.20.48-600x354.png 600w\" sizes=\"(max-width: 624px) 100vw, 624px\" \/><\/p>\n","protected":false},"excerpt":{"rendered":"<p class=\"p1\">Il mini Zab\u00e0 con i biscotti al burro \u00e8 buonumore pr\u00eat \u00e0 porter. Perfetto per la colazione, per la merenda o in qualsiasi momento si voglia fare una pausa golosa.<\/p>\n","protected":false},"featured_media":26183,"template":"","meta":[],"product_brand":[],"product_cat":[177],"product_tag":[],"class_list":{"0":"post-26179","1":"product","2":"type-product","3":"status-publish","4":"has-post-thumbnail","6":"product_cat-conserve-e-sughi","8":"first","9":"instock","10":"taxable","11":"shipping-taxable","12":"purchasable","13":"product-type-simple"},"_links":{"self":[{"href":"https:\/\/italiansublimefood.com\/it\/wp-json\/wp\/v2\/product\/26179","targetHints":{"allow":["GET"]}}],"collection":[{"href":"https:\/\/italiansublimefood.com\/it\/wp-json\/wp\/v2\/product"}],"about":[{"href":"https:\/\/italiansublimefood.com\/it\/wp-json\/wp\/v2\/types\/product"}],"wp:featuredmedia":[{"embeddable":true,"href":"https:\/\/italiansublimefood.com\/it\/wp-json\/wp\/v2\/media\/26183"}],"wp:attachment":[{"href":"https:\/\/italiansublimefood.com\/it\/wp-json\/wp\/v2\/media?parent=26179"}],"wp:term":[{"taxonomy":"product_brand","embeddable":true,"href":"https:\/\/italiansublimefood.com\/it\/wp-json\/wp\/v2\/product_brand?post=26179"},{"taxonomy":"product_cat","embeddable":true,"href":"https:\/\/italiansublimefood.com\/it\/wp-json\/wp\/v2\/product_cat?post=26179"},{"taxonomy":"product_tag","embeddable":true,"href":"https:\/\/italiansublimefood.com\/it\/wp-json\/wp\/v2\/product_tag?post=26179"}],"curies":[{"name":"wp","href":"https:\/\/api.w.org\/{rel}","templated":true}]}}