{"id":26139,"date":"2025-04-04T17:43:29","date_gmt":"2025-04-04T15:43:29","guid":{"rendered":"https:\/\/italiansublimefood.com\/?post_type=product&#038;p=26139"},"modified":"2025-12-04T10:59:54","modified_gmt":"2025-12-04T09:59:54","slug":"zaba-al-moscato-passito-di-strevi-marchetti-lab","status":"publish","type":"product","link":"https:\/\/italiansublimefood.com\/it\/prodotto\/zaba-al-moscato-passito-di-strevi-marchetti-lab\/","title":{"rendered":"Zab\u00e0 al Moscato Passito di Strevi &#8211; Marchetti Lab"},"content":{"rendered":"<p><img fetchpriority=\"high\" decoding=\"async\" class=\"alignnone size-large wp-image-26140\" src=\"https:\/\/italiansublimefood.com\/wp-content\/uploads\/2025\/04\/zaba_moscato_strevi-1024x1024.png\" alt=\"\" width=\"751\" height=\"751\" srcset=\"https:\/\/italiansublimefood.com\/wp-content\/uploads\/2025\/04\/zaba_moscato_strevi-1024x1024.png 1024w, https:\/\/italiansublimefood.com\/wp-content\/uploads\/2025\/04\/zaba_moscato_strevi-300x300.png 300w, https:\/\/italiansublimefood.com\/wp-content\/uploads\/2025\/04\/zaba_moscato_strevi-150x150.png 150w, https:\/\/italiansublimefood.com\/wp-content\/uploads\/2025\/04\/zaba_moscato_strevi-768x768.png 768w, https:\/\/italiansublimefood.com\/wp-content\/uploads\/2025\/04\/zaba_moscato_strevi-70x70.png 70w, https:\/\/italiansublimefood.com\/wp-content\/uploads\/2025\/04\/zaba_moscato_strevi-90x90.png 90w, https:\/\/italiansublimefood.com\/wp-content\/uploads\/2025\/04\/zaba_moscato_strevi-580x580.png 580w, https:\/\/italiansublimefood.com\/wp-content\/uploads\/2025\/04\/zaba_moscato_strevi-312x312.png 312w, https:\/\/italiansublimefood.com\/wp-content\/uploads\/2025\/04\/zaba_moscato_strevi-1320x1320.png 1320w, https:\/\/italiansublimefood.com\/wp-content\/uploads\/2025\/04\/zaba_moscato_strevi-600x600.png 600w, https:\/\/italiansublimefood.com\/wp-content\/uploads\/2025\/04\/zaba_moscato_strevi-100x100.png 100w, https:\/\/italiansublimefood.com\/wp-content\/uploads\/2025\/04\/zaba_moscato_strevi-460x460.png 460w, https:\/\/italiansublimefood.com\/wp-content\/uploads\/2025\/04\/zaba_moscato_strevi.png 1500w\" sizes=\"(max-width: 751px) 100vw, 751px\" \/><\/p>\n","protected":false},"excerpt":{"rendered":"<div class=\"_imgLayer_1titd_63\">Quando Zab\u00e0 incontra il Moscato Passito pi\u00f9 antico del Piemonte, il giallo si impreziosisce di riflessi ambrati e racconta di una testarda tradizione. Il Passr\u00ec profuma delle migliori uve del vigneto Scrapona, prima selezionate e raccolte a mano, poi appassite e vinificate secondo lo storico metodo di Strevi. Si parte sempre dalla stessa idea di buono: uova fresche da galline allevate a terra, zucchero italiano al 100% e ricetta della tradizione.<\/div>\n","protected":false},"featured_media":26143,"template":"","meta":[],"product_brand":[],"product_cat":[177],"product_tag":[],"class_list":{"0":"post-26139","1":"product","2":"type-product","3":"status-publish","4":"has-post-thumbnail","6":"product_cat-conserve-e-sughi","8":"first","9":"instock","10":"taxable","11":"shipping-taxable","12":"purchasable","13":"product-type-simple"},"_links":{"self":[{"href":"https:\/\/italiansublimefood.com\/it\/wp-json\/wp\/v2\/product\/26139","targetHints":{"allow":["GET"]}}],"collection":[{"href":"https:\/\/italiansublimefood.com\/it\/wp-json\/wp\/v2\/product"}],"about":[{"href":"https:\/\/italiansublimefood.com\/it\/wp-json\/wp\/v2\/types\/product"}],"wp:featuredmedia":[{"embeddable":true,"href":"https:\/\/italiansublimefood.com\/it\/wp-json\/wp\/v2\/media\/26143"}],"wp:attachment":[{"href":"https:\/\/italiansublimefood.com\/it\/wp-json\/wp\/v2\/media?parent=26139"}],"wp:term":[{"taxonomy":"product_brand","embeddable":true,"href":"https:\/\/italiansublimefood.com\/it\/wp-json\/wp\/v2\/product_brand?post=26139"},{"taxonomy":"product_cat","embeddable":true,"href":"https:\/\/italiansublimefood.com\/it\/wp-json\/wp\/v2\/product_cat?post=26139"},{"taxonomy":"product_tag","embeddable":true,"href":"https:\/\/italiansublimefood.com\/it\/wp-json\/wp\/v2\/product_tag?post=26139"}],"curies":[{"name":"wp","href":"https:\/\/api.w.org\/{rel}","templated":true}]}}