{"id":25744,"date":"2025-02-23T17:44:54","date_gmt":"2025-02-23T16:44:54","guid":{"rendered":"https:\/\/italiansublimefood.com\/?post_type=product&#038;p=25744"},"modified":"2026-02-21T13:33:19","modified_gmt":"2026-02-21T12:33:19","slug":"box-regalo-con-i-3-gin-bugin-70-cl-bugin","status":"publish","type":"product","link":"https:\/\/italiansublimefood.com\/it\/prodotto\/box-regalo-con-i-3-gin-bugin-70-cl-bugin\/","title":{"rendered":"Box regalo con i 3 gin BUGIN 70 cl &#8211; Bugin"},"content":{"rendered":"","protected":false},"excerpt":{"rendered":"<p>Rendi unico il tuo regalo con il cofanetto premium triplo che contiene le tre bottiglie\u00a0di BUGIN. Al suo interno si riceve il\u00a0gin BUGIN classico (45% vol) in compagnia delle due edizioni limitate: il\u00a0Barrique Old Tom ex Vermouth e il Barrique ex Timo, entrambi realizzati grazie al\u00a0meticoloso riposo del gin BUGIN nella\u00a0botte di rovere che, in precedenza, aveva custodito rispettivamente il\u00a0Vermouth di Torino Superiore rosso e il liquore al timo.\u00a0La prima Limited Edition (40% vol) presenta un caratteristico sentore di legno, piacevoli note tanniche e una delicata dolcezza. \u00c8 un Old Tom: contiene zucchero nella ricetta (40 gr per litro). Provalo anche liscio per vivere una degustazione straordinaria.\u00a0La seconda, quella ex timo (45% vol),\u00a0ha un&#8217;aromaticit\u00e0 senza uguali e d\u00e0 il suo forte\u00a0nei cocktail e nell&#8217;utilizzo in cucina. La spinta sul timo si unisce alla botanica del timo gi\u00e0 presente nel distillato BUGIN.<br \/>\n<strong>BUGIN \u00c8 IL GIN CHE UNISCE FOOD E MIXOLOGY<br \/>\n<\/strong>\u00c8 il distillato ideale per sfumare e marinare i tagli di carne, cos\u00ec come per i cocktail con cui pasteggiare.Nei cocktail, gli aromi e i profumi del BUGIN completano l\u2019esperienza con i sapori dei piatti di carne.<br \/>\nAll\u2019olfatto risulta molto aromatico e profumato, con delicate note fiorite. Pi\u00f9 secco risulta al palato. La forza delle botaniche arrotonda e completa l\u2019esperienza.<br \/>\nIl suo profumo \u00e8 aromatico e amabile con note balsamiche. Il gusto \u00e8 equilibrato e possente: prevalgono il timo, il genepy e il ginepro. BUGIN \u00e8 distillato in Piemonte con botaniche complementari a quelle di solito usate nelle cotture della carne.\u00a0 Sono otto le botaniche del gin BUGIN: Ginepro, Genepy, Artemisia, Timo, Achillea Millefoglie, Angelica, Tanaceto e Zedoaria. Il cofanetto regalo premium triplo, impreziosito dal fiocco,\u00a0si riceve gi\u00e0 con all&#8217;interno le tre bottiglie di BUGIN da 70 cl.<\/p>\n","protected":false},"featured_media":25748,"template":"","meta":[],"product_brand":[],"product_cat":[176],"product_tag":[358],"class_list":{"0":"post-25744","1":"product","2":"type-product","3":"status-publish","4":"has-post-thumbnail","6":"product_cat-bevande-varie","7":"product_tag-bugin","9":"first","10":"instock","11":"taxable","12":"shipping-taxable","13":"purchasable","14":"product-type-simple"},"_links":{"self":[{"href":"https:\/\/italiansublimefood.com\/it\/wp-json\/wp\/v2\/product\/25744","targetHints":{"allow":["GET"]}}],"collection":[{"href":"https:\/\/italiansublimefood.com\/it\/wp-json\/wp\/v2\/product"}],"about":[{"href":"https:\/\/italiansublimefood.com\/it\/wp-json\/wp\/v2\/types\/product"}],"wp:featuredmedia":[{"embeddable":true,"href":"https:\/\/italiansublimefood.com\/it\/wp-json\/wp\/v2\/media\/25748"}],"wp:attachment":[{"href":"https:\/\/italiansublimefood.com\/it\/wp-json\/wp\/v2\/media?parent=25744"}],"wp:term":[{"taxonomy":"product_brand","embeddable":true,"href":"https:\/\/italiansublimefood.com\/it\/wp-json\/wp\/v2\/product_brand?post=25744"},{"taxonomy":"product_cat","embeddable":true,"href":"https:\/\/italiansublimefood.com\/it\/wp-json\/wp\/v2\/product_cat?post=25744"},{"taxonomy":"product_tag","embeddable":true,"href":"https:\/\/italiansublimefood.com\/it\/wp-json\/wp\/v2\/product_tag?post=25744"}],"curies":[{"name":"wp","href":"https:\/\/api.w.org\/{rel}","templated":true}]}}