{"id":25734,"date":"2025-02-23T17:42:44","date_gmt":"2025-02-23T16:42:44","guid":{"rendered":"https:\/\/italiansublimefood.com\/?post_type=product&#038;p=25734"},"modified":"2026-02-21T13:33:43","modified_gmt":"2026-02-21T12:33:43","slug":"box-regalo-con-gin-bugin-barrique-ex-timo-limited-edition-70-cl-bugin","status":"publish","type":"product","link":"https:\/\/italiansublimefood.com\/it\/prodotto\/box-regalo-con-gin-bugin-barrique-ex-timo-limited-edition-70-cl-bugin\/","title":{"rendered":"Box regalo con gin BUGIN Barrique ex Timo Limited Edition 70 cl &#8211; Bugin"},"content":{"rendered":"","protected":false},"excerpt":{"rendered":"<p>Rendi speciale\u00a0il tuo regalo con il cofanetto che contiene la bottiglia di\u00a0gin\u00a0BUGIN Barrique\u00a0ex Timo\u00a0(45% VOL), in edizione limitata, dal\u00a0carattere audace, che proviene dal riposo del gin BUGIN nella botte di rovere in cui era stato affinato il liquore al timo.Questo affinamento esalta la gi\u00e0 affascinante nota di timo presente nel distillato lasciando emergere una complessit\u00e0 delicata e una spiccata aromaticit\u00e0. \u200b<br \/>\n<strong>BUGIN \u00c8 IL GIN CHE UNISCE FOOD E MIXOLOGY<br \/>\n<\/strong>\u00c8 il distillato ideale per sfumare e marinare i tagli di carne, cos\u00ec come per i cocktail con cui pasteggiare. Nei cocktail, gli aromi e i profumi del BUGIN completano l\u2019esperienza con i sapori dei piatti di carne.<br \/>\nAll\u2019olfatto risulta molto aromatico e profumato, con delicate note fiorite. Pi\u00f9 secco risulta al palato. La forza delle botaniche arrotonda e completa l\u2019esperienza.<br \/>\nIl suo profumo \u00e8 aromatico e amabile con note balsamiche. Il gusto \u00e8 equilibrato e possente: prevalgono il timo, il genepy e il ginepro. BUGIN \u00e8 distillato in Piemonte con botaniche complementari a quelle di solito usate nelle cotture della carne.\u00a0Sono otto le botaniche del gin BUGIN: Ginepro, Genepy, Artemisia, Timo, Achillea Millefoglie, Angelica, Tanaceto e Zedoaria. Gin BUGIN Barrique ex Timo da 70 cl si riceve gi\u00e0 all&#8217;interno del box impreziosito dal fiocco. 45% vol.<\/p>\n","protected":false},"featured_media":25740,"template":"","meta":[],"product_brand":[],"product_cat":[176],"product_tag":[358],"class_list":{"0":"post-25734","1":"product","2":"type-product","3":"status-publish","4":"has-post-thumbnail","6":"product_cat-bevande-varie","7":"product_tag-bugin","9":"first","10":"instock","11":"taxable","12":"shipping-taxable","13":"purchasable","14":"product-type-simple"},"_links":{"self":[{"href":"https:\/\/italiansublimefood.com\/it\/wp-json\/wp\/v2\/product\/25734","targetHints":{"allow":["GET"]}}],"collection":[{"href":"https:\/\/italiansublimefood.com\/it\/wp-json\/wp\/v2\/product"}],"about":[{"href":"https:\/\/italiansublimefood.com\/it\/wp-json\/wp\/v2\/types\/product"}],"wp:featuredmedia":[{"embeddable":true,"href":"https:\/\/italiansublimefood.com\/it\/wp-json\/wp\/v2\/media\/25740"}],"wp:attachment":[{"href":"https:\/\/italiansublimefood.com\/it\/wp-json\/wp\/v2\/media?parent=25734"}],"wp:term":[{"taxonomy":"product_brand","embeddable":true,"href":"https:\/\/italiansublimefood.com\/it\/wp-json\/wp\/v2\/product_brand?post=25734"},{"taxonomy":"product_cat","embeddable":true,"href":"https:\/\/italiansublimefood.com\/it\/wp-json\/wp\/v2\/product_cat?post=25734"},{"taxonomy":"product_tag","embeddable":true,"href":"https:\/\/italiansublimefood.com\/it\/wp-json\/wp\/v2\/product_tag?post=25734"}],"curies":[{"name":"wp","href":"https:\/\/api.w.org\/{rel}","templated":true}]}}