{"id":25708,"date":"2025-02-23T17:02:57","date_gmt":"2025-02-23T16:02:57","guid":{"rendered":"https:\/\/italiansublimefood.com\/?post_type=product&#038;p=25708"},"modified":"2025-12-04T11:00:00","modified_gmt":"2025-12-04T10:00:00","slug":"salsa-bbq-gin-tonic-bugin","status":"publish","type":"product","link":"https:\/\/italiansublimefood.com\/it\/prodotto\/salsa-bbq-gin-tonic-bugin\/","title":{"rendered":"Salsa BBQ Gin Tonic &#8211; Bugin"},"content":{"rendered":"","protected":false},"excerpt":{"rendered":"<p>Salsa barbecue profondamente agrumata con una distintiva e delicata nota acida. \u00c8 l&#8217;alleata ideale per le marinature e come condimento. Esalta ogni pietanza nel magico mondo del bbq.<br \/>\n<strong>NON CONTIENE N\u00c9 ALCOL N\u00c9 COLORANTI N\u00c9 CONSERVANTI.<\/strong><br \/>\n<strong>INGREDIENTI<\/strong>: passata di pomodoro (origine Italia), aceto di mele, miele, zucchero di canna, scorza di limone, scorza di lime, olio e.v.o., sale, pepe, erbe, spezie e aromi. Addensante: amido modificato di tapioca.\u00a0Rendi stratosferici i tuoi abbinamenti\u00a0e la tua cucina con un prodotto unico sul mercato che unisce\u00a0mixology e\u00a0barbecue.<br \/>\nBottiglia di vetro con 250 ml di salsa.<\/p>\n","protected":false},"featured_media":25713,"template":"","meta":[],"product_brand":[],"product_cat":[177],"product_tag":[358],"class_list":{"0":"post-25708","1":"product","2":"type-product","3":"status-publish","4":"has-post-thumbnail","6":"product_cat-conserve-e-sughi","7":"product_tag-bugin","9":"first","10":"instock","11":"taxable","12":"shipping-taxable","13":"purchasable","14":"product-type-simple"},"_links":{"self":[{"href":"https:\/\/italiansublimefood.com\/it\/wp-json\/wp\/v2\/product\/25708","targetHints":{"allow":["GET"]}}],"collection":[{"href":"https:\/\/italiansublimefood.com\/it\/wp-json\/wp\/v2\/product"}],"about":[{"href":"https:\/\/italiansublimefood.com\/it\/wp-json\/wp\/v2\/types\/product"}],"wp:featuredmedia":[{"embeddable":true,"href":"https:\/\/italiansublimefood.com\/it\/wp-json\/wp\/v2\/media\/25713"}],"wp:attachment":[{"href":"https:\/\/italiansublimefood.com\/it\/wp-json\/wp\/v2\/media?parent=25708"}],"wp:term":[{"taxonomy":"product_brand","embeddable":true,"href":"https:\/\/italiansublimefood.com\/it\/wp-json\/wp\/v2\/product_brand?post=25708"},{"taxonomy":"product_cat","embeddable":true,"href":"https:\/\/italiansublimefood.com\/it\/wp-json\/wp\/v2\/product_cat?post=25708"},{"taxonomy":"product_tag","embeddable":true,"href":"https:\/\/italiansublimefood.com\/it\/wp-json\/wp\/v2\/product_tag?post=25708"}],"curies":[{"name":"wp","href":"https:\/\/api.w.org\/{rel}","templated":true}]}}