{"id":25700,"date":"2025-02-23T16:56:38","date_gmt":"2025-02-23T15:56:38","guid":{"rendered":"https:\/\/italiansublimefood.com\/?post_type=product&#038;p=25700"},"modified":"2025-12-04T11:00:06","modified_gmt":"2025-12-04T10:00:06","slug":"cocktail-rub-martini-bugin","status":"publish","type":"product","link":"https:\/\/italiansublimefood.com\/it\/prodotto\/cocktail-rub-martini-bugin\/","title":{"rendered":"Cocktail rub Martini &#8211; Bugin"},"content":{"rendered":"","protected":false},"excerpt":{"rendered":"<p>Scopri l&#8217;eleganza del rub al Martini Cocktail impreziosito dalle botaniche del gin BUGIN. Una sinfonia aromatica ideale\u00a0<strong>per carni rosse e crostacei<\/strong>, con cui trasformare ogni boccone in un&#8217;esperienza gourmet, sempre mettendo al centro l&#8217;essenza del BBQ.\u00c8 il mix di sale, spezie ed erbe che ti riporta al profumo e al sapore di uno dei cocktail pi\u00f9 famosi\u00a0al mondo, il Martini Cocktail, per ogni tipo di cottura:\u00a0al barbecue, sulla griglia, al forno o in padella.<br \/>\n<strong>NON CONTIENE N\u00c9 ALCOL N\u00c9 COLORANTI N\u00c9 CONSERVANTI.<\/strong><br \/>\nL&#8217;incredibile esperienza in campo di spezie di JS1599 e quella di Mauro Schiavo, founder di BUGIN, si sono unite in una grande ricerca di sapori per donare alle tue preparazioni un gusto incredibile.<br \/>\n<strong>INGREDIENTI<\/strong>: sale, pepe granulare, arancia buccia polvere, zucchero, cipolla, ginepro macinato, aglio, coriandolo semi, timo, anice stellato, cannella di Ceylon, macis, artemisia, fave di tonka, ginepro intero, achillea, vaniglia Bourbon in polvere, cardamomo verde. Rendi inimitabili le tue pietanze con un prodotto unico sul mercato che unisce i mondi della mixology e del barbecue!<br \/>\nBarattolo da 200 gr.<\/p>\n","protected":false},"featured_media":25705,"template":"","meta":[],"product_brand":[],"product_cat":[177],"product_tag":[358],"class_list":{"0":"post-25700","1":"product","2":"type-product","3":"status-publish","4":"has-post-thumbnail","6":"product_cat-conserve-e-sughi","7":"product_tag-bugin","9":"first","10":"instock","11":"taxable","12":"shipping-taxable","13":"purchasable","14":"product-type-simple"},"_links":{"self":[{"href":"https:\/\/italiansublimefood.com\/it\/wp-json\/wp\/v2\/product\/25700","targetHints":{"allow":["GET"]}}],"collection":[{"href":"https:\/\/italiansublimefood.com\/it\/wp-json\/wp\/v2\/product"}],"about":[{"href":"https:\/\/italiansublimefood.com\/it\/wp-json\/wp\/v2\/types\/product"}],"wp:featuredmedia":[{"embeddable":true,"href":"https:\/\/italiansublimefood.com\/it\/wp-json\/wp\/v2\/media\/25705"}],"wp:attachment":[{"href":"https:\/\/italiansublimefood.com\/it\/wp-json\/wp\/v2\/media?parent=25700"}],"wp:term":[{"taxonomy":"product_brand","embeddable":true,"href":"https:\/\/italiansublimefood.com\/it\/wp-json\/wp\/v2\/product_brand?post=25700"},{"taxonomy":"product_cat","embeddable":true,"href":"https:\/\/italiansublimefood.com\/it\/wp-json\/wp\/v2\/product_cat?post=25700"},{"taxonomy":"product_tag","embeddable":true,"href":"https:\/\/italiansublimefood.com\/it\/wp-json\/wp\/v2\/product_tag?post=25700"}],"curies":[{"name":"wp","href":"https:\/\/api.w.org\/{rel}","templated":true}]}}