{"id":25689,"date":"2025-02-23T16:54:40","date_gmt":"2025-02-23T15:54:40","guid":{"rendered":"https:\/\/italiansublimefood.com\/?post_type=product&#038;p=25689"},"modified":"2025-12-04T11:00:10","modified_gmt":"2025-12-04T10:00:10","slug":"cocktail-rub-gin-mule-bugin","status":"publish","type":"product","link":"https:\/\/italiansublimefood.com\/it\/prodotto\/cocktail-rub-gin-mule-bugin\/","title":{"rendered":"Cocktail rub Gin Mule &#8211; Bugin"},"content":{"rendered":"","protected":false},"excerpt":{"rendered":"<p>Esalta<strong>\u00a0le\u00a0carni bianche e il salmone<\/strong> con il Cocktail rub al Gin Mule, arricchito dalle botaniche del gin BUGIN. Una fusione di sapori che combina freschezza e profondit\u00e0, creando l&#8217;abbinamento perfetto per un BBQ di classe.<br \/>\n<strong>NON CONTIENE N\u00c9 ALCOL N\u00c9 COLORANTI N\u00c9 CONSERVANTI.<\/strong><br \/>\nL&#8217;incredibile esperienza in campo di spezie di JS1599 e quella di Mauro Schiavo, founder di BUGIN, si sono unite in una grande ricerca di sapori per donare alle tue preparazioni un gusto incredibile.<br \/>\n<strong>INGREDIENTI:<\/strong> sale, zucchero di canna, coriandolo semi, timo, ginepro macinato, zenzero, limone buccia, cipolla, arancia buccia, pepe di Timut, lime in polvere, paprika dolce, alloro, rosmarino, artemisia, achillea.Rendi inimitabili le tue pietanze con un prodotto unico sul mercato che unisce i mondi della mixology e del barbecue!<br \/>\nBarattolo da 200 gr.<\/p>\n","protected":false},"featured_media":25697,"template":"","meta":[],"product_brand":[],"product_cat":[177],"product_tag":[358],"class_list":{"0":"post-25689","1":"product","2":"type-product","3":"status-publish","4":"has-post-thumbnail","6":"product_cat-conserve-e-sughi","7":"product_tag-bugin","9":"first","10":"instock","11":"taxable","12":"shipping-taxable","13":"purchasable","14":"product-type-simple"},"_links":{"self":[{"href":"https:\/\/italiansublimefood.com\/it\/wp-json\/wp\/v2\/product\/25689","targetHints":{"allow":["GET"]}}],"collection":[{"href":"https:\/\/italiansublimefood.com\/it\/wp-json\/wp\/v2\/product"}],"about":[{"href":"https:\/\/italiansublimefood.com\/it\/wp-json\/wp\/v2\/types\/product"}],"wp:featuredmedia":[{"embeddable":true,"href":"https:\/\/italiansublimefood.com\/it\/wp-json\/wp\/v2\/media\/25697"}],"wp:attachment":[{"href":"https:\/\/italiansublimefood.com\/it\/wp-json\/wp\/v2\/media?parent=25689"}],"wp:term":[{"taxonomy":"product_brand","embeddable":true,"href":"https:\/\/italiansublimefood.com\/it\/wp-json\/wp\/v2\/product_brand?post=25689"},{"taxonomy":"product_cat","embeddable":true,"href":"https:\/\/italiansublimefood.com\/it\/wp-json\/wp\/v2\/product_cat?post=25689"},{"taxonomy":"product_tag","embeddable":true,"href":"https:\/\/italiansublimefood.com\/it\/wp-json\/wp\/v2\/product_tag?post=25689"}],"curies":[{"name":"wp","href":"https:\/\/api.w.org\/{rel}","templated":true}]}}