{"id":25688,"date":"2025-02-23T16:53:28","date_gmt":"2025-02-23T15:53:28","guid":{"rendered":"https:\/\/italiansublimefood.com\/?post_type=product&#038;p=25688"},"modified":"2025-12-04T11:00:12","modified_gmt":"2025-12-04T10:00:12","slug":"cocktail-rub-spritz-bugin","status":"publish","type":"product","link":"https:\/\/italiansublimefood.com\/it\/prodotto\/cocktail-rub-spritz-bugin\/","title":{"rendered":"Cocktail rub Spritz &#8211; Bugin"},"content":{"rendered":"","protected":false},"excerpt":{"rendered":"<p>Dai un tocco vivace al tuo BBQ con il Cocktail rub allo Spritz. Ideale\u00a0<strong>per la carne di suino<\/strong>, in particolare\u00a0<strong>per il pulled pork e i burnt ends<\/strong>.Una sinergia di aromi che rende ogni assaggio un&#8217;esperienza unica. L&#8217;ingrediente perfetto per gli amanti della brace.<br \/>\n<strong>NON CONTIENE N\u00c9 ALCOL N\u00c9 COLORANTI N\u00c9 CONSERVANTI.<\/strong><br \/>\nL&#8217;incredibile esperienza in campo di spezie di JS1599 e quella di Mauro Schiavo, founder di BUGIN, si sono unite in una grande ricerca di sapori per donare alle tue preparazioni un gusto incredibile.<br \/>\n<strong>INGREDIENTI<\/strong>: sale, zucchero di canna, arancia buccia, alloro, coriandolo semi, paprika dolce, pepe rosa, cipolla granulare, pepe di Timut, paprika forte, pepe nero, rosmarino, anice stellato, artemisia, achillea. Rendi inimitabili le tue pietanze con un prodotto unico sul mercato che unisce i mondi della mixology e del barbecue!<br \/>\nBarattolo da 200 gr.<\/p>\n","protected":false},"featured_media":25694,"template":"","meta":[],"product_brand":[],"product_cat":[177],"product_tag":[358],"class_list":{"0":"post-25688","1":"product","2":"type-product","3":"status-publish","4":"has-post-thumbnail","6":"product_cat-conserve-e-sughi","7":"product_tag-bugin","9":"first","10":"instock","11":"taxable","12":"shipping-taxable","13":"purchasable","14":"product-type-simple"},"_links":{"self":[{"href":"https:\/\/italiansublimefood.com\/it\/wp-json\/wp\/v2\/product\/25688","targetHints":{"allow":["GET"]}}],"collection":[{"href":"https:\/\/italiansublimefood.com\/it\/wp-json\/wp\/v2\/product"}],"about":[{"href":"https:\/\/italiansublimefood.com\/it\/wp-json\/wp\/v2\/types\/product"}],"wp:featuredmedia":[{"embeddable":true,"href":"https:\/\/italiansublimefood.com\/it\/wp-json\/wp\/v2\/media\/25694"}],"wp:attachment":[{"href":"https:\/\/italiansublimefood.com\/it\/wp-json\/wp\/v2\/media?parent=25688"}],"wp:term":[{"taxonomy":"product_brand","embeddable":true,"href":"https:\/\/italiansublimefood.com\/it\/wp-json\/wp\/v2\/product_brand?post=25688"},{"taxonomy":"product_cat","embeddable":true,"href":"https:\/\/italiansublimefood.com\/it\/wp-json\/wp\/v2\/product_cat?post=25688"},{"taxonomy":"product_tag","embeddable":true,"href":"https:\/\/italiansublimefood.com\/it\/wp-json\/wp\/v2\/product_tag?post=25688"}],"curies":[{"name":"wp","href":"https:\/\/api.w.org\/{rel}","templated":true}]}}