{"id":25684,"date":"2025-02-23T16:51:56","date_gmt":"2025-02-23T15:51:56","guid":{"rendered":"https:\/\/italiansublimefood.com\/?post_type=product&#038;p=25684"},"modified":"2025-12-04T11:00:15","modified_gmt":"2025-12-04T10:00:15","slug":"cocktail-rub-negroni-bugin","status":"publish","type":"product","link":"https:\/\/italiansublimefood.com\/it\/prodotto\/cocktail-rub-negroni-bugin\/","title":{"rendered":"Cocktail rub Negroni &#8211; Bugin"},"content":{"rendered":"","protected":false},"excerpt":{"rendered":"<p>Trasforma le tue\u00a0<strong>ribs di suino<\/strong> in un&#8217;opera d&#8217;arte del BBQ. In questo Cocktail rub, le botaniche del gin BUGIN flirtano con gli aromi del Negroni, offrendo un&#8217;esperienza gustativa irresistibile per gli appassionati del barbecue.<br \/>\nNON CONTIENE N\u00c9 ALCOL N\u00c9 COLORANTI N\u00c9 CONSERVANTI.<br \/>\nL&#8217;incredibile esperienza in campo di spezie di JS1599 e quella di Mauro Schiavo, founder di BUGIN, si sono unite in una grande ricerca di sapori per donare alle tue preparazioni un gusto incredibile. INGREDIENTI: sale, cipolla, arancia buccia polvere, paprika affumicata, pepe granulare, ginepro macinato, zucchero di canna, aglio, coriandolo, artemisia, pepe affumicato, noce moscata, aroma bacon, timo, achillea, pepe di Timut. Rendi inimitabili le tue pietanze con un prodotto unico sul mercato che unisce i mondi della mixology e del barbecue!<br \/>\nBarattolo da 200 gr.<\/p>\n","protected":false},"featured_media":25690,"template":"","meta":[],"product_brand":[],"product_cat":[177],"product_tag":[358],"class_list":{"0":"post-25684","1":"product","2":"type-product","3":"status-publish","4":"has-post-thumbnail","6":"product_cat-conserve-e-sughi","7":"product_tag-bugin","9":"first","10":"instock","11":"taxable","12":"shipping-taxable","13":"purchasable","14":"product-type-simple"},"_links":{"self":[{"href":"https:\/\/italiansublimefood.com\/it\/wp-json\/wp\/v2\/product\/25684","targetHints":{"allow":["GET"]}}],"collection":[{"href":"https:\/\/italiansublimefood.com\/it\/wp-json\/wp\/v2\/product"}],"about":[{"href":"https:\/\/italiansublimefood.com\/it\/wp-json\/wp\/v2\/types\/product"}],"wp:featuredmedia":[{"embeddable":true,"href":"https:\/\/italiansublimefood.com\/it\/wp-json\/wp\/v2\/media\/25690"}],"wp:attachment":[{"href":"https:\/\/italiansublimefood.com\/it\/wp-json\/wp\/v2\/media?parent=25684"}],"wp:term":[{"taxonomy":"product_brand","embeddable":true,"href":"https:\/\/italiansublimefood.com\/it\/wp-json\/wp\/v2\/product_brand?post=25684"},{"taxonomy":"product_cat","embeddable":true,"href":"https:\/\/italiansublimefood.com\/it\/wp-json\/wp\/v2\/product_cat?post=25684"},{"taxonomy":"product_tag","embeddable":true,"href":"https:\/\/italiansublimefood.com\/it\/wp-json\/wp\/v2\/product_tag?post=25684"}],"curies":[{"name":"wp","href":"https:\/\/api.w.org\/{rel}","templated":true}]}}