{"id":25670,"date":"2025-02-22T23:29:44","date_gmt":"2025-02-22T22:29:44","guid":{"rendered":"https:\/\/italiansublimefood.com\/?post_type=product&#038;p=25670"},"modified":"2026-02-21T13:33:55","modified_gmt":"2026-02-21T12:33:55","slug":"gin-bugin-old-tom-barrique-ex-vermouth-limited-edition-70-cl-bugin","status":"publish","type":"product","link":"https:\/\/italiansublimefood.com\/it\/prodotto\/gin-bugin-old-tom-barrique-ex-vermouth-limited-edition-70-cl-bugin\/","title":{"rendered":"Gin BUGIN Old Tom Barrique ex Vermouth Limited Edition 70 cl &#8211; Bugin"},"content":{"rendered":"","protected":false},"excerpt":{"rendered":"<p>Il gin BUGIN Barrique Old Tom in edizione limitata (40% VOL) \u00e8 il frutto di un meticoloso riposo del gin BUGIN nella botte di rovere che, in precedenza, custodiva Vermouth di Torino Superiore rosso.\u00a0 Presenta un caratteristico sentore di legno, piacevoli note tanniche e una delicata dolcezza. \u00c8 un Old Tom: contiene zucchero nella ricetta (40 gr per litro). Provalo anche liscio per vivere una degustazione straordinaria. \u00c8 il distillato ideale per sfumare e marinare i tagli di carne, cos\u00ec come per i cocktail con cui pasteggiare. Nei cocktail, gli aromi e i profumi del BUGIN completano l\u2019esperienza con i sapori dei piatti di carne. All\u2019olfatto risulta molto aromatico e profumato, con delicate note fiorite. Pi\u00f9 secco risulta al palato. La forza delle botaniche arrotonda e completa l\u2019esperienza. Il suo profumo \u00e8 aromatico e amabile con note balsamiche. Il gusto \u00e8 equilibrato e possente: prevalgono il timo, il genepy e il ginepro. BUGIN \u00e8 distillato in Piemonte con botaniche complementari a quelle di solito usate nelle cotture della carne. Lo proponiamo anche con il suo astuccio elegante che riprende la Mole Antonelliana, uno dei simboli della citt\u00e0 di Torino. Sono otto le botaniche del gin BUGIN:\u00a0Ginepro, Genepy, Artemisia, Timo, Achillea Millefoglie, Angelica, Tanaceto e Zedoaria.<br \/>\nBottiglia da 70 cl. 40% vol.<\/p>\n","protected":false},"featured_media":25671,"template":"","meta":[],"product_brand":[],"product_cat":[176],"product_tag":[358],"class_list":{"0":"post-25670","1":"product","2":"type-product","3":"status-publish","4":"has-post-thumbnail","6":"product_cat-bevande-varie","7":"product_tag-bugin","9":"first","10":"instock","11":"taxable","12":"shipping-taxable","13":"purchasable","14":"product-type-simple"},"_links":{"self":[{"href":"https:\/\/italiansublimefood.com\/it\/wp-json\/wp\/v2\/product\/25670","targetHints":{"allow":["GET"]}}],"collection":[{"href":"https:\/\/italiansublimefood.com\/it\/wp-json\/wp\/v2\/product"}],"about":[{"href":"https:\/\/italiansublimefood.com\/it\/wp-json\/wp\/v2\/types\/product"}],"wp:featuredmedia":[{"embeddable":true,"href":"https:\/\/italiansublimefood.com\/it\/wp-json\/wp\/v2\/media\/25671"}],"wp:attachment":[{"href":"https:\/\/italiansublimefood.com\/it\/wp-json\/wp\/v2\/media?parent=25670"}],"wp:term":[{"taxonomy":"product_brand","embeddable":true,"href":"https:\/\/italiansublimefood.com\/it\/wp-json\/wp\/v2\/product_brand?post=25670"},{"taxonomy":"product_cat","embeddable":true,"href":"https:\/\/italiansublimefood.com\/it\/wp-json\/wp\/v2\/product_cat?post=25670"},{"taxonomy":"product_tag","embeddable":true,"href":"https:\/\/italiansublimefood.com\/it\/wp-json\/wp\/v2\/product_tag?post=25670"}],"curies":[{"name":"wp","href":"https:\/\/api.w.org\/{rel}","templated":true}]}}