{"id":22183,"date":"2024-10-20T19:06:35","date_gmt":"2024-10-20T17:06:35","guid":{"rendered":"https:\/\/italiansublimefood.com\/?post_type=product&#038;p=22183"},"modified":"2025-12-05T09:10:51","modified_gmt":"2025-12-05T08:10:51","slug":"marmellata-di-pesche-borgunto","status":"publish","type":"product","link":"https:\/\/italiansublimefood.com\/it\/prodotto\/marmellata-di-pesche-borgunto\/","title":{"rendered":"Marmellata di pesche 230g &#8211; Borgunto"},"content":{"rendered":"","protected":false},"excerpt":{"rendered":"<p>La nostra confettura di pesche ha un sapore dolce e molto ben bilanciato, grazie alla <strong>presenza limitata di zucchero<\/strong> (solo 47%) e alla<strong> totale assenza di conservanti<\/strong>. La composizione della confettura \u00e8 costituita da frutta (72%), zucchero e da piccole quantit\u00e0 di pectina e acido citrico. La sua versatilit\u00e0 la rende ideale sia per dolci che per una colazione sana e gustosa. <strong>Informazioni nutrizionali:<\/strong> Energia 138 kcal, 584 kJ, Grassi &lt; 0,1 g (di cui acidi grassi saturi &lt; 0,01 g), Carboidrati 34 g (di cui zuccheri 34 g), Proteine 0,6 g, Sale 0,01 g.<\/p>\n","protected":false},"featured_media":22184,"template":"","meta":[],"product_brand":[],"product_cat":[178],"product_tag":[252],"class_list":{"0":"post-22183","1":"product","2":"type-product","3":"status-publish","4":"has-post-thumbnail","6":"product_cat-dolci-confetture-e-mieli","7":"product_tag-borgunto","9":"first","10":"instock","11":"taxable","12":"shipping-taxable","13":"purchasable","14":"product-type-simple"},"_links":{"self":[{"href":"https:\/\/italiansublimefood.com\/it\/wp-json\/wp\/v2\/product\/22183","targetHints":{"allow":["GET"]}}],"collection":[{"href":"https:\/\/italiansublimefood.com\/it\/wp-json\/wp\/v2\/product"}],"about":[{"href":"https:\/\/italiansublimefood.com\/it\/wp-json\/wp\/v2\/types\/product"}],"wp:featuredmedia":[{"embeddable":true,"href":"https:\/\/italiansublimefood.com\/it\/wp-json\/wp\/v2\/media\/22184"}],"wp:attachment":[{"href":"https:\/\/italiansublimefood.com\/it\/wp-json\/wp\/v2\/media?parent=22183"}],"wp:term":[{"taxonomy":"product_brand","embeddable":true,"href":"https:\/\/italiansublimefood.com\/it\/wp-json\/wp\/v2\/product_brand?post=22183"},{"taxonomy":"product_cat","embeddable":true,"href":"https:\/\/italiansublimefood.com\/it\/wp-json\/wp\/v2\/product_cat?post=22183"},{"taxonomy":"product_tag","embeddable":true,"href":"https:\/\/italiansublimefood.com\/it\/wp-json\/wp\/v2\/product_tag?post=22183"}],"curies":[{"name":"wp","href":"https:\/\/api.w.org\/{rel}","templated":true}]}}