{"id":22175,"date":"2024-10-20T18:57:24","date_gmt":"2024-10-20T16:57:24","guid":{"rendered":"https:\/\/italiansublimefood.com\/?post_type=product&#038;p=22175"},"modified":"2025-12-04T11:00:22","modified_gmt":"2025-12-04T10:00:22","slug":"ragu-di-chianina-borgunto","status":"publish","type":"product","link":"https:\/\/italiansublimefood.com\/it\/prodotto\/ragu-di-chianina-borgunto\/","title":{"rendered":"Rag\u00f9 di Chianina 200g &#8211; Borgunto"},"content":{"rendered":"","protected":false},"excerpt":{"rendered":"<p>La chianina \u00e8 una razza bovina tra le pi\u00f9 antiche e importanti di Italia, deve il suo nome alla zona di allevamento la VAL DI CHIANA. Carne chianina certificata secondo il disciplinare IT 003 ET. Ottimo condimento per tutti i tipi di pasta, gnocchetti, ravioli tagliatelle ecc. Prodotto gi\u00e0 pronto all\u2019uso da scaldare a bagnomaria, in forno a microonde oppure direttamente in padella. <strong>Ingredienti<\/strong>: Carne bovina &#8216;chianina&#8217; (60%), passata di pomodoro (origine Italia), olio extra vergine di oliva, ortaggi in proporzione variabile (carota, sedano, cipolla, aglio), vino, carne suina, sale, prezzemolo, spezie. <strong>Informazioni aggiuntive:\u00a0<\/strong>Energia 216, kcal 906 kJ, Grassi 17,2 g (di cui acidi grassi saturi 3,4 g), Carboidrati 2,6 g (di cui zuccheri 2,4 g), Proteine 14,7 g, Sale 2,1 g. <strong>Allergeni<\/strong>: sedano. Senza glutine e senza lattosio, naturalmente a basso contenuto di zuccheri. Senza conservanti. <strong>Conservazione<\/strong>: Conservare a temperatura ambiente. Dopo l\u2019apertura aggiungere olio extra vergine di oliva, conservare in frigorifero e consumare entro 3 giorni.<strong> Scadenza:<\/strong> 4 anni.<\/p>\n","protected":false},"featured_media":22176,"template":"","meta":[],"product_brand":[],"product_cat":[177],"product_tag":[252],"class_list":{"0":"post-22175","1":"product","2":"type-product","3":"status-publish","4":"has-post-thumbnail","6":"product_cat-conserve-e-sughi","7":"product_tag-borgunto","9":"first","10":"instock","11":"taxable","12":"shipping-taxable","13":"purchasable","14":"product-type-simple"},"_links":{"self":[{"href":"https:\/\/italiansublimefood.com\/it\/wp-json\/wp\/v2\/product\/22175","targetHints":{"allow":["GET"]}}],"collection":[{"href":"https:\/\/italiansublimefood.com\/it\/wp-json\/wp\/v2\/product"}],"about":[{"href":"https:\/\/italiansublimefood.com\/it\/wp-json\/wp\/v2\/types\/product"}],"wp:featuredmedia":[{"embeddable":true,"href":"https:\/\/italiansublimefood.com\/it\/wp-json\/wp\/v2\/media\/22176"}],"wp:attachment":[{"href":"https:\/\/italiansublimefood.com\/it\/wp-json\/wp\/v2\/media?parent=22175"}],"wp:term":[{"taxonomy":"product_brand","embeddable":true,"href":"https:\/\/italiansublimefood.com\/it\/wp-json\/wp\/v2\/product_brand?post=22175"},{"taxonomy":"product_cat","embeddable":true,"href":"https:\/\/italiansublimefood.com\/it\/wp-json\/wp\/v2\/product_cat?post=22175"},{"taxonomy":"product_tag","embeddable":true,"href":"https:\/\/italiansublimefood.com\/it\/wp-json\/wp\/v2\/product_tag?post=22175"}],"curies":[{"name":"wp","href":"https:\/\/api.w.org\/{rel}","templated":true}]}}