{"id":22142,"date":"2024-10-20T17:59:40","date_gmt":"2024-10-20T15:59:40","guid":{"rendered":"https:\/\/italiansublimefood.com\/?post_type=product&#038;p=22142"},"modified":"2025-12-04T11:34:46","modified_gmt":"2025-12-04T10:34:46","slug":"22142","status":"publish","type":"product","link":"https:\/\/italiansublimefood.com\/it\/prodotto\/22142\/","title":{"rendered":"Vino Rosato &#8211; Borgunto"},"content":{"rendered":"","protected":false},"excerpt":{"rendered":"<p>-Per ottenere un vino rosato di alta qualit\u00e0, le uve rosse vengono vendemmiate in anticipo rispetto alla vendemmia tradizionale, cos\u00ec da garantire un equilibrio perfetto tra acidit\u00e0 e grado zuccherino. Dopo la pigiatura, le bucce e i vinaccioli vengono lasciati a macerare per un tempo limitato, che pu\u00f2 variare dalle poche ore fino a un massimo di due giorni, secondo la variet\u00e0 dell\u2019uva e i risultati desiderati. <strong>Note di degustazione: <\/strong><strong>Colore:<\/strong> rosa cerasuolo. <strong>Profumo:<\/strong> fruttato, note erbacee. <strong>Sapore:<\/strong> vino di cui percepiamo la freschezza, leggermente sapido. <strong>Abbinamenti gastronomici consigliati: <\/strong>Aperitivi, antipasti, primi e pietanze a base di pesce salumi e formaggi stagionati.<\/p>\n<p><strong>-Uvaggio: <\/strong>80% sangiovese, 20% canaiolo. <strong>INFORMAZIONI NUTRIZIONALI: <\/strong>Valori medi per porzione (150ml) per porzione% AR*: Energia 124 kcal 6%, 518 kJ 6%, Grassi 0 g 0%, Grassi Saturi 0 g 0%, Grassi Monoinsaturi 0 g 0%, Grassi Polinsaturi 0 g 0%, Carboidrati 4,01 g 2%, Zuccheri 1,17 g 1%, Fibra 0 0%, Proteine 0,1 g 0%, Sale 0,02 g 0%, Colesterolo 0 mg 0%, Potassio 146 mg 7%. <strong>Gradi alcolici:<\/strong> 12% Vol. <strong>Temperatura di servizio:<\/strong> 8-10\u00b0 C.<\/p>\n","protected":false},"featured_media":22143,"template":"","meta":[],"product_brand":[],"product_cat":[186],"product_tag":[252],"class_list":{"0":"post-22142","1":"product","2":"type-product","3":"status-publish","4":"has-post-thumbnail","6":"product_cat-vini-birre-e-aceti","7":"product_tag-borgunto","9":"first","10":"instock","11":"taxable","12":"shipping-taxable","13":"purchasable","14":"product-type-simple"},"_links":{"self":[{"href":"https:\/\/italiansublimefood.com\/it\/wp-json\/wp\/v2\/product\/22142","targetHints":{"allow":["GET"]}}],"collection":[{"href":"https:\/\/italiansublimefood.com\/it\/wp-json\/wp\/v2\/product"}],"about":[{"href":"https:\/\/italiansublimefood.com\/it\/wp-json\/wp\/v2\/types\/product"}],"wp:featuredmedia":[{"embeddable":true,"href":"https:\/\/italiansublimefood.com\/it\/wp-json\/wp\/v2\/media\/22143"}],"wp:attachment":[{"href":"https:\/\/italiansublimefood.com\/it\/wp-json\/wp\/v2\/media?parent=22142"}],"wp:term":[{"taxonomy":"product_brand","embeddable":true,"href":"https:\/\/italiansublimefood.com\/it\/wp-json\/wp\/v2\/product_brand?post=22142"},{"taxonomy":"product_cat","embeddable":true,"href":"https:\/\/italiansublimefood.com\/it\/wp-json\/wp\/v2\/product_cat?post=22142"},{"taxonomy":"product_tag","embeddable":true,"href":"https:\/\/italiansublimefood.com\/it\/wp-json\/wp\/v2\/product_tag?post=22142"}],"curies":[{"name":"wp","href":"https:\/\/api.w.org\/{rel}","templated":true}]}}