{"id":22138,"date":"2024-10-20T17:52:33","date_gmt":"2024-10-20T15:52:33","guid":{"rendered":"https:\/\/italiansublimefood.com\/?post_type=product&#038;p=22138"},"modified":"2026-02-21T17:25:52","modified_gmt":"2026-02-21T16:25:52","slug":"vino-toscana-rosso-borgunto","status":"publish","type":"product","link":"https:\/\/italiansublimefood.com\/it\/prodotto\/vino-toscana-rosso-borgunto\/","title":{"rendered":"Vino Toscana Rosso &#8211; Borgunto"},"content":{"rendered":"","protected":false},"excerpt":{"rendered":"<p>Vino Toscana Rosso. Categoria: Vino Rosso. Questo vino \u00e8 prodotto con uva Sangiovese e piccole quantit\u00e0 di altre variet\u00e0 come Canaiolo nero, Trebbiano Toscano e Malvasia. I vigneti sono situati su terreni collinari perfettamente esposti al sole, per garantire la produzione di uve di alta qualit\u00e0. <strong>Note di degustazione <\/strong><strong>Colore:<\/strong> rosso rubino brillante. <strong>Profumo:<\/strong> fruttato (ribes, more di rovo), floreale (violette di campo). <strong>Sapore:<\/strong> asciutto, sapido, tendente al morbido. <strong>Abbinamenti gastronomici consigliati: <\/strong>Adatto ad arrosti, carni alla brace, cacciagione e formaggi. <strong>INFORMAZIONI NUTRIZIONALI: <\/strong>Valori medi per porzione (150ml) per porzione% AR*: Energia 124 kcal 6%, 518 kJ 6%, Grassi 0 g 0%, Grassi Saturi 0 g 0%, Grassi Monoinsaturi 0 g 0%, Grassi Polinsaturi 0 g 0%, Carboidrati 4,01 g 2%, Zuccheri 1,17 g 1%, Fibra 0 0%, Proteine 0,1 g 0%, Sale 0,02 g 0%, Colesterolo 0 mg 0%, Potassio 146 mg 7%. <strong>Gradi alcolici:<\/strong> 13% Vol. <strong>Temperatura di servizio:<\/strong> 18-21\u00b0 C.\u00a0 *<\/p>\n","protected":false},"featured_media":22139,"template":"","meta":[],"product_brand":[],"product_cat":[186],"product_tag":[252],"class_list":{"0":"post-22138","1":"product","2":"type-product","3":"status-publish","4":"has-post-thumbnail","6":"product_cat-vini-birre-e-aceti","7":"product_tag-borgunto","9":"first","10":"instock","11":"taxable","12":"shipping-taxable","13":"purchasable","14":"product-type-simple"},"_links":{"self":[{"href":"https:\/\/italiansublimefood.com\/it\/wp-json\/wp\/v2\/product\/22138","targetHints":{"allow":["GET"]}}],"collection":[{"href":"https:\/\/italiansublimefood.com\/it\/wp-json\/wp\/v2\/product"}],"about":[{"href":"https:\/\/italiansublimefood.com\/it\/wp-json\/wp\/v2\/types\/product"}],"wp:featuredmedia":[{"embeddable":true,"href":"https:\/\/italiansublimefood.com\/it\/wp-json\/wp\/v2\/media\/22139"}],"wp:attachment":[{"href":"https:\/\/italiansublimefood.com\/it\/wp-json\/wp\/v2\/media?parent=22138"}],"wp:term":[{"taxonomy":"product_brand","embeddable":true,"href":"https:\/\/italiansublimefood.com\/it\/wp-json\/wp\/v2\/product_brand?post=22138"},{"taxonomy":"product_cat","embeddable":true,"href":"https:\/\/italiansublimefood.com\/it\/wp-json\/wp\/v2\/product_cat?post=22138"},{"taxonomy":"product_tag","embeddable":true,"href":"https:\/\/italiansublimefood.com\/it\/wp-json\/wp\/v2\/product_tag?post=22138"}],"curies":[{"name":"wp","href":"https:\/\/api.w.org\/{rel}","templated":true}]}}